{"id":10708,"date":"2022-02-28T22:01:10","date_gmt":"2022-02-28T21:01:10","guid":{"rendered":"https:\/\/www.polideas.it\/?post_type=product&#038;p=10708"},"modified":"2025-12-09T21:32:24","modified_gmt":"2025-12-09T20:32:24","slug":"niedriger-fus-fur-mobeldesign","status":"publish","type":"product","link":"http:\/\/www.polideas.it\/de\/en-2\/fuse-und-bewegliche-fuse\/niedriger-fus-fur-mobeldesign\/","title":{"rendered":"Fu\u00df niedrig - Fu\u00df f\u00fcr M\u00f6beldesign"},"content":{"rendered":"<p>Um M\u00f6bel und Schr\u00e4nke individuell zu gestalten, ist es ideal, wenn Sie sich f\u00fcr einige <strong>solide und robuste F\u00fc\u00dfe<\/strong>die aber perfekt in den Stil des eigenen Hauses passen.<\/p>\n<p>In der Tat sind die F\u00fc\u00dfe dieses einzigartige und erkennbare Detail, das es erm\u00f6glicht, R\u00e4ume einheitlich zu gestalten, ohne dabei auf Eleganz zu verzichten.<\/p>\n<p><strong>Polideas Plattfu\u00df<\/strong> ist die ideale Erg\u00e4nzung zu den einfachsten und modernsten M\u00f6beln und ist dank seiner L-Form ideal, um das Durcheinander unter den M\u00f6beln zu minimieren und die Reinigung zu erleichtern.<\/p>\n<p>Erh\u00e4ltlich in der Farbe Aluminium-Effekt, <strong>Low hat eine Gr\u00f6\u00dfe von 24 x 24 mm und eine H\u00f6he von 115 mm.<\/strong><\/p>","protected":false},"excerpt":{"rendered":"<p>Um M\u00f6beln und Schr\u00e4nken eine pers\u00f6nliche Note zu verleihen, ist es ideal, sich f\u00fcr F\u00fc\u00dfe zu entscheiden, die solide und robust sind und dennoch perfekt zum Stil Ihrer Wohnung passen. F\u00fc\u00dfe sind ein einzigartiges und wiedererkennbares Detail, mit dem Sie R\u00e4ume vereinheitlichen k\u00f6nnen, ohne auf Eleganz zu verzichten. Piedino Low von Polideas ist die ideale Erg\u00e4nzung zu den wichtigsten M\u00f6beln und [...]","protected":false},"featured_media":13859,"comment_status":"closed","ping_status":"closed","template":"","meta":{"_acf_changed":false},"product_brand":[],"product_cat":[58],"product_tag":[3358,3359,3360,3361,3362,3363,3364],"class_list":{"0":"post-10708","1":"product","2":"type-product","3":"status-publish","4":"has-post-thumbnail","6":"product_cat-piedini-e-piedi-mobili","7":"product_tag-piede-per-mobile","8":"product_tag-piedini-per-mobili","9":"product_tag-piedino-design-mobile","10":"product_tag-piedino-mobile","11":"product_tag-piedino-mobile-cucina","12":"product_tag-piedino-mobile-salotto","13":"product_tag-piedino-mobile-soggiorno","15":"first","16":"instock","17":"taxable","18":"shipping-taxable","19":"purchasable","20":"product-type-simple"},"acf":[],"_links":{"self":[{"href":"http:\/\/www.polideas.it\/de\/wp-json\/wp\/v2\/product\/10708","targetHints":{"allow":["GET"]}}],"collection":[{"href":"http:\/\/www.polideas.it\/de\/wp-json\/wp\/v2\/product"}],"about":[{"href":"http:\/\/www.polideas.it\/de\/wp-json\/wp\/v2\/types\/product"}],"replies":[{"embeddable":true,"href":"http:\/\/www.polideas.it\/de\/wp-json\/wp\/v2\/comments?post=10708"}],"wp:featuredmedia":[{"embeddable":true,"href":"http:\/\/www.polideas.it\/de\/wp-json\/wp\/v2\/media\/13859"}],"wp:attachment":[{"href":"http:\/\/www.polideas.it\/de\/wp-json\/wp\/v2\/media?parent=10708"}],"wp:term":[{"taxonomy":"product_brand","embeddable":true,"href":"http:\/\/www.polideas.it\/de\/wp-json\/wp\/v2\/product_brand?post=10708"},{"taxonomy":"product_cat","embeddable":true,"href":"http:\/\/www.polideas.it\/de\/wp-json\/wp\/v2\/product_cat?post=10708"},{"taxonomy":"product_tag","embeddable":true,"href":"http:\/\/www.polideas.it\/de\/wp-json\/wp\/v2\/product_tag?post=10708"}],"curies":[{"name":"wp","href":"https:\/\/api.w.org\/{rel}","templated":true}]}}