{"id":10710,"date":"2022-02-28T22:01:11","date_gmt":"2022-02-28T21:01:11","guid":{"rendered":"https:\/\/www.polideas.it\/?post_type=product&#038;p=10710"},"modified":"2025-01-29T11:21:28","modified_gmt":"2025-01-29T10:21:28","slug":"profil-b-mittel-griff-mobile-design-griff","status":"publish","type":"product","link":"http:\/\/www.polideas.it\/de\/en-2\/wohnzimmer-knopfe-griffe\/profil-b-mittel-griff-mobile-design-griff\/","title":{"rendered":"Griffprofil B Medium - Mobiler Design-Griff"},"content":{"rendered":"<p>Geometrisch, essentiell und kompakt: So ist das <strong>Griff<\/strong> <strong>Profil B Mittel<\/strong> <strong>von Polideas<\/strong>.<\/p>\n<p>Profile B Medium kombiniert Stil mit praktischem Nutzen und ist f\u00fcr all diejenigen gedacht, die ihre Schlafzimmer-, Eingangs- und Wohnbereichsm\u00f6bel auf minimalistische Art und Weise gestalten m\u00f6chten, um das Durcheinander zu minimieren und gleichzeitig ein <strong>raffinierten Stil und einen ergonomischen und sicheren Griff.<\/strong><\/p>\n<p>Erh\u00e4ltlich im <strong>Aluminium-Effekt-Finish<\/strong>hat eine Breite von 150 mm und eine H\u00f6he von nur 9 mm. Damit ist es die ideale Erg\u00e4nzung, um kleinen M\u00f6belst\u00fccken in der Wohnung, insbesondere Schubladen und Kommoden, neues Leben einzuhauchen.<\/p>\n<p>La <strong>Griff Profil B Medium <\/strong>ist das Ergebnis kontinuierlicher Forschung in Kombination mit der f\u00fcr Made in Italy typischen Sorgfalt. Es wird aus hochwertigen Materialien hergestellt, um jederzeit maximale Sicherheit zu gew\u00e4hrleisten.<\/p>","protected":false},"excerpt":{"rendered":"<p>Geometrica, essenziale e compatta: si presenta cos\u00ec la maniglia Profile B Medium di Polideas. Coniugando stile e praticit\u00e0 d\u2019uso, Profile B Medium \u00e8 dedicata a chi desidera personalizzare i mobili della camera da letto, dell\u2019ingresso e della zona living in maniera essenziale, riducendo al minimo gli ingombri pur mantenendo uno stile raffinato ed una presa [&#8230;]\n","protected":false},"featured_media":14595,"comment_status":"closed","ping_status":"closed","template":"","meta":{"_acf_changed":false},"product_brand":[],"product_cat":[47],"product_tag":[3149,3151,3173,3174,3209,3205,3152,3153,3175,3156,3176,3100,3159,3160,3211,3177,3178,3179],"class_list":{"0":"post-10710","1":"product","2":"type-product","3":"status-publish","4":"has-post-thumbnail","6":"product_cat-maniglie-pomelli-camera-soggiorno","7":"product_tag-maniglia","8":"product_tag-maniglia-anta-mobile","9":"product_tag-maniglia-anta-mobile-soggiorno","10":"product_tag-maniglia-anta-soggiorno","11":"product_tag-maniglia-arredo","12":"product_tag-maniglia-camera","13":"product_tag-maniglia-cassettiera","14":"product_tag-maniglia-cassetto","15":"product_tag-maniglia-cassetto-soggiorno","16":"product_tag-maniglia-design","17":"product_tag-maniglia-interasse-128mm","18":"product_tag-maniglia-mobile","19":"product_tag-maniglia-mobile-al-miglior-prezzo","20":"product_tag-maniglia-mobile-arredamento","21":"product_tag-maniglia-mobile-camera","22":"product_tag-maniglia-mobile-soggiorno","23":"product_tag-maniglia-per-mobile-soggiorno","24":"product_tag-maniglia-soggiorno","26":"first","27":"instock","28":"taxable","29":"shipping-taxable","30":"purchasable","31":"product-type-simple"},"acf":[],"_links":{"self":[{"href":"http:\/\/www.polideas.it\/de\/wp-json\/wp\/v2\/product\/10710","targetHints":{"allow":["GET"]}}],"collection":[{"href":"http:\/\/www.polideas.it\/de\/wp-json\/wp\/v2\/product"}],"about":[{"href":"http:\/\/www.polideas.it\/de\/wp-json\/wp\/v2\/types\/product"}],"replies":[{"embeddable":true,"href":"http:\/\/www.polideas.it\/de\/wp-json\/wp\/v2\/comments?post=10710"}],"wp:featuredmedia":[{"embeddable":true,"href":"http:\/\/www.polideas.it\/de\/wp-json\/wp\/v2\/media\/14595"}],"wp:attachment":[{"href":"http:\/\/www.polideas.it\/de\/wp-json\/wp\/v2\/media?parent=10710"}],"wp:term":[{"taxonomy":"product_brand","embeddable":true,"href":"http:\/\/www.polideas.it\/de\/wp-json\/wp\/v2\/product_brand?post=10710"},{"taxonomy":"product_cat","embeddable":true,"href":"http:\/\/www.polideas.it\/de\/wp-json\/wp\/v2\/product_cat?post=10710"},{"taxonomy":"product_tag","embeddable":true,"href":"http:\/\/www.polideas.it\/de\/wp-json\/wp\/v2\/product_tag?post=10710"}],"curies":[{"name":"wp","href":"https:\/\/api.w.org\/{rel}","templated":true}]}}