{"id":10714,"date":"2022-02-28T22:01:11","date_gmt":"2022-02-28T21:01:11","guid":{"rendered":"https:\/\/www.polideas.it\/?post_type=product&#038;p=10714"},"modified":"2025-02-04T15:07:00","modified_gmt":"2025-02-04T14:07:00","slug":"design-schrankgriff-80a-silberfarben","status":"publish","type":"product","link":"http:\/\/www.polideas.it\/de\/en-2\/badknopfe-griffe\/design-schrankgriff-80a-silberfarben\/","title":{"rendered":"M\u00f6belgriff Design 80A - Silber Finish"},"content":{"rendered":"<p><strong>Handgriff 80A Silber-Effekt von Polideas<\/strong>die perfekte Erg\u00e4nzung f\u00fcr alle, die ein raffiniertes Detail f\u00fcr ihre Kommode suchen.<\/p>\n<p>F\u00fcr alle, die ihre Wohn- oder Schlafzimmerm\u00f6bel einzigartig und besonders gestalten und ihnen einen ausgesprochen modernen Look verleihen m\u00f6chten,<strong>\u00a0<\/strong>ist der ideale Griff, um M\u00f6beln einen modernen Touch zu verleihen.<\/p>\n<p>Er passt perfekt zu dunklen Holzm\u00f6beln, aber auch zu modernen, lackierten M\u00f6beln, denen man einen v\u00f6llig unerwarteten modernen Touch verleihen m\u00f6chte.<\/p>","protected":false},"excerpt":{"rendered":"<p>Maniglia 80A Effetto argento di Polideas, complemento perfetto di chi cerca il dettaglio ricercato per la tua cassettiera. Dedicato a chi desidera rendere unici e speciali i mobili del salotto o della camera da letto, conferendogli un aspetto decisamente moderno,\u00a0\u00e8 la maniglia ideale per dare un tocco di modernit\u00e0 ai mobili. Si sposa alla perfezione [&#8230;]\n","protected":false},"featured_media":13806,"comment_status":"closed","ping_status":"closed","template":"","meta":{"_acf_changed":false},"product_brand":[],"product_cat":[62,47],"product_tag":[3201,3302,3153,3284,3198,3100,3285,3303,3177,3304,3305,3306,3179],"class_list":{"0":"post-10714","1":"product","2":"type-product","3":"status-publish","4":"has-post-thumbnail","6":"product_cat-maniglie-pomelli-bagno","7":"product_cat-maniglie-pomelli-camera-soggiorno","8":"product_tag-maniglia-anta-mobili","9":"product_tag-maniglia-argentata-mobile","10":"product_tag-maniglia-cassetto","11":"product_tag-maniglia-effetto-argento","12":"product_tag-maniglia-interasse-64mm","13":"product_tag-maniglia-mobile","14":"product_tag-maniglia-mobile-design","15":"product_tag-maniglia-mobile-effetto-alluminio","16":"product_tag-maniglia-mobile-soggiorno","17":"product_tag-maniglia-moderna","18":"product_tag-maniglia-per-mobili","19":"product_tag-maniglia-per-mobili-argento","20":"product_tag-maniglia-soggiorno","22":"first","23":"instock","24":"taxable","25":"shipping-taxable","26":"purchasable","27":"product-type-simple"},"acf":[],"_links":{"self":[{"href":"http:\/\/www.polideas.it\/de\/wp-json\/wp\/v2\/product\/10714","targetHints":{"allow":["GET"]}}],"collection":[{"href":"http:\/\/www.polideas.it\/de\/wp-json\/wp\/v2\/product"}],"about":[{"href":"http:\/\/www.polideas.it\/de\/wp-json\/wp\/v2\/types\/product"}],"replies":[{"embeddable":true,"href":"http:\/\/www.polideas.it\/de\/wp-json\/wp\/v2\/comments?post=10714"}],"wp:featuredmedia":[{"embeddable":true,"href":"http:\/\/www.polideas.it\/de\/wp-json\/wp\/v2\/media\/13806"}],"wp:attachment":[{"href":"http:\/\/www.polideas.it\/de\/wp-json\/wp\/v2\/media?parent=10714"}],"wp:term":[{"taxonomy":"product_brand","embeddable":true,"href":"http:\/\/www.polideas.it\/de\/wp-json\/wp\/v2\/product_brand?post=10714"},{"taxonomy":"product_cat","embeddable":true,"href":"http:\/\/www.polideas.it\/de\/wp-json\/wp\/v2\/product_cat?post=10714"},{"taxonomy":"product_tag","embeddable":true,"href":"http:\/\/www.polideas.it\/de\/wp-json\/wp\/v2\/product_tag?post=10714"}],"curies":[{"name":"wp","href":"https:\/\/api.w.org\/{rel}","templated":true}]}}