{"id":10716,"date":"2022-02-28T22:01:11","date_gmt":"2022-02-28T21:01:11","guid":{"rendered":"https:\/\/www.polideas.it\/?post_type=product&#038;p=10716"},"modified":"2024-12-19T23:08:36","modified_gmt":"2024-12-19T22:08:36","slug":"komposit-besteckkasten-fur-die-kuchenschublade","status":"publish","type":"product","link":"http:\/\/www.polideas.it\/de\/en-2\/einrichtungsgegenstande\/komposit-besteckkasten-fur-die-kuchenschublade\/","title":{"rendered":"Composit Besteckkasten - K\u00fcchenschubladen-Organizer"},"content":{"rendered":"","protected":false},"excerpt":{"rendered":"<p>Hier ist die perfekte Erg\u00e4nzung, um kleines Geschirr wie Besteck oder kleine K\u00fcchenutensilien immer ordentlich aufzubewahren: die <strong>Komposit-Besteckkasten von Polideas.<\/strong><\/p>\n<p>Mit seinem unverzichtbaren Stil und seiner unschlagbaren Praktikabilit\u00e4t hat er <strong>5 praktische F\u00e4cher<\/strong> in verschiedenen Gr\u00f6\u00dfen zur Aufbewahrung von Messern, Gabeln, L\u00f6ffeln und Teel\u00f6ffeln, wobei diese ordentlich und getrennt voneinander aufbewahrt werden.<\/p>\n<p>Perfekt f\u00fcr die Sp\u00fcle, das <strong>Komposit-Besteckkasten<\/strong> ist auch ideal, um es in der K\u00fcchenschublade aufzubewahren und bei Bedarf herauszuziehen.<\/p>\n<p>Der elegante Schirm mit Metalleffekt ist au\u00dferdem sehr ger\u00e4umig und <strong>kann zwischen 40 und 45 Besteckteile aufnehmen<\/strong>.<\/p>","protected":false},"featured_media":3251,"comment_status":"closed","ping_status":"closed","template":"","meta":{"_acf_changed":false},"product_brand":[],"product_cat":[2012],"product_tag":[3414,3415,3416,3417,3418,3419,3420,3421,3422,3423,3424],"class_list":{"0":"post-10716","1":"product","2":"type-product","3":"status-publish","4":"has-post-thumbnail","6":"product_cat-complementi-di-arredo","7":"product_tag-accessori-cassetti-cucina","8":"product_tag-box-cassettiera","9":"product_tag-box-prodotti-bagno-cassetto","10":"product_tag-contenitore-prodotti-cucina-cassetto","11":"product_tag-divisori-cassetto-cucina","12":"product_tag-divisorio-cassetto","13":"product_tag-organizer-cassetto","14":"product_tag-organizer-cassetto-cucina","15":"product_tag-organizer-per-cassetti","16":"product_tag-porta-posate","17":"product_tag-portaposate","19":"first","20":"instock","21":"taxable","22":"shipping-taxable","23":"purchasable","24":"product-type-simple"},"acf":[],"_links":{"self":[{"href":"http:\/\/www.polideas.it\/de\/wp-json\/wp\/v2\/product\/10716","targetHints":{"allow":["GET"]}}],"collection":[{"href":"http:\/\/www.polideas.it\/de\/wp-json\/wp\/v2\/product"}],"about":[{"href":"http:\/\/www.polideas.it\/de\/wp-json\/wp\/v2\/types\/product"}],"replies":[{"embeddable":true,"href":"http:\/\/www.polideas.it\/de\/wp-json\/wp\/v2\/comments?post=10716"}],"wp:featuredmedia":[{"embeddable":true,"href":"http:\/\/www.polideas.it\/de\/wp-json\/wp\/v2\/media\/3251"}],"wp:attachment":[{"href":"http:\/\/www.polideas.it\/de\/wp-json\/wp\/v2\/media?parent=10716"}],"wp:term":[{"taxonomy":"product_brand","embeddable":true,"href":"http:\/\/www.polideas.it\/de\/wp-json\/wp\/v2\/product_brand?post=10716"},{"taxonomy":"product_cat","embeddable":true,"href":"http:\/\/www.polideas.it\/de\/wp-json\/wp\/v2\/product_cat?post=10716"},{"taxonomy":"product_tag","embeddable":true,"href":"http:\/\/www.polideas.it\/de\/wp-json\/wp\/v2\/product_tag?post=10716"}],"curies":[{"name":"wp","href":"https:\/\/api.w.org\/{rel}","templated":true}]}}