{"id":10722,"date":"2022-02-28T22:01:12","date_gmt":"2022-02-28T21:01:12","guid":{"rendered":"https:\/\/www.polideas.it\/?post_type=product&#038;p=10722"},"modified":"2025-02-03T10:34:39","modified_gmt":"2025-02-03T09:34:39","slug":"weis-lackierter-design-regaltrager","status":"publish","type":"product","link":"http:\/\/www.polideas.it\/de\/en-2\/einrichtungsgegenstande\/weis-lackierter-design-regaltrager\/","title":{"rendered":"Regalhalterung - Design Regalhalterung - Wei\u00df lackiert"},"content":{"rendered":"<p><strong>Die Regale<\/strong> sind seit jeher die besten Verb\u00fcndeten derjenigen, die ihr Haus stilvoll einrichten, dabei aber darauf achten, den Raum optimal zu nutzen.<\/p>\n<p>Inspiriert von den Bed\u00fcrfnissen der Verbraucher hat die <strong>Regalunterst\u00fctzung durch Polideas<\/strong>Die ideale Erg\u00e4nzung, um die Regale in Ihrer Wohnung individuell zu gestalten, vor allem, wenn sie von einem modernen und essentiellen Stil gepr\u00e4gt sind.<\/p>\n<p>Verf\u00fcgbar in <strong>Aluminiumeffekt, satiniertes Glas mit Opaleffekt und wei\u00df lackierte Oberfl\u00e4chen, <\/strong>ist ideal, um die Einrichtung von Wohnzimmern, Lounges und Schlafzimmern zu vervollst\u00e4ndigen und die R\u00e4ume auf raffinierte und essentielle Weise zu gestalten.<\/p>","protected":false},"excerpt":{"rendered":"<p>Regale sind seit jeher die besten Verb\u00fcndeten f\u00fcr diejenigen, die ihr Zuhause stilvoll einrichten und dabei den Platz optimal nutzen m\u00f6chten. Inspiriert von den Bed\u00fcrfnissen der Verbraucher entstand die Regalhalterung von Polideas: das ideale Accessoire, um die Regale zu Hause individuell zu gestalten, insbesondere wenn sie sich durch einen modernen Stil auszeichnen und [\u2026]","protected":false},"featured_media":13973,"comment_status":"closed","ping_status":"closed","template":"","meta":{"_acf_changed":false},"product_brand":[],"product_cat":[2012],"product_tag":[3447,3448,3449,3450,3451],"class_list":{"0":"post-10722","1":"product","2":"type-product","3":"status-publish","4":"has-post-thumbnail","6":"product_cat-complementi-di-arredo","7":"product_tag-reggi-mensola-camera","8":"product_tag-reggi-mensola-soggiorno","9":"product_tag-reggimensola-arredo","10":"product_tag-reggimensola-cameretta","11":"product_tag-reggimensola-design","13":"first","14":"instock","15":"taxable","16":"shipping-taxable","17":"purchasable","18":"product-type-simple"},"acf":[],"_links":{"self":[{"href":"http:\/\/www.polideas.it\/de\/wp-json\/wp\/v2\/product\/10722","targetHints":{"allow":["GET"]}}],"collection":[{"href":"http:\/\/www.polideas.it\/de\/wp-json\/wp\/v2\/product"}],"about":[{"href":"http:\/\/www.polideas.it\/de\/wp-json\/wp\/v2\/types\/product"}],"replies":[{"embeddable":true,"href":"http:\/\/www.polideas.it\/de\/wp-json\/wp\/v2\/comments?post=10722"}],"wp:featuredmedia":[{"embeddable":true,"href":"http:\/\/www.polideas.it\/de\/wp-json\/wp\/v2\/media\/13973"}],"wp:attachment":[{"href":"http:\/\/www.polideas.it\/de\/wp-json\/wp\/v2\/media?parent=10722"}],"wp:term":[{"taxonomy":"product_brand","embeddable":true,"href":"http:\/\/www.polideas.it\/de\/wp-json\/wp\/v2\/product_brand?post=10722"},{"taxonomy":"product_cat","embeddable":true,"href":"http:\/\/www.polideas.it\/de\/wp-json\/wp\/v2\/product_cat?post=10722"},{"taxonomy":"product_tag","embeddable":true,"href":"http:\/\/www.polideas.it\/de\/wp-json\/wp\/v2\/product_tag?post=10722"}],"curies":[{"name":"wp","href":"https:\/\/api.w.org\/{rel}","templated":true}]}}