{"id":10725,"date":"2022-02-28T22:01:34","date_gmt":"2022-02-28T21:01:34","guid":{"rendered":"https:\/\/www.polideas.it\/?post_type=product&#038;p=10725"},"modified":"2026-03-10T12:10:09","modified_gmt":"2026-03-10T11:10:09","slug":"badezimmerschrank-mit-2-fachern-und-schublade","status":"publish","type":"product","link":"http:\/\/www.polideas.it\/de\/en-2\/badknopfe-griffe\/badezimmerschrank-mit-2-fachern-und-schublade\/","title":{"rendered":"Badezimmerschrank mit 2 F\u00e4chern - bathroom cabinet drawer organizer"},"content":{"rendered":"<p>Hier ist die perfekte Erg\u00e4nzung, um Ihre Accessoires und Toilettenartikel, aber auch Ihr Make-up, jederzeit ordentlich aufzubewahren: die <strong>Badezimmer mit 2 F\u00e4chern von Polideas.<\/strong><\/p>\n<p>Mit seinem unverzichtbaren Stil und seiner unschlagbaren Praktikabilit\u00e4t hat er <strong>2 gro\u00dfe und praktische F\u00e4cher<\/strong> in verschiedenen Gr\u00f6\u00dfen, in denen Sie Seifen, Hygieneartikel und kleine Accessoires aufbewahren k\u00f6nnen, w\u00e4hrend Sie sie ordentlich und getrennt voneinander aufbewahren.<\/p>\n<p>Perfekt, um ihn auf dem Waschbecken oder auf dem Badewannenrand immer griffbereit zu haben, ist der <strong>Badezimmer 2 F\u00e4cher<\/strong> ist auch ideal, um es in Schubladen zu verstauen und bei Bedarf herauszuziehen.<\/p>\n<p>Der elegante, transparente Schirm mit Rauchglaseffekt ist ger\u00e4umig und nimmt dank einer Breite von 300 mm wenig Platz ein.<\/p>","protected":false},"excerpt":{"rendered":"<p>Ecco il complemento perfetto per tenere sempre in ordine gli accessori e i prodotti da bagno, ma anche il make up: \u00e8 il box bagno 2 comparti di Polideas. Con uno stile essenziale e una praticit\u00e0 imbattibile, ha 2 ampi e comodi comparti di differenti dimensioni dove riporre saponi, prodotti per l\u2019igiene e piccoli accessori, [&#8230;]\n","protected":false},"featured_media":3387,"comment_status":"closed","ping_status":"closed","template":"","meta":{"_acf_changed":false},"product_brand":[],"product_cat":[2012,62],"product_tag":[3456,3415,3457,3416,3458,3459,3460,3419,3461,3422,3462,3463],"class_list":{"0":"post-10725","1":"product","2":"type-product","3":"status-publish","4":"has-post-thumbnail","6":"product_cat-complementi-di-arredo","7":"product_cat-maniglie-pomelli-bagno","8":"product_tag-accessori-cassetti-bagno","9":"product_tag-box-cassettiera","10":"product_tag-box-cassetto","11":"product_tag-box-prodotti-bagno-cassetto","12":"product_tag-contenitore-prodotti-bagno-cassetto","13":"product_tag-divisori-cassetti-bagno","14":"product_tag-divisori-cassetto-bagno","15":"product_tag-divisorio-cassetto","16":"product_tag-organizer-cassetto-bagno","17":"product_tag-organizer-per-cassetti","18":"product_tag-organizzatore-cassetto","19":"product_tag-suddivisore-cassetto","21":"first","22":"instock","23":"taxable","24":"shipping-taxable","25":"purchasable","26":"product-type-simple"},"acf":[],"_links":{"self":[{"href":"http:\/\/www.polideas.it\/de\/wp-json\/wp\/v2\/product\/10725","targetHints":{"allow":["GET"]}}],"collection":[{"href":"http:\/\/www.polideas.it\/de\/wp-json\/wp\/v2\/product"}],"about":[{"href":"http:\/\/www.polideas.it\/de\/wp-json\/wp\/v2\/types\/product"}],"replies":[{"embeddable":true,"href":"http:\/\/www.polideas.it\/de\/wp-json\/wp\/v2\/comments?post=10725"}],"wp:featuredmedia":[{"embeddable":true,"href":"http:\/\/www.polideas.it\/de\/wp-json\/wp\/v2\/media\/3387"}],"wp:attachment":[{"href":"http:\/\/www.polideas.it\/de\/wp-json\/wp\/v2\/media?parent=10725"}],"wp:term":[{"taxonomy":"product_brand","embeddable":true,"href":"http:\/\/www.polideas.it\/de\/wp-json\/wp\/v2\/product_brand?post=10725"},{"taxonomy":"product_cat","embeddable":true,"href":"http:\/\/www.polideas.it\/de\/wp-json\/wp\/v2\/product_cat?post=10725"},{"taxonomy":"product_tag","embeddable":true,"href":"http:\/\/www.polideas.it\/de\/wp-json\/wp\/v2\/product_tag?post=10725"}],"curies":[{"name":"wp","href":"https:\/\/api.w.org\/{rel}","templated":true}]}}