{"id":10727,"date":"2022-02-28T22:01:34","date_gmt":"2022-02-28T21:01:34","guid":{"rendered":"https:\/\/www.polideas.it\/?post_type=product&#038;p=10727"},"modified":"2026-03-10T12:10:09","modified_gmt":"2026-03-10T11:10:09","slug":"groser-3-fach-organisationsschubladen-badeschrank","status":"publish","type":"product","link":"http:\/\/www.polideas.it\/de\/en-2\/badknopfe-griffe\/groser-3-fach-organisationsschubladen-badeschrank\/","title":{"rendered":"BIG Badezimmerschrank mit 3 F\u00e4chern - Badezimmerschrank Schubladenorganisator"},"content":{"rendered":"<p>Hier ist die perfekte Erg\u00e4nzung, um Ihre Accessoires und Toilettenartikel, aber auch Ihr Make-up, jederzeit ordentlich aufzubewahren: die <strong>BIG Badezimmerkabine mit 3 F\u00e4chern von Polideas.<\/strong><\/p>\n<p>Mit seinem unverzichtbaren Stil und seiner unschlagbaren Praktikabilit\u00e4t hat er <strong>3 ger\u00e4umige und komfortable F\u00e4cher<\/strong> in verschiedenen Gr\u00f6\u00dfen, in denen Sie Seifen, Hygieneartikel und kleine Accessoires aufbewahren k\u00f6nnen, w\u00e4hrend Sie sie ordentlich und getrennt voneinander aufbewahren.<\/p>\n<p>Perfekt, um ihn auf dem Waschbecken oder auf dem Badewannenrand immer griffbereit zu haben, ist der <strong>BIG 3-Fach-Badezimmerbox<\/strong> ist auch ideal, um es in Schubladen zu verstauen und bei Bedarf herauszuziehen.<\/p>\n<p>Der elegante, transparente Schirm mit Rauchglaseffekt ist ger\u00e4umig und nimmt dank einer Breite von 300 mm wenig Platz ein.<\/p>","protected":false},"excerpt":{"rendered":"<p>Ecco il complemento perfetto per tenere sempre in ordine gli accessori e i prodotti da bagno, ma anche il make up: \u00e8 il box bagno BIG 3 comparti di Polideas. Con uno stile essenziale e una praticit\u00e0 imbattibile, ha 3 ampi e comodi comparti di differenti dimensioni dove riporre saponi, prodotti per l\u2019igiene e piccoli [&#8230;]\n","protected":false},"featured_media":3396,"comment_status":"closed","ping_status":"closed","template":"","meta":{"_acf_changed":false},"product_brand":[],"product_cat":[2012,62],"product_tag":[3456,3415,3416,3458,3459,3460,3419,3461,3422],"class_list":{"0":"post-10727","1":"product","2":"type-product","3":"status-publish","4":"has-post-thumbnail","6":"product_cat-complementi-di-arredo","7":"product_cat-maniglie-pomelli-bagno","8":"product_tag-accessori-cassetti-bagno","9":"product_tag-box-cassettiera","10":"product_tag-box-prodotti-bagno-cassetto","11":"product_tag-contenitore-prodotti-bagno-cassetto","12":"product_tag-divisori-cassetti-bagno","13":"product_tag-divisori-cassetto-bagno","14":"product_tag-divisorio-cassetto","15":"product_tag-organizer-cassetto-bagno","16":"product_tag-organizer-per-cassetti","18":"first","19":"instock","20":"taxable","21":"shipping-taxable","22":"purchasable","23":"product-type-simple"},"acf":[],"_links":{"self":[{"href":"http:\/\/www.polideas.it\/de\/wp-json\/wp\/v2\/product\/10727","targetHints":{"allow":["GET"]}}],"collection":[{"href":"http:\/\/www.polideas.it\/de\/wp-json\/wp\/v2\/product"}],"about":[{"href":"http:\/\/www.polideas.it\/de\/wp-json\/wp\/v2\/types\/product"}],"replies":[{"embeddable":true,"href":"http:\/\/www.polideas.it\/de\/wp-json\/wp\/v2\/comments?post=10727"}],"wp:featuredmedia":[{"embeddable":true,"href":"http:\/\/www.polideas.it\/de\/wp-json\/wp\/v2\/media\/3396"}],"wp:attachment":[{"href":"http:\/\/www.polideas.it\/de\/wp-json\/wp\/v2\/media?parent=10727"}],"wp:term":[{"taxonomy":"product_brand","embeddable":true,"href":"http:\/\/www.polideas.it\/de\/wp-json\/wp\/v2\/product_brand?post=10727"},{"taxonomy":"product_cat","embeddable":true,"href":"http:\/\/www.polideas.it\/de\/wp-json\/wp\/v2\/product_cat?post=10727"},{"taxonomy":"product_tag","embeddable":true,"href":"http:\/\/www.polideas.it\/de\/wp-json\/wp\/v2\/product_tag?post=10727"}],"curies":[{"name":"wp","href":"https:\/\/api.w.org\/{rel}","templated":true}]}}