{"id":10728,"date":"2022-02-28T22:01:34","date_gmt":"2022-02-28T21:01:34","guid":{"rendered":"https:\/\/www.polideas.it\/?post_type=product&#038;p=10728"},"modified":"2025-02-05T08:29:10","modified_gmt":"2025-02-05T07:29:10","slug":"make-up-box-4-schubladen-dream-joy-organizer-grau-finish","status":"publish","type":"product","link":"http:\/\/www.polideas.it\/de\/en-2\/einrichtungsgegenstande\/make-up-box-4-schubladen-dream-joy-organizer-grau-finish\/","title":{"rendered":"Dream Joy 4-Schubladen-Schminkkoffer - Organizer - Grau Finish"},"content":{"rendered":"<div><span class=\"il\">Kommode mit Schubladen<\/span>\u00a0Stabiler Karton mit 4 individuell gestaltbaren Schubladen<\/div>\n<div>Image- und Schaufensterelement, auch geeignet f\u00fcr Unterw\u00e4sche, Schmuck im Allgemeinen, Schreibwaren, Make-up, etc.<\/div>\n<div>Gilt auch als Geschenkgadget.<\/div>\n<div>Gestanzter und beschichteter Karton.<\/div>\n<div><\/div>\n<div>Diese Kommode ist nicht nur perfekt f\u00fcr Make-up, sondern auch f\u00fcr Schmuck, Decoupage-Werkzeuge oder B\u00fcroartikel. Machen Sie sie jetzt zu Ihrer und r\u00e4umen Sie auf, was Sie wollen!<\/div>\n<div>Die Kn\u00f6pfe unserer Schubladen lassen sich mit einer M4-Schraube leicht durch andere Ihrer Wahl ersetzen.<\/div>\n<div><\/div>\n<div>Im Inneren jeder einzelnen Schublade befindet sich unser 908 Organizer mit 3 F\u00e4chern. Um mehr dar\u00fcber zu erfahren, besuchen Sie die folgende Seite <a href=\"https:\/\/www.polideas.it\/it\/maniglie-pomelli-bagno\/box-bagno-3-comparti-908\/\">Link<\/a><\/div>\n<div><\/div>\n<div><a href=\"https:\/\/www.polideas.it\/it\/maniglie-pomelli-bagno\/box-bagno-3-comparti-908\/\">Veranstalter 908<\/a><\/div>\n<div><\/div>\n<div><\/div>\n<div>\n<div>Farbe: Grau<\/div>\n<div>Material: Gestanzter und beschichteter Karton<\/div>\n<div>Gesamtma\u00dfe: 308 x 163 x 232 mm (B x T x H) ohne Kn\u00f6pfe<\/div>\n<div>Produktgewicht: 1 kg<\/div>\n<div>Vollst\u00e4ndig in Italien hergestellt<\/div>\n<\/div>\n<div><\/div>\n<div>Die Fotos in der Galerie dienen nur der Veranschaulichung mit verschiedenen Kn\u00f6pfen und mit eingef\u00fcgten Materialien, die nicht Teil des Verkaufs sind.<\/div>\n<div><\/div>","protected":false},"excerpt":{"rendered":"<p>Cassettiera\u00a0rigida in cartone rivestito con 4 cassetti personalizzabili Elemento d\u2019immagine e vetrina, adatto anche per intimo, gioielleria in genere, cancelleria, trucchi ecc\u2026 Valido anche come gadget da regalo. Cartone intonso fustellato e rivestito. Questa cassettiera \u00e8 perfetta non solo per trucchi, ma anche per gioielli, strumenti per il decoupage o articoli di cancelleria in ufficio. [&#8230;]\n","protected":false},"featured_media":9617,"comment_status":"closed","ping_status":"closed","template":"","meta":{"_acf_changed":false},"product_brand":[],"product_cat":[2012],"product_tag":[3464,3465,3466,3467,3468],"class_list":{"0":"post-10728","1":"product","2":"type-product","3":"status-publish","4":"has-post-thumbnail","6":"product_cat-complementi-di-arredo","7":"product_tag-cassetta-portatrucchi","8":"product_tag-cassettiera","9":"product_tag-cassettiera-4-cassetti","10":"product_tag-cassettiera-portatrucchi","11":"product_tag-organizer","13":"first","14":"instock","15":"taxable","16":"shipping-taxable","17":"purchasable","18":"product-type-simple"},"acf":[],"_links":{"self":[{"href":"http:\/\/www.polideas.it\/de\/wp-json\/wp\/v2\/product\/10728","targetHints":{"allow":["GET"]}}],"collection":[{"href":"http:\/\/www.polideas.it\/de\/wp-json\/wp\/v2\/product"}],"about":[{"href":"http:\/\/www.polideas.it\/de\/wp-json\/wp\/v2\/types\/product"}],"replies":[{"embeddable":true,"href":"http:\/\/www.polideas.it\/de\/wp-json\/wp\/v2\/comments?post=10728"}],"wp:featuredmedia":[{"embeddable":true,"href":"http:\/\/www.polideas.it\/de\/wp-json\/wp\/v2\/media\/9617"}],"wp:attachment":[{"href":"http:\/\/www.polideas.it\/de\/wp-json\/wp\/v2\/media?parent=10728"}],"wp:term":[{"taxonomy":"product_brand","embeddable":true,"href":"http:\/\/www.polideas.it\/de\/wp-json\/wp\/v2\/product_brand?post=10728"},{"taxonomy":"product_cat","embeddable":true,"href":"http:\/\/www.polideas.it\/de\/wp-json\/wp\/v2\/product_cat?post=10728"},{"taxonomy":"product_tag","embeddable":true,"href":"http:\/\/www.polideas.it\/de\/wp-json\/wp\/v2\/product_tag?post=10728"}],"curies":[{"name":"wp","href":"https:\/\/api.w.org\/{rel}","templated":true}]}}