{"id":10730,"date":"2022-02-28T22:01:34","date_gmt":"2022-02-28T21:01:34","guid":{"rendered":"https:\/\/www.polideas.it\/?post_type=product&#038;p=10730"},"modified":"2024-12-19T23:08:39","modified_gmt":"2024-12-19T22:08:39","slug":"weiser-led-bausatz-fur-2-fus-mit-schalter","status":"publish","type":"product","link":"http:\/\/www.polideas.it\/de\/en-2\/fuse-und-bewegliche-fuse\/weiser-led-bausatz-fur-2-fus-mit-schalter\/","title":{"rendered":"Wei\u00dfer LED-Bausatz f\u00fcr 2 F\u00fc\u00dfe mit Schalter"},"content":{"rendered":"","protected":false},"excerpt":{"rendered":"","protected":false},"featured_media":5207,"comment_status":"closed","ping_status":"closed","template":"","meta":{"_acf_changed":false},"product_brand":[],"product_cat":[58],"product_tag":[3475,3476],"class_list":{"0":"post-10730","1":"product","2":"type-product","3":"status-publish","4":"has-post-thumbnail","6":"product_cat-piedini-e-piedi-mobili","7":"product_tag-illuminazione-led-con-telecomando","8":"product_tag-led-illuminazione-piedini-con-telecomando","10":"first","11":"instock","12":"taxable","13":"shipping-taxable","14":"purchasable","15":"product-type-simple"},"acf":[],"_links":{"self":[{"href":"http:\/\/www.polideas.it\/de\/wp-json\/wp\/v2\/product\/10730","targetHints":{"allow":["GET"]}}],"collection":[{"href":"http:\/\/www.polideas.it\/de\/wp-json\/wp\/v2\/product"}],"about":[{"href":"http:\/\/www.polideas.it\/de\/wp-json\/wp\/v2\/types\/product"}],"replies":[{"embeddable":true,"href":"http:\/\/www.polideas.it\/de\/wp-json\/wp\/v2\/comments?post=10730"}],"wp:featuredmedia":[{"embeddable":true,"href":"http:\/\/www.polideas.it\/de\/wp-json\/wp\/v2\/media\/5207"}],"wp:attachment":[{"href":"http:\/\/www.polideas.it\/de\/wp-json\/wp\/v2\/media?parent=10730"}],"wp:term":[{"taxonomy":"product_brand","embeddable":true,"href":"http:\/\/www.polideas.it\/de\/wp-json\/wp\/v2\/product_brand?post=10730"},{"taxonomy":"product_cat","embeddable":true,"href":"http:\/\/www.polideas.it\/de\/wp-json\/wp\/v2\/product_cat?post=10730"},{"taxonomy":"product_tag","embeddable":true,"href":"http:\/\/www.polideas.it\/de\/wp-json\/wp\/v2\/product_tag?post=10730"}],"curies":[{"name":"wp","href":"https:\/\/api.w.org\/{rel}","templated":true}]}}