{"id":10750,"date":"2022-02-28T22:01:37","date_gmt":"2022-02-28T21:01:37","guid":{"rendered":"https:\/\/www.polideas.it\/?post_type=product&#038;p=10750"},"modified":"2026-01-26T14:55:20","modified_gmt":"2026-01-26T13:55:20","slug":"kinderzimmer-kleiderbugel-pack-multicolor-stab","status":"publish","type":"product","link":"http:\/\/www.polideas.it\/de\/en-2\/kleiderbugel-und-taschen\/kleiderbugel_kinder_leiter\/packen\/kinderzimmer-kleiderbugel-pack-multicolor-stab\/","title":{"rendered":"5er Pack Kinderzimmer Kleiderb\u00fcgel Tondino Multicolour"},"content":{"rendered":"<p>5 Kleiderb\u00fcgel in Fuchsia, Gr\u00fcn, Rot, Gelb und Blau, um Ihr Zuhause mit Farbe zu bereichern.<\/p>\n<p><strong>Der Tondino Kleiderb\u00fcgel<\/strong> ist eine innovative Idee, die speziell f\u00fcr Kinder entwickelt wurde: farbenfroh, einfach und praktisch, sieht er fr\u00f6hlich und freundlich aus und kann \u00fcberall aufgestellt werden.<\/p>\n<p>Mit einem einzigartigen runden Design, <strong>Stab ist sicher<\/strong> weil sie keine Kanten hat.<\/p>\n<p>Es ist auch aus <strong>hypoallergenes Gummi<\/strong> und in voller \u00dcbereinstimmung mit der europ\u00e4ischen REACH-Verordnung, so dass in jeder Situation maximale Sicherheit gew\u00e4hrleistet ist.<\/p>","protected":false},"excerpt":{"rendered":"<p>5 Appendiabiti di colore Fucsia, Verde, Rosso, Giallo, Blu per arricchire la tua casa di colore. L\u2019appendino Tondino \u00e8 un\u2019idea innovativa, pensata appositamente per i bambini: colorato, semplice e pratico, ha un aspetto allegro e simpatico e pu\u00f2 essere posizionato ovunque. Dotato di un esclusivo design arrotondato, Tondino \u00e8 sicuro perch\u00e9 privo di spigoli. \u00c8 [&#8230;]\n","protected":false},"featured_media":5620,"comment_status":"closed","ping_status":"closed","template":"","meta":{"_acf_changed":false},"product_brand":[],"product_cat":[84,443,371],"product_tag":[],"class_list":{"0":"post-10750","1":"product","2":"type-product","3":"status-publish","4":"has-post-thumbnail","6":"product_cat-appendi_abiti-e-borse","7":"product_cat-pack","8":"product_cat-appendi_abiti_bambini_tondino","10":"first","11":"instock","12":"taxable","13":"shipping-taxable","14":"purchasable","15":"product-type-simple"},"acf":[],"_links":{"self":[{"href":"http:\/\/www.polideas.it\/de\/wp-json\/wp\/v2\/product\/10750","targetHints":{"allow":["GET"]}}],"collection":[{"href":"http:\/\/www.polideas.it\/de\/wp-json\/wp\/v2\/product"}],"about":[{"href":"http:\/\/www.polideas.it\/de\/wp-json\/wp\/v2\/types\/product"}],"replies":[{"embeddable":true,"href":"http:\/\/www.polideas.it\/de\/wp-json\/wp\/v2\/comments?post=10750"}],"wp:featuredmedia":[{"embeddable":true,"href":"http:\/\/www.polideas.it\/de\/wp-json\/wp\/v2\/media\/5620"}],"wp:attachment":[{"href":"http:\/\/www.polideas.it\/de\/wp-json\/wp\/v2\/media?parent=10750"}],"wp:term":[{"taxonomy":"product_brand","embeddable":true,"href":"http:\/\/www.polideas.it\/de\/wp-json\/wp\/v2\/product_brand?post=10750"},{"taxonomy":"product_cat","embeddable":true,"href":"http:\/\/www.polideas.it\/de\/wp-json\/wp\/v2\/product_cat?post=10750"},{"taxonomy":"product_tag","embeddable":true,"href":"http:\/\/www.polideas.it\/de\/wp-json\/wp\/v2\/product_tag?post=10750"}],"curies":[{"name":"wp","href":"https:\/\/api.w.org\/{rel}","templated":true}]}}