{"id":10758,"date":"2022-02-28T22:36:53","date_gmt":"2022-02-28T21:36:53","guid":{"rendered":"https:\/\/www.polideas.it\/?post_type=product&#038;p=10758"},"modified":"2025-07-22T22:04:17","modified_gmt":"2025-07-22T20:04:17","slug":"griff-smiley-333-orange-finish-mobelgriff-design","status":"publish","type":"product","link":"http:\/\/www.polideas.it\/de\/en-2\/wohnzimmer-knopfe-griffe\/griff-smiley-333-orange-finish-mobelgriff-design\/","title":{"rendered":"Smiley Griff 333 - Orangefarbenes Finish - Mobiler Design-Griff"},"content":{"rendered":"<p>Der Griff Smiley 333 von Polideas in der Farbe Orange hat eine einfache und intuitive Form, die ideal ist, um den M\u00f6beln in Ihrer Wohnung einen Hauch von Originalit\u00e4t zu verleihen.<\/p>\n<p>Der Griff Smiley 333 eignet sich perfekt f\u00fcr Ihre T\u00fcren oder Schubladen. Er wird sofort zum Star des Raumes und sorgt f\u00fcr einen Hauch von Eleganz und Positivit\u00e4t.<\/p>\n<p>Erh\u00e4ltlich in vier verschiedenen Farbt\u00f6nen: Orange, Wei\u00df, Blau und Fuchsia.<\/p>","protected":false},"excerpt":{"rendered":"<p>La maniglia Smiley 333 di Polideas in finitura Arancio dalla forma semplice e intuitiva, ideale per regalare un tocco di originalit\u00e0 ai mobili della tua casa. Perfetta per le vostre ante o cassetti, la maniglia Smiley 333 diventa subito protagonista della stanza regalando una ventata di eleganza e positivit\u00e0. Disponibile in quattro differenti nuance, Arancio, [&#8230;]\n","protected":false},"featured_media":11859,"comment_status":"closed","ping_status":"closed","template":"","meta":{"_acf_changed":false},"product_brand":[],"product_cat":[24,47],"product_tag":[3149,3200,3151,3173,3174,3307,3152,3153,3175,3308,3156,3293,3176,3100,3309,3159,3160,3189,3177,3178,3310,3311,3179,3162,3312],"class_list":{"0":"post-10758","1":"product","2":"type-product","3":"status-publish","4":"has-post-thumbnail","6":"product_cat-maniglie-pomelli-bambini","7":"product_cat-maniglie-pomelli-camera-soggiorno","8":"product_tag-maniglia","9":"product_tag-maniglia-anta","10":"product_tag-maniglia-anta-mobile","11":"product_tag-maniglia-anta-mobile-soggiorno","12":"product_tag-maniglia-anta-soggiorno","13":"product_tag-maniglia-arredo-moderno","14":"product_tag-maniglia-cassettiera","15":"product_tag-maniglia-cassetto","16":"product_tag-maniglia-cassetto-soggiorno","17":"product_tag-maniglia-cromata-mobile","18":"product_tag-maniglia-design","19":"product_tag-maniglia-design-mobile","20":"product_tag-maniglia-interasse-128mm","21":"product_tag-maniglia-mobile","22":"product_tag-maniglia-mobile-333","23":"product_tag-maniglia-mobile-al-miglior-prezzo","24":"product_tag-maniglia-mobile-arredamento","25":"product_tag-maniglia-mobile-cucina","26":"product_tag-maniglia-mobile-soggiorno","27":"product_tag-maniglia-per-mobile-soggiorno","28":"product_tag-maniglia-polideas","29":"product_tag-maniglia-smiley","30":"product_tag-maniglia-soggiorno","31":"product_tag-maniglie-colorate","32":"product_tag-maniglie-per-mobili","34":"first","35":"instock","36":"taxable","37":"shipping-taxable","38":"purchasable","39":"product-type-simple"},"acf":[],"_links":{"self":[{"href":"http:\/\/www.polideas.it\/de\/wp-json\/wp\/v2\/product\/10758","targetHints":{"allow":["GET"]}}],"collection":[{"href":"http:\/\/www.polideas.it\/de\/wp-json\/wp\/v2\/product"}],"about":[{"href":"http:\/\/www.polideas.it\/de\/wp-json\/wp\/v2\/types\/product"}],"replies":[{"embeddable":true,"href":"http:\/\/www.polideas.it\/de\/wp-json\/wp\/v2\/comments?post=10758"}],"wp:featuredmedia":[{"embeddable":true,"href":"http:\/\/www.polideas.it\/de\/wp-json\/wp\/v2\/media\/11859"}],"wp:attachment":[{"href":"http:\/\/www.polideas.it\/de\/wp-json\/wp\/v2\/media?parent=10758"}],"wp:term":[{"taxonomy":"product_brand","embeddable":true,"href":"http:\/\/www.polideas.it\/de\/wp-json\/wp\/v2\/product_brand?post=10758"},{"taxonomy":"product_cat","embeddable":true,"href":"http:\/\/www.polideas.it\/de\/wp-json\/wp\/v2\/product_cat?post=10758"},{"taxonomy":"product_tag","embeddable":true,"href":"http:\/\/www.polideas.it\/de\/wp-json\/wp\/v2\/product_tag?post=10758"}],"curies":[{"name":"wp","href":"https:\/\/api.w.org\/{rel}","templated":true}]}}