{"id":15832,"date":"2025-02-20T11:06:11","date_gmt":"2025-02-20T10:06:11","guid":{"rendered":"https:\/\/www.polideas.it\/?post_type=product&#038;p=15832"},"modified":"2025-06-29T10:21:31","modified_gmt":"2025-06-29T08:21:31","slug":"pack-8-stuck-schrankgriff-389-rund-polymer-abs","status":"publish","type":"product","link":"http:\/\/www.polideas.it\/de\/en-2\/produkt-kit-set\/pack-8-stuck-schrankgriff-389-rund-polymer-abs\/","title":{"rendered":"Packung mit 8 St\u00fcck Cabinet Handle 389 Round - Polymer Abs"},"content":{"rendered":"<p>Packung mit 8 Griffen<strong>\u00a0Polideas Runde <\/strong>ist der klassische Griff, der durch seine Schlichtheit besticht und in diesem Set inklusive Befestigungsschrauben verkauft wird.<\/p>\n<p>Minimal, Round ist die ideale Erg\u00e4nzung f\u00fcr die Erneuerung von Schlafzimmer-, Eingangs- und Wohnbereichsm\u00f6beln, indem es sich auf eine <strong>einfache, moderne und attraktive Erg\u00e4nzung<\/strong>.<\/p>\n<p>La <strong>Griff Rund <\/strong>ist das Ergebnis kontinuierlicher Forschung in Kombination mit der f\u00fcr Made in Italy typischen Sorgfalt. Es wird aus hochwertigen Materialien hergestellt, um jederzeit maximale Sicherheit zu gew\u00e4hrleisten.<\/p>\n<p data-sourcepos=\"7:1-7:40\"><strong>Warum sollten Sie unsere Griffe w\u00e4hlen?<\/strong><\/p>\n<ul data-sourcepos=\"9:1-13:0\">\n<li data-sourcepos=\"9:1-9:155\"><strong>Einzigartiger Stil<\/strong>: Jeder Griff ist so gestaltet, dass er Ihren M\u00f6beln einen Hauch von Pers\u00f6nlichkeit verleiht, die \u00c4sthetik verbessert und die Einrichtung erg\u00e4nzt.<\/li>\n<li data-sourcepos=\"10:1-10:202\"><strong>Hochwertige Materialien<\/strong>Wir w\u00e4hlen sorgf\u00e4ltig die st\u00e4rksten und haltbarsten Materialien aus, um die Langlebigkeit unserer Griffe zu gew\u00e4hrleisten.<\/li>\n<li data-sourcepos=\"11:1-11:164\"><strong>Designvielfalt<\/strong>Entdecken Sie unsere Kollektion und finden Sie den perfekten Griff f\u00fcr Ihre Bed\u00fcrfnisse. W\u00e4hlen Sie aus verschiedenen Formen, Gr\u00f6\u00dfen, Oberfl\u00e4chen und Farben.<\/li>\n<li data-sourcepos=\"12:1-13:0\"><strong>Einfache Installation<\/strong>: Unsere Griffe sind so konzipiert, dass sie leicht zu montieren sind, so dass Sie Ihre M\u00f6bel schnell und einfach renovieren k\u00f6nnen.<\/li>\n<li data-sourcepos=\"12:1-13:0\"><strong>Hergestellt in Italien<\/strong>Seit \u00fcber 50 Jahren komplett in Italien in unserer Fabrik hergestellt<\/li>\n<li data-sourcepos=\"12:1-13:0\">Inklusive Schrauben. Wir legen unseren Produkten immer Schrauben bei, damit sie an Ihren M\u00f6beln befestigt werden k\u00f6nnen.<\/li>\n<li data-sourcepos=\"12:1-13:0\">CATAS-zertifiziert und in voller \u00dcbereinstimmung mit den europ\u00e4ischen REACH-Vorschriften<\/li>\n<li data-sourcepos=\"12:1-13:0\">Hochwertige Schraubeins\u00e4tze aus Messing und die Handbemalung durch unsere Mitarbeiter verleihen ihm Qualit\u00e4t und Langlebigkeit.<\/li>\n<\/ul>\n<p data-sourcepos=\"21:1-21:45\"><strong>Nicht nur \u00c4sthetik, sondern auch Funktionalit\u00e4t:<\/strong><\/p>\n<p data-sourcepos=\"23:1-23:196\">Unsere Griffe sind nicht nur sch\u00f6n anzusehen, sondern auch ergonomisch und funktionell. Sie sind so konzipiert, dass sie bequem und sicher in der Hand liegen und das \u00d6ffnen und Schlie\u00dfen von T\u00fcren und Schubladen erleichtern.<\/p>\n<p data-sourcepos=\"25:1-25:48\"><strong>Erneuern Sie Ihre M\u00f6bel mit einer einfachen Geste!<\/strong><\/p>\n<p data-sourcepos=\"27:1-27:146\">W\u00e4hlen Sie die Griffe, die Ihnen am besten gefallen und geben Sie Ihren M\u00f6beln einen neuen Look. Entdecken Sie unseren Katalog und lassen Sie sich von unseren Vorschl\u00e4gen inspirieren.<\/p>\n<p>&nbsp;<\/p>","protected":false},"excerpt":{"rendered":"<p>Set mit 8 Schrankgriffen mit kostenlosem Versand f\u00fcr den italienischen Markt.<\/p>","protected":false},"featured_media":13824,"comment_status":"closed","ping_status":"closed","template":"","meta":{"_acf_changed":false},"product_brand":[],"product_cat":[3547,3548],"product_tag":[3553,3552,3179,3555,3556,3554,3312],"class_list":{"0":"post-15832","1":"product","2":"type-product","3":"status-publish","4":"has-post-thumbnail","6":"product_cat-set-kit-prodotti","7":"product_cat-set-maniglie-mobili","8":"product_tag-8-maniglie","9":"product_tag-confezione-maniglie","10":"product_tag-maniglia-soggiorno","11":"product_tag-maniglie-interasse-128mm","12":"product_tag-maniglie-interasse-160-mm","13":"product_tag-maniglie-per-mobile","14":"product_tag-maniglie-per-mobili","15":"product_shipping_class-free","17":"first","18":"instock","19":"taxable","20":"shipping-taxable","21":"purchasable","22":"product-type-variable","23":"has-default-attributes"},"acf":[],"_links":{"self":[{"href":"http:\/\/www.polideas.it\/de\/wp-json\/wp\/v2\/product\/15832","targetHints":{"allow":["GET"]}}],"collection":[{"href":"http:\/\/www.polideas.it\/de\/wp-json\/wp\/v2\/product"}],"about":[{"href":"http:\/\/www.polideas.it\/de\/wp-json\/wp\/v2\/types\/product"}],"replies":[{"embeddable":true,"href":"http:\/\/www.polideas.it\/de\/wp-json\/wp\/v2\/comments?post=15832"}],"wp:featuredmedia":[{"embeddable":true,"href":"http:\/\/www.polideas.it\/de\/wp-json\/wp\/v2\/media\/13824"}],"wp:attachment":[{"href":"http:\/\/www.polideas.it\/de\/wp-json\/wp\/v2\/media?parent=15832"}],"wp:term":[{"taxonomy":"product_brand","embeddable":true,"href":"http:\/\/www.polideas.it\/de\/wp-json\/wp\/v2\/product_brand?post=15832"},{"taxonomy":"product_cat","embeddable":true,"href":"http:\/\/www.polideas.it\/de\/wp-json\/wp\/v2\/product_cat?post=15832"},{"taxonomy":"product_tag","embeddable":true,"href":"http:\/\/www.polideas.it\/de\/wp-json\/wp\/v2\/product_tag?post=15832"}],"curies":[{"name":"wp","href":"https:\/\/api.w.org\/{rel}","templated":true}]}}