{"id":10445,"date":"2022-02-28T21:57:03","date_gmt":"2022-02-28T20:57:03","guid":{"rendered":"https:\/\/www.polideas.it\/?post_type=product&#038;p=10445"},"modified":"2025-09-15T12:01:00","modified_gmt":"2025-09-15T10:01:00","slug":"childrens-mobile-knob-soft-rubber-blue","status":"publish","type":"product","link":"http:\/\/www.polideas.it\/en\/en-2\/childrens-knobs-handles\/childrens-mobile-knob-soft-rubber-blue\/","title":{"rendered":"Children's Soft Knob - Soft rubber blue"},"content":{"rendered":"<p>Very soft, exactly as its name suggests, the <strong>Polideas Soft children's knob<\/strong> looks a bit like a funny megaphone.<\/p>\n<p>With its soft and cheerful spirit, it is perfect to complete the little ones' room with <strong>simplicity and cheerfulness. <\/strong><\/p>\n<p>Try mixing the different shades available - blue, yellow and green soft rubber - to create original and unexpected colour combinations.<\/p>\n<p>Made of soft <strong>hypoallergenic rubber<\/strong> and in full compliance with the European REACH regulation, <strong>the Soft knob<\/strong> is free of sharp edges and guarantees maximum safety in all situations.<\/p>","protected":false},"excerpt":{"rendered":"<p>Morbidissimo, esattamente come suggerisce il suo nome, il pomolo bimbi Soft di Polideas assomiglia un po\u2019 a un simpatico megafono. Con il suo spirito soffice e allegro \u00e8 perfetto per completare la camera dei pi\u00f9 piccoli con semplicit\u00e0 e allegria. Provate a mixare tra di loro le diverse tonalit\u00e0 disponibili, ovvero gomma morbida azzurra, gialla [&#8230;]\n","protected":false},"featured_media":13618,"comment_status":"closed","ping_status":"closed","template":"","meta":{"_acf_changed":false},"product_brand":[],"product_cat":[24],"product_tag":[3119,3120,3112,3113,3114,3121,3122,3123,3115,3116,3124,3117,3118,3125,3126,3127,3128],"class_list":{"0":"post-10445","1":"product","2":"type-product","3":"status-publish","4":"has-post-thumbnail","6":"product_cat-maniglie-pomelli-bambini","7":"product_tag-pomelli-cameretta-bimba","8":"product_tag-pomelli-cameretta-bimbo","9":"product_tag-pomolo","10":"product_tag-pomolo-al-miglior-prezzo","11":"product_tag-pomolo-anta-mobile","12":"product_tag-pomolo-armadio","13":"product_tag-pomolo-bambini","14":"product_tag-pomolo-cameretta-bambini","15":"product_tag-pomolo-cassettiera","16":"product_tag-pomolo-cassetto","17":"product_tag-pomolo-cassetto-bambini","18":"product_tag-pomolo-mobile","19":"product_tag-pomolo-mobile-arredamento","20":"product_tag-pomolo-mobile-ragazza","21":"product_tag-pomolo-mobile-ragazzi","22":"product_tag-pomolo-mobili-bambina","23":"product_tag-pomolo-mobili-bambino","25":"first","26":"instock","27":"taxable","28":"shipping-taxable","29":"purchasable","30":"product-type-simple"},"acf":[],"_links":{"self":[{"href":"http:\/\/www.polideas.it\/en\/wp-json\/wp\/v2\/product\/10445","targetHints":{"allow":["GET"]}}],"collection":[{"href":"http:\/\/www.polideas.it\/en\/wp-json\/wp\/v2\/product"}],"about":[{"href":"http:\/\/www.polideas.it\/en\/wp-json\/wp\/v2\/types\/product"}],"replies":[{"embeddable":true,"href":"http:\/\/www.polideas.it\/en\/wp-json\/wp\/v2\/comments?post=10445"}],"wp:featuredmedia":[{"embeddable":true,"href":"http:\/\/www.polideas.it\/en\/wp-json\/wp\/v2\/media\/13618"}],"wp:attachment":[{"href":"http:\/\/www.polideas.it\/en\/wp-json\/wp\/v2\/media?parent=10445"}],"wp:term":[{"taxonomy":"product_brand","embeddable":true,"href":"http:\/\/www.polideas.it\/en\/wp-json\/wp\/v2\/product_brand?post=10445"},{"taxonomy":"product_cat","embeddable":true,"href":"http:\/\/www.polideas.it\/en\/wp-json\/wp\/v2\/product_cat?post=10445"},{"taxonomy":"product_tag","embeddable":true,"href":"http:\/\/www.polideas.it\/en\/wp-json\/wp\/v2\/product_tag?post=10445"}],"curies":[{"name":"wp","href":"https:\/\/api.w.org\/{rel}","templated":true}]}}