{"id":10458,"date":"2022-02-28T21:57:05","date_gmt":"2022-02-28T20:57:05","guid":{"rendered":"https:\/\/www.polideas.it\/?post_type=product&#038;p=10458"},"modified":"2025-02-19T10:20:46","modified_gmt":"2025-02-19T09:20:46","slug":"childrens-furniture-knob-glazed-glass-effect-light-blue","status":"publish","type":"product","link":"http:\/\/www.polideas.it\/en\/en-2\/childrens-knobs-handles\/childrens-furniture-knob-glazed-glass-effect-light-blue\/","title":{"rendered":"Children's Furniture Knob - Brushed glass effect blue"},"content":{"rendered":"<p>Greedy children unite: the <strong>Children's knob Donut by Polideas<\/strong>!<\/p>\n<p>Inspired by the classic shape of the delicious cake, the <strong>Doughnut knob<\/strong> is designed to replace classic furniture knobs in children's rooms by providing a practical, colourful and, above all, safe solution, as its shape is specially designed for small children.<\/p>\n<p>Available in <strong>frosted glass effect shade<\/strong> light blue, opaline and fuchsia, gives the children's room that touch of sophistication and cheerfulness that makes it unique and pleasant to live in.<\/p>\n<p>Made in full compliance with the European REACH regulation, <strong>the children's knob Ciambella<\/strong> is free of sharp edges and guarantees maximum safety in all situations.<\/p>","protected":false},"excerpt":{"rendered":"<p>Bimbi golosi unitevi: \u00e8 arrivato il pomello bimbi Ciambella di Polideas! Ispirato alla classica forma del goloso dolce, il Pomello Ciambella \u00e8 pensato per sostituire i classici pomelli dei mobili della camera dei bambini fornendo una soluzione pratica, colorata e soprattutto sicura, perch\u00e9 dalla forma studiata appositamente per i pi\u00f9 piccoli. Disponibile nelle tonalit\u00e0 effetto [&#8230;]\n","protected":false},"featured_media":15820,"comment_status":"closed","ping_status":"closed","template":"","meta":{"_acf_changed":false},"product_brand":[],"product_cat":[24],"product_tag":[3119,3120,3112,3113,3114,3121,3122,3123,3115,3116,3124,3117,3118,3125,3126,3127,3128],"class_list":{"0":"post-10458","1":"product","2":"type-product","3":"status-publish","4":"has-post-thumbnail","6":"product_cat-maniglie-pomelli-bambini","7":"product_tag-pomelli-cameretta-bimba","8":"product_tag-pomelli-cameretta-bimbo","9":"product_tag-pomolo","10":"product_tag-pomolo-al-miglior-prezzo","11":"product_tag-pomolo-anta-mobile","12":"product_tag-pomolo-armadio","13":"product_tag-pomolo-bambini","14":"product_tag-pomolo-cameretta-bambini","15":"product_tag-pomolo-cassettiera","16":"product_tag-pomolo-cassetto","17":"product_tag-pomolo-cassetto-bambini","18":"product_tag-pomolo-mobile","19":"product_tag-pomolo-mobile-arredamento","20":"product_tag-pomolo-mobile-ragazza","21":"product_tag-pomolo-mobile-ragazzi","22":"product_tag-pomolo-mobili-bambina","23":"product_tag-pomolo-mobili-bambino","25":"first","26":"instock","27":"taxable","28":"shipping-taxable","29":"purchasable","30":"product-type-simple"},"acf":[],"_links":{"self":[{"href":"http:\/\/www.polideas.it\/en\/wp-json\/wp\/v2\/product\/10458","targetHints":{"allow":["GET"]}}],"collection":[{"href":"http:\/\/www.polideas.it\/en\/wp-json\/wp\/v2\/product"}],"about":[{"href":"http:\/\/www.polideas.it\/en\/wp-json\/wp\/v2\/types\/product"}],"replies":[{"embeddable":true,"href":"http:\/\/www.polideas.it\/en\/wp-json\/wp\/v2\/comments?post=10458"}],"wp:featuredmedia":[{"embeddable":true,"href":"http:\/\/www.polideas.it\/en\/wp-json\/wp\/v2\/media\/15820"}],"wp:attachment":[{"href":"http:\/\/www.polideas.it\/en\/wp-json\/wp\/v2\/media?parent=10458"}],"wp:term":[{"taxonomy":"product_brand","embeddable":true,"href":"http:\/\/www.polideas.it\/en\/wp-json\/wp\/v2\/product_brand?post=10458"},{"taxonomy":"product_cat","embeddable":true,"href":"http:\/\/www.polideas.it\/en\/wp-json\/wp\/v2\/product_cat?post=10458"},{"taxonomy":"product_tag","embeddable":true,"href":"http:\/\/www.polideas.it\/en\/wp-json\/wp\/v2\/product_tag?post=10458"}],"curies":[{"name":"wp","href":"https:\/\/api.w.org\/{rel}","templated":true}]}}