{"id":10470,"date":"2022-02-28T21:57:28","date_gmt":"2022-02-28T20:57:28","guid":{"rendered":"https:\/\/www.polideas.it\/?post_type=product&#038;p=10470"},"modified":"2025-01-29T08:39:33","modified_gmt":"2025-01-29T07:39:33","slug":"omega-kitchen-handle-kitchen-cabinet-handle-smoked-glass-effect-with-polished-chrome-inserts","status":"publish","type":"product","link":"http:\/\/www.polideas.it\/en\/en-2\/kitchen-knobs-handles\/omega-kitchen-handle-kitchen-cabinet-handle-smoked-glass-effect-with-polished-chrome-inserts\/","title":{"rendered":"Kitchen Handle Omega - Kitchen Furniture Handle - Smoked glass effect with polished chrome inserts"},"content":{"rendered":"<p>Geometrically shaped and extremely refined, <strong>the Omega kitchen handle from Polideas<\/strong> is the ideal solution to complete the furniture in this important room of the house and make it more chic with little.<\/p>\n<p>Ergonomic, robust and safe, the <strong>Omega handle<\/strong> is particularly suited to sophisticated and modern environments, giving that extra touch to doors and drawers.<\/p>\n<p>Various colour compositions are available: smoked glass effect with polished chrome inserts; white lacquer with satin glass effect insert and transparent with polished chrome inserts, to meet different style requirements.<\/p>\n<p>With a width of 205 mm and a height of 24 mm, <strong>the Omega handle<\/strong> is extremely easy to assemble, comfortable and reliable.<\/p>","protected":false},"excerpt":{"rendered":"<p>Dalla forma geometrica ed estremamente raffinata, la maniglia cucina Omega di Polideas \u00e8 la soluzione ideale per completare i mobili di questa stanza cos\u00ec importante della casa e renderli pi\u00f9 chic con poco. Ergonomica, robusta e sicura, la maniglia Omega si adatta in particolare agli ambienti pi\u00f9 ricercati e moderni, conferendo quel tocco in pi\u00f9 [&#8230;]\n","protected":false},"featured_media":14509,"comment_status":"closed","ping_status":"closed","template":"","meta":{"_acf_changed":false},"product_brand":[],"product_cat":[37],"product_tag":[3149,3150,3151,3152,3153,3154,3155,3156,3157,3158,3100,3159,3160,3161,3165,3162,3166,3167,3168,3169,3170,3171,3163,3172,3164],"class_list":{"0":"post-10470","1":"product","2":"type-product","3":"status-publish","4":"has-post-thumbnail","6":"product_cat-maniglie-pomelli-cucina","7":"product_tag-maniglia","8":"product_tag-maniglia-anta-cucina","9":"product_tag-maniglia-anta-mobile","10":"product_tag-maniglia-cassettiera","11":"product_tag-maniglia-cassetto","12":"product_tag-maniglia-cassetto-cucina","13":"product_tag-maniglia-cucina","14":"product_tag-maniglia-design","15":"product_tag-maniglia-elegante-cucina","16":"product_tag-maniglia-interasse-160mm","17":"product_tag-maniglia-mobile","18":"product_tag-maniglia-mobile-al-miglior-prezzo","19":"product_tag-maniglia-mobile-arredamento","20":"product_tag-maniglia-per-mobile-cucina","21":"product_tag-maniglie-ante-cucina","22":"product_tag-maniglie-colorate","23":"product_tag-maniglie-cromate","24":"product_tag-maniglie-cromate-cucina","25":"product_tag-maniglie-cromate-per-mobili","26":"product_tag-maniglie-cucina","27":"product_tag-maniglie-cucina-colorate","28":"product_tag-maniglie-cucina-cromate","29":"product_tag-maniglie-mobili-cucina","30":"product_tag-maniglie-per-mobili-cucina","31":"product_tag-maniglie-trasparenti-per-mobili","33":"first","34":"instock","35":"taxable","36":"shipping-taxable","37":"purchasable","38":"product-type-simple"},"acf":[],"_links":{"self":[{"href":"http:\/\/www.polideas.it\/en\/wp-json\/wp\/v2\/product\/10470","targetHints":{"allow":["GET"]}}],"collection":[{"href":"http:\/\/www.polideas.it\/en\/wp-json\/wp\/v2\/product"}],"about":[{"href":"http:\/\/www.polideas.it\/en\/wp-json\/wp\/v2\/types\/product"}],"replies":[{"embeddable":true,"href":"http:\/\/www.polideas.it\/en\/wp-json\/wp\/v2\/comments?post=10470"}],"wp:featuredmedia":[{"embeddable":true,"href":"http:\/\/www.polideas.it\/en\/wp-json\/wp\/v2\/media\/14509"}],"wp:attachment":[{"href":"http:\/\/www.polideas.it\/en\/wp-json\/wp\/v2\/media?parent=10470"}],"wp:term":[{"taxonomy":"product_brand","embeddable":true,"href":"http:\/\/www.polideas.it\/en\/wp-json\/wp\/v2\/product_brand?post=10470"},{"taxonomy":"product_cat","embeddable":true,"href":"http:\/\/www.polideas.it\/en\/wp-json\/wp\/v2\/product_cat?post=10470"},{"taxonomy":"product_tag","embeddable":true,"href":"http:\/\/www.polideas.it\/en\/wp-json\/wp\/v2\/product_tag?post=10470"}],"curies":[{"name":"wp","href":"https:\/\/api.w.org\/{rel}","templated":true}]}}