{"id":10506,"date":"2022-02-28T21:57:54","date_gmt":"2022-02-28T20:57:54","guid":{"rendered":"https:\/\/www.polideas.it\/?post_type=product&#038;p=10506"},"modified":"2025-02-04T18:05:28","modified_gmt":"2025-02-04T17:05:28","slug":"childrens-bedroom-sticker-bear-decoration","status":"publish","type":"product","link":"http:\/\/www.polideas.it\/en\/en-2\/childrens-knobs-handles\/childrens-bedroom-sticker-bear-decoration\/","title":{"rendered":"Baby Bear Sticker Decoration - Children's Room Decoration"},"content":{"rendered":"<p>Do the walls of your children's room seem a little bare and perhaps you would like to make them more cheerful and colourful? Or perhaps you would like to give <strong>touch of novelty<\/strong> even to classic furniture?<\/p>\n<p>The <strong>children's sticker decoration Bear<\/strong> is just the thing for you: it is an adhesive decoration in the shape of a cuddly bear that can be attached to walls, but also on furniture, to give an extra touch of cheerfulness and tenderness.<\/p>\n<p><strong>Polideas adhesive bear<\/strong>in the traditional brownish colour with blue trim, has a sweet and friendly face that your children will love.<\/p>\n<p>Made in full compliance with the European REACH regulation, <strong>children's sticker decoration Bear<\/strong> is free of sharp edges and guarantees maximum safety in all situations.<\/p>","protected":false},"excerpt":{"rendered":"<p>Le pareti della cameretta dei vostri bambini vi sembrano un po\u2019 spoglie e magari desiderate renderle pi\u00f9 allegre e colorate? O magari volete dare un tocco di novit\u00e0 anche ai classici mobili? Il decoro adesivo bimbi Bear \u00e8 proprio quello che fa per voi: si tratta di un decoro adesivo a forma di tenero orsetto [&#8230;]","protected":false},"featured_media":11427,"comment_status":"closed","ping_status":"closed","template":"","meta":{"_acf_changed":false},"product_brand":[],"product_cat":[24],"product_tag":[3213,3214,3215,3216,3217,3218,3219,3119],"class_list":{"0":"post-10506","1":"product","2":"type-product","3":"status-publish","4":"has-post-thumbnail","6":"product_cat-maniglie-pomelli-bambini","7":"product_tag-adesivi-orsetti-cameretta-bimbi","8":"product_tag-adesivo-orsetto","9":"product_tag-decorazioni-camerette-neonati","10":"product_tag-decorazioni-mobili-bambini","11":"product_tag-decoro-cameretta","12":"product_tag-decoro-cassetto-bimbo","13":"product_tag-decoro-orso-stanza-bambini","14":"product_tag-pomelli-cameretta-bimba","16":"first","17":"instock","18":"taxable","19":"shipping-taxable","20":"purchasable","21":"product-type-simple"},"acf":[],"_links":{"self":[{"href":"http:\/\/www.polideas.it\/en\/wp-json\/wp\/v2\/product\/10506","targetHints":{"allow":["GET"]}}],"collection":[{"href":"http:\/\/www.polideas.it\/en\/wp-json\/wp\/v2\/product"}],"about":[{"href":"http:\/\/www.polideas.it\/en\/wp-json\/wp\/v2\/types\/product"}],"replies":[{"embeddable":true,"href":"http:\/\/www.polideas.it\/en\/wp-json\/wp\/v2\/comments?post=10506"}],"wp:featuredmedia":[{"embeddable":true,"href":"http:\/\/www.polideas.it\/en\/wp-json\/wp\/v2\/media\/11427"}],"wp:attachment":[{"href":"http:\/\/www.polideas.it\/en\/wp-json\/wp\/v2\/media?parent=10506"}],"wp:term":[{"taxonomy":"product_brand","embeddable":true,"href":"http:\/\/www.polideas.it\/en\/wp-json\/wp\/v2\/product_brand?post=10506"},{"taxonomy":"product_cat","embeddable":true,"href":"http:\/\/www.polideas.it\/en\/wp-json\/wp\/v2\/product_cat?post=10506"},{"taxonomy":"product_tag","embeddable":true,"href":"http:\/\/www.polideas.it\/en\/wp-json\/wp\/v2\/product_tag?post=10506"}],"curies":[{"name":"wp","href":"https:\/\/api.w.org\/{rel}","templated":true}]}}