{"id":10609,"date":"2022-02-28T21:59:33","date_gmt":"2022-02-28T20:59:33","guid":{"rendered":"https:\/\/www.polideas.it\/?post_type=product&#038;p=10609"},"modified":"2025-02-17T12:07:35","modified_gmt":"2025-02-17T11:07:35","slug":"childrens-furniture-knob-ghost-embossed-fine-white","status":"publish","type":"product","link":"http:\/\/www.polideas.it\/en\/en-2\/childrens-knobs-handles\/childrens-furniture-knob-ghost-embossed-fine-white\/","title":{"rendered":"Ghost - Children's Furniture Knob - Fine Embossed White"},"content":{"rendered":"<p>Dedicated to brave children who are not afraid of ghosts: it is the <strong>Ghost knob by Polideas<\/strong>ideal for giving a touch of personality to children's bedrooms.<\/p>\n<p>With its traditional ghost shape, the <strong>Ghost knob<\/strong> is fun and original, perfect for completing children's bedrooms in a unique way.<\/p>\n<p>Available in fine embossed shades of pink, light blue and green<strong>, Ghost knob<\/strong> can be used with any furnishing style and brings colour to more classic light wood or total white bedroom sets.<\/p>\n<p>Manufactured in full compliance with the European REACH regulation, the Ghost knob has no sharp edges and guarantees maximum safety in every situation.<\/p>","protected":false},"excerpt":{"rendered":"<p>Dedicato ai bambini coraggiosi che non hanno paura dei fantasmi: \u00e8 il Pomolo Ghost di Polideas, l\u2019ideale per dare quel tocco di personalit\u00e0 alle camerette dei pi\u00f9 piccoli. Dalla tradizionale forma a fantasmino, il Pomolo Ghost \u00e8 divertente e originale, perfetto per completare le camerette dei bambini in modo unico. Disponibile nelle tonalit\u00e0 goffrato fine [&#8230;]\n","protected":false},"featured_media":15771,"comment_status":"closed","ping_status":"closed","template":"","meta":{"_acf_changed":false},"product_brand":[],"product_cat":[24],"product_tag":[3119,3120,3112,3113,3114,3121,3122,3123,3115,3116,3124,3117,3118,3125,3126,3127,3128],"class_list":{"0":"post-10609","1":"product","2":"type-product","3":"status-publish","4":"has-post-thumbnail","6":"product_cat-maniglie-pomelli-bambini","7":"product_tag-pomelli-cameretta-bimba","8":"product_tag-pomelli-cameretta-bimbo","9":"product_tag-pomolo","10":"product_tag-pomolo-al-miglior-prezzo","11":"product_tag-pomolo-anta-mobile","12":"product_tag-pomolo-armadio","13":"product_tag-pomolo-bambini","14":"product_tag-pomolo-cameretta-bambini","15":"product_tag-pomolo-cassettiera","16":"product_tag-pomolo-cassetto","17":"product_tag-pomolo-cassetto-bambini","18":"product_tag-pomolo-mobile","19":"product_tag-pomolo-mobile-arredamento","20":"product_tag-pomolo-mobile-ragazza","21":"product_tag-pomolo-mobile-ragazzi","22":"product_tag-pomolo-mobili-bambina","23":"product_tag-pomolo-mobili-bambino","25":"first","26":"instock","27":"taxable","28":"shipping-taxable","29":"purchasable","30":"product-type-simple"},"acf":[],"_links":{"self":[{"href":"http:\/\/www.polideas.it\/en\/wp-json\/wp\/v2\/product\/10609","targetHints":{"allow":["GET"]}}],"collection":[{"href":"http:\/\/www.polideas.it\/en\/wp-json\/wp\/v2\/product"}],"about":[{"href":"http:\/\/www.polideas.it\/en\/wp-json\/wp\/v2\/types\/product"}],"replies":[{"embeddable":true,"href":"http:\/\/www.polideas.it\/en\/wp-json\/wp\/v2\/comments?post=10609"}],"wp:featuredmedia":[{"embeddable":true,"href":"http:\/\/www.polideas.it\/en\/wp-json\/wp\/v2\/media\/15771"}],"wp:attachment":[{"href":"http:\/\/www.polideas.it\/en\/wp-json\/wp\/v2\/media?parent=10609"}],"wp:term":[{"taxonomy":"product_brand","embeddable":true,"href":"http:\/\/www.polideas.it\/en\/wp-json\/wp\/v2\/product_brand?post=10609"},{"taxonomy":"product_cat","embeddable":true,"href":"http:\/\/www.polideas.it\/en\/wp-json\/wp\/v2\/product_cat?post=10609"},{"taxonomy":"product_tag","embeddable":true,"href":"http:\/\/www.polideas.it\/en\/wp-json\/wp\/v2\/product_tag?post=10609"}],"curies":[{"name":"wp","href":"https:\/\/api.w.org\/{rel}","templated":true}]}}