{"id":10618,"date":"2022-02-28T21:59:34","date_gmt":"2022-02-28T20:59:34","guid":{"rendered":"https:\/\/www.polideas.it\/?post_type=product&#038;p=10618"},"modified":"2025-02-04T17:49:35","modified_gmt":"2025-02-04T16:49:35","slug":"butterfly-knob-childrens-mobile-knob-embossed-fine-pink","status":"publish","type":"product","link":"http:\/\/www.polideas.it\/en\/en-2\/childrens-knobs-handles\/butterfly-knob-childrens-mobile-knob-embossed-fine-pink\/","title":{"rendered":"Butterfly - Children's Furniture Knob - Embossed fine pink"},"content":{"rendered":"<p>All children love butterflies, which is why Polideas in its selection of <strong>Knobs dedicated to animals<\/strong> most popular, also included the colourful insect.<\/p>\n<p>Ideal for the most classic and romantic bedroom sets, the <strong>Butterfly knob<\/strong> instantly renews furniture, chests of drawers and chests of drawers, giving them a totally new look.<\/p>\n<p>Available in <strong>many shades<\/strong>from the fine embossed blue, yellow and pink to the green and opaline glass effect, the Butterfly Knob can also be mixed with other <strong>Animal-print knobs from Polideas<\/strong> for a super cheerful effect.<\/p>\n<p>Manufactured in full compliance with the European REACH regulation, the Farfalla knob has no sharp edges and guarantees maximum safety in every situation.<\/p>","protected":false},"excerpt":{"rendered":"<p>Tutti i bimbi amano le farfalle, per questo Polideas nella sua selezione di Pomoli dedicati agli animali pi\u00f9 amati, ha inserito anche il colorato insetto. Ideale per le camerette pi\u00f9 classiche e romantiche, il Pomolo Bimbi Farfalla rinnova in modo immediato mobili, com\u00f2 e cassettiere regalandogli subito un aspetto totalmente nuovo. Disponibile in tante tonalit\u00e0, [&#8230;]\n","protected":false},"featured_media":4472,"comment_status":"closed","ping_status":"closed","template":"","meta":{"_acf_changed":false},"product_brand":[],"product_cat":[24],"product_tag":[3119,3120,3112,3113,3114,3121,3122,3123,3115,3116,3124,3117,3118,3125,3126,3127,3128],"class_list":{"0":"post-10618","1":"product","2":"type-product","3":"status-publish","4":"has-post-thumbnail","6":"product_cat-maniglie-pomelli-bambini","7":"product_tag-pomelli-cameretta-bimba","8":"product_tag-pomelli-cameretta-bimbo","9":"product_tag-pomolo","10":"product_tag-pomolo-al-miglior-prezzo","11":"product_tag-pomolo-anta-mobile","12":"product_tag-pomolo-armadio","13":"product_tag-pomolo-bambini","14":"product_tag-pomolo-cameretta-bambini","15":"product_tag-pomolo-cassettiera","16":"product_tag-pomolo-cassetto","17":"product_tag-pomolo-cassetto-bambini","18":"product_tag-pomolo-mobile","19":"product_tag-pomolo-mobile-arredamento","20":"product_tag-pomolo-mobile-ragazza","21":"product_tag-pomolo-mobile-ragazzi","22":"product_tag-pomolo-mobili-bambina","23":"product_tag-pomolo-mobili-bambino","25":"first","26":"instock","27":"taxable","28":"shipping-taxable","29":"purchasable","30":"product-type-simple"},"acf":[],"_links":{"self":[{"href":"http:\/\/www.polideas.it\/en\/wp-json\/wp\/v2\/product\/10618","targetHints":{"allow":["GET"]}}],"collection":[{"href":"http:\/\/www.polideas.it\/en\/wp-json\/wp\/v2\/product"}],"about":[{"href":"http:\/\/www.polideas.it\/en\/wp-json\/wp\/v2\/types\/product"}],"replies":[{"embeddable":true,"href":"http:\/\/www.polideas.it\/en\/wp-json\/wp\/v2\/comments?post=10618"}],"wp:featuredmedia":[{"embeddable":true,"href":"http:\/\/www.polideas.it\/en\/wp-json\/wp\/v2\/media\/4472"}],"wp:attachment":[{"href":"http:\/\/www.polideas.it\/en\/wp-json\/wp\/v2\/media?parent=10618"}],"wp:term":[{"taxonomy":"product_brand","embeddable":true,"href":"http:\/\/www.polideas.it\/en\/wp-json\/wp\/v2\/product_brand?post=10618"},{"taxonomy":"product_cat","embeddable":true,"href":"http:\/\/www.polideas.it\/en\/wp-json\/wp\/v2\/product_cat?post=10618"},{"taxonomy":"product_tag","embeddable":true,"href":"http:\/\/www.polideas.it\/en\/wp-json\/wp\/v2\/product_tag?post=10618"}],"curies":[{"name":"wp","href":"https:\/\/api.w.org\/{rel}","templated":true}]}}