{"id":10637,"date":"2022-02-28T21:59:58","date_gmt":"2022-02-28T20:59:58","guid":{"rendered":"https:\/\/www.polideas.it\/?post_type=product&#038;p=10637"},"modified":"2026-03-16T18:26:31","modified_gmt":"2026-03-16T17:26:31","slug":"bimbi-square-childrens-furniture-handle-embossed-fine-white","status":"publish","type":"product","link":"http:\/\/www.polideas.it\/en\/en-2\/childrens-knobs-handles\/bimbi-square-childrens-furniture-handle-embossed-fine-white\/","title":{"rendered":"Children's Square Handle - Bimbi Square - Children's Mobile Handle - Fine Embossed White"},"content":{"rendered":"<p>Does your children's room seem a little too chaotic? Give it a bit more order, at least visually, with the <strong>Square baby handle.<\/strong><\/p>\n<p>With its <strong>defined and geometric lines<\/strong> will contribute to the sophistication of your children's bedroom and will appeal especially to older children for the minimalist, yet cheerful effect it gives to the usual furniture.<\/p>\n<p>Available in <strong>shades<\/strong> embossed fine pink, white, blue and green, despite its well-defined shape it still brings joy and colour to the nursery in a few simple steps.<\/p>\n<p>Made in full compliance with the European REACH regulation, the <strong>baby handle Square<\/strong> is free of sharp edges and guarantees maximum safety in all situations.<\/p>","protected":false},"excerpt":{"rendered":"<p>La camera dei vostri bambini vi appare un po\u2019 troppo caotica? Regalatele un pizzico di ordine in pi\u00f9, almeno visivamente, con la maniglia bimbi Square. Con le sue linee definite e geometriche contribuir\u00e0 a rendere pi\u00f9 ricercata la cameretta dei vostri figli e piacer\u00e0 soprattutto ai pi\u00f9 grandicelli per l\u2019effetto minimal, ma allegro, che regala [&#8230;]\n","protected":false},"featured_media":15804,"comment_status":"closed","ping_status":"closed","template":"","meta":{"_acf_changed":false},"product_brand":[],"product_cat":[24],"product_tag":[3149,3151,3203,3207,3152,3153,3237,3199,3100,3159,3160,3241,3242,3243,3244,3119,3120],"class_list":{"0":"post-10637","1":"product","2":"type-product","3":"status-publish","4":"has-post-thumbnail","6":"product_cat-maniglie-pomelli-bambini","7":"product_tag-maniglia","8":"product_tag-maniglia-anta-mobile","9":"product_tag-maniglia-bambini","10":"product_tag-maniglia-cameretta-bambini","11":"product_tag-maniglia-cassettiera","12":"product_tag-maniglia-cassetto","13":"product_tag-maniglia-cassetto-bambini","14":"product_tag-maniglia-interasse-32-mm","15":"product_tag-maniglia-mobile","16":"product_tag-maniglia-mobile-al-miglior-prezzo","17":"product_tag-maniglia-mobile-arredamento","18":"product_tag-maniglia-mobile-ragazza","19":"product_tag-maniglia-mobile-ragazzi","20":"product_tag-maniglia-mobili-bambina","21":"product_tag-maniglia-mobili-bambino","22":"product_tag-pomelli-cameretta-bimba","23":"product_tag-pomelli-cameretta-bimbo","25":"first","26":"instock","27":"taxable","28":"shipping-taxable","29":"purchasable","30":"product-type-simple"},"acf":[],"_links":{"self":[{"href":"http:\/\/www.polideas.it\/en\/wp-json\/wp\/v2\/product\/10637","targetHints":{"allow":["GET"]}}],"collection":[{"href":"http:\/\/www.polideas.it\/en\/wp-json\/wp\/v2\/product"}],"about":[{"href":"http:\/\/www.polideas.it\/en\/wp-json\/wp\/v2\/types\/product"}],"replies":[{"embeddable":true,"href":"http:\/\/www.polideas.it\/en\/wp-json\/wp\/v2\/comments?post=10637"}],"wp:featuredmedia":[{"embeddable":true,"href":"http:\/\/www.polideas.it\/en\/wp-json\/wp\/v2\/media\/15804"}],"wp:attachment":[{"href":"http:\/\/www.polideas.it\/en\/wp-json\/wp\/v2\/media?parent=10637"}],"wp:term":[{"taxonomy":"product_brand","embeddable":true,"href":"http:\/\/www.polideas.it\/en\/wp-json\/wp\/v2\/product_brand?post=10637"},{"taxonomy":"product_cat","embeddable":true,"href":"http:\/\/www.polideas.it\/en\/wp-json\/wp\/v2\/product_cat?post=10637"},{"taxonomy":"product_tag","embeddable":true,"href":"http:\/\/www.polideas.it\/en\/wp-json\/wp\/v2\/product_tag?post=10637"}],"curies":[{"name":"wp","href":"https:\/\/api.w.org\/{rel}","templated":true}]}}