{"id":10643,"date":"2022-02-28T21:59:59","date_gmt":"2022-02-28T20:59:59","guid":{"rendered":"https:\/\/www.polideas.it\/?post_type=product&#038;p=10643"},"modified":"2025-10-19T12:52:32","modified_gmt":"2025-10-19T10:52:32","slug":"full-moon-childrens-furniture-knob-embossed-fine-pink","status":"publish","type":"product","link":"http:\/\/www.polideas.it\/en\/en-2\/childrens-knobs-handles\/full-moon-childrens-furniture-knob-embossed-fine-pink\/","title":{"rendered":"Full Moon - Children's Mobile Knob - Embossed Fine Pink"},"content":{"rendered":"<p>Just as in any self-respecting starry sky, a beautiful full moon can also rise in a child's bedroom: it is the <strong>Full Moon knob by Polideas<\/strong>!<\/p>\n<p>With its unmistakable round and tender shape, the <strong>Full Moon baby knob<\/strong> immediately transforms the usual furniture into new and unexpected elements, giving them a whole new look.<\/p>\n<p>Available in the fine embossed colours white, pink and light blue, it is also the ideal complement to the <strong>baby room.<\/strong><\/p>\n<p>Made in full compliance with the European REACH regulation, the <strong>Full Moon baby knob<\/strong> is free of sharp edges and guarantees maximum safety in all situations.<\/p>","protected":false},"excerpt":{"rendered":"<p>Proprio come in ogni cielo stellato che si rispetti, anche nella cameretta dei pi\u00f9 piccoli pu\u00f2 sorgere una bellissima luna piena: \u00e8 il pomolo Full Moon di Polideas! Con la sua inconfondibile forma tonda e tenera, il pomolo bimbi Full Moon trasforma subito i soliti mobili in elementi d\u2019arredo nuovi e inaspettati, conferendo loro tutto [&#8230;]\n","protected":false},"featured_media":13705,"comment_status":"closed","ping_status":"closed","template":"","meta":{"_acf_changed":false},"product_brand":[],"product_cat":[24],"product_tag":[3112,3113,3114,3121,3122,3123,3115,3116,3124,3117,3118,3125,3126,3127,3128],"class_list":{"0":"post-10643","1":"product","2":"type-product","3":"status-publish","4":"has-post-thumbnail","6":"product_cat-maniglie-pomelli-bambini","7":"product_tag-pomolo","8":"product_tag-pomolo-al-miglior-prezzo","9":"product_tag-pomolo-anta-mobile","10":"product_tag-pomolo-armadio","11":"product_tag-pomolo-bambini","12":"product_tag-pomolo-cameretta-bambini","13":"product_tag-pomolo-cassettiera","14":"product_tag-pomolo-cassetto","15":"product_tag-pomolo-cassetto-bambini","16":"product_tag-pomolo-mobile","17":"product_tag-pomolo-mobile-arredamento","18":"product_tag-pomolo-mobile-ragazza","19":"product_tag-pomolo-mobile-ragazzi","20":"product_tag-pomolo-mobili-bambina","21":"product_tag-pomolo-mobili-bambino","23":"first","24":"instock","25":"taxable","26":"shipping-taxable","27":"purchasable","28":"product-type-simple"},"acf":[],"_links":{"self":[{"href":"http:\/\/www.polideas.it\/en\/wp-json\/wp\/v2\/product\/10643","targetHints":{"allow":["GET"]}}],"collection":[{"href":"http:\/\/www.polideas.it\/en\/wp-json\/wp\/v2\/product"}],"about":[{"href":"http:\/\/www.polideas.it\/en\/wp-json\/wp\/v2\/types\/product"}],"replies":[{"embeddable":true,"href":"http:\/\/www.polideas.it\/en\/wp-json\/wp\/v2\/comments?post=10643"}],"wp:featuredmedia":[{"embeddable":true,"href":"http:\/\/www.polideas.it\/en\/wp-json\/wp\/v2\/media\/13705"}],"wp:attachment":[{"href":"http:\/\/www.polideas.it\/en\/wp-json\/wp\/v2\/media?parent=10643"}],"wp:term":[{"taxonomy":"product_brand","embeddable":true,"href":"http:\/\/www.polideas.it\/en\/wp-json\/wp\/v2\/product_brand?post=10643"},{"taxonomy":"product_cat","embeddable":true,"href":"http:\/\/www.polideas.it\/en\/wp-json\/wp\/v2\/product_cat?post=10643"},{"taxonomy":"product_tag","embeddable":true,"href":"http:\/\/www.polideas.it\/en\/wp-json\/wp\/v2\/product_tag?post=10643"}],"curies":[{"name":"wp","href":"https:\/\/api.w.org\/{rel}","templated":true}]}}