{"id":42,"date":"2016-04-18T13:07:29","date_gmt":"2016-04-18T13:07:29","guid":{"rendered":"http:\/\/flatsome.dev\/?page_id=7224"},"modified":"2025-11-06T10:18:32","modified_gmt":"2025-11-06T09:18:32","slug":"casa-2","status":"publish","type":"page","link":"http:\/\/www.polideas.it\/es\/","title":{"rendered":"Inicio"},"content":{"rendered":"<div class=\"row align-center\"  id=\"row-1634800494\">\n\n\n\t<div id=\"col-155211810\" class=\"col medium-8 small-30 large-8\"  >\n\t\t\t\t<div class=\"col-inner text-center\"  >\n\t\t\t\n\t\t\t\n\n\t<div id=\"text-3550133249\" class=\"text\">\n\t\t\n\n<p class=\"lead\">\n<p class=\"lead\">\n<h1 class=\"uppercase\" style=\"color: #f66014;\">POLIDEAS: UN MUNDO POR DESCUBRIR<\/h1>\n<p class=\"lead\">Con Polideas, puedes personalizar, f\u00e1cilmente y con total libertad <strong>todas las habitaciones de su casa<\/strong>.<\/p>\n<p class=\"lead\">Pomos y tiradores para muebles modernos, cl\u00e1sicos o antiguos: gracias a formas redondeadas o m\u00e1s angulosas, colores y detalles de acabado, podr\u00e1 unificar el estilo de su hogar con una inversi\u00f3n m\u00ednima.<\/p>\n<p class=\"lead\">Desde el dise\u00f1o hasta la producci\u00f3n, los productos Polideas son <strong>100% Fabricado en Italia<\/strong>.<\/p>\n\n\t\t\n<style>\n#text-3550133249 {\n  line-height: 1.95;\n}\n<\/style>\n\t<\/div>\n\t\n\n\t\t<\/div>\n\t\t\t\t\t<\/div>\n\n\t\n\n<\/div>\n<div class=\"container section-title-container\" ><h3 class=\"section-title section-title-bold-center\"><b aria-hidden=\"true\"><\/b><span class=\"section-title-main\" style=\"color:rgb(246, 96, 20);\">PRODUCTOS<\/span><b aria-hidden=\"true\"><\/b><\/h3><\/div>\n\n  <style>\n    #cats-438505437 .grid-col-1{height: 300px}\n    #cats-438505437 .grid-col-1-2{height: 150px}\n    #cats-438505437 .grid-col-1-3{height:100px}\n    #cats-438505437 .grid-col-2-3{height: 200px}\n    #cats-438505437 .grid-col-1-4{height: 75px}\n    #cats-438505437 .grid-col-3-4{height: 225px}\n\n\n        \/* Tablet *\/\n    @media (max-width: 850px){\n      #cats-438505437 .grid-col-1{height: 200px}\n      #cats-438505437 .grid-col-1-2{height: 100px}\n      #cats-438505437 .grid-col-1-3{height:66.666666666667px}\n      #cats-438505437 .grid-col-2-3{height: 133.33333333333px}\n      #cats-438505437 .grid-col-1-4{height: 50px}\n      #cats-438505437 .grid-col-3-4{height: 150px}\n    }\n    \n        \/* Mobile *\/\n    @media (max-width: 550px){\n      #cats-438505437 .grid-col-1{height: 200px}\n      #cats-438505437 .grid-col-1-2{height: 100px}\n      #cats-438505437 .grid-col-1-3{height:66.666666666667px}\n      #cats-438505437 .grid-col-2-3{height: 133.33333333333px}\n      #cats-438505437 .grid-col-1-4{height: 50px}\n      #cats-438505437 .grid-col-3-4{height: 150px}\n    }\n    \n\n  <\/style>\n  \n  \n    <div id=\"cats-438505437\" class=\"row row-small has-shadow row-box-shadow-1 row-box-shadow-3-hover row-grid\" data-packery-options='{\"itemSelector\": \".col\", \"gutter\": 0, \"presentageWidth\" : true}'>\n\n  <div class=\"product-category col grid-col grid-col-1 large-3 medium-12\" >\n            <div class=\"col-inner\">\n              <a aria-label=\"Visitar la categor\u00eda de producto Maniglie e pomelli Anticati\" href=\"http:\/\/www.polideas.it\/es\/productos\/tiradores-antiguos-pomos\/\" data-no-translation-aria-label=\"\">                <div class=\"box box-category has-hover box-overlay dark box-text-middle\">\n                <div class=\"box-image\" >\n                  <div class=\"image-overlay-add-50 image-zoom\" >\n                  <img loading=\"lazy\" decoding=\"async\" src=\"https:\/\/www.polideas.it\/wp-content\/uploads\/2018\/03\/Polideas-Poliplast1-300x400.jpg\" alt=\"Tiradores y pomos antiguos\" width=\"300\" height=\"300\" \/>                  <div class=\"overlay\" style=\"background-color: 1\"><\/div>                                    <\/div>\n                <\/div>\n                <div class=\"box-text text-center is-large\" >\n                  <div class=\"box-text-inner\">\n                      <h5 class=\"uppercase header-title\">\n                              Tiradores y pomos antiguos                      <\/h5>\n                                            <p class=\"is-xsmall uppercase count show-on-hover hover-reveal reveal-small\">\n\t                      48 Productos                      <\/p>\n                                            \n                  <\/div>\n                <\/div>\n                <\/div>\n            <\/a>            <\/div>\n            <\/div><div class=\"product-category col grid-col grid-col-1 large-6 medium-6\" >\n            <div class=\"col-inner\">\n              <a aria-label=\"Visitar la categor\u00eda de producto Appendiabiti e borse\" href=\"http:\/\/www.polideas.it\/es\/productos\/perchas-y-bolsas\/\" data-no-translation-aria-label=\"\">                <div class=\"box box-category has-hover box-overlay dark box-text-middle\">\n                <div class=\"box-image\" >\n                  <div class=\"image-overlay-add-50 image-zoom\" >\n                  <img loading=\"lazy\" decoding=\"async\" src=\"https:\/\/www.polideas.it\/wp-content\/uploads\/2019\/05\/P902.jpg\" alt=\"Perchas y bolsas\" width=\"300\" height=\"300\" \/>                  <div class=\"overlay\" style=\"background-color: 1\"><\/div>                                    <\/div>\n                <\/div>\n                <div class=\"box-text text-center is-large\" >\n                  <div class=\"box-text-inner\">\n                      <h5 class=\"uppercase header-title\">\n                              Perchas y bolsas                      <\/h5>\n                                            <p class=\"is-xsmall uppercase count show-on-hover hover-reveal reveal-small\">\n\t                      23 Productos                      <\/p>\n                                            \n                  <\/div>\n                <\/div>\n                <\/div>\n            <\/a>            <\/div>\n            <\/div><div class=\"product-category col grid-col grid-col-1 large-3 medium-6\" >\n            <div class=\"col-inner\">\n              <a aria-label=\"Visitar la categor\u00eda de producto Maniglie e pomelli Bambini\" href=\"http:\/\/www.polideas.it\/es\/productos\/pomos-tiradores-infantiles-2\/\" data-no-translation-aria-label=\"\">                <div class=\"box box-category has-hover box-overlay dark box-text-middle\">\n                <div class=\"box-image\" >\n                  <div class=\"image-overlay-add-50 image-zoom\" >\n                  <img loading=\"lazy\" decoding=\"async\" src=\"https:\/\/www.polideas.it\/wp-content\/uploads\/2018\/03\/Polideas-Poliplast3-267x400.jpg\" alt=\"Tiradores y pomos Ni\u00f1os\" width=\"300\" height=\"300\" \/>                  <div class=\"overlay\" style=\"background-color: 1\"><\/div>                                    <\/div>\n                <\/div>\n                <div class=\"box-text text-center is-large\" >\n                  <div class=\"box-text-inner\">\n                      <h5 class=\"uppercase header-title\">\n                              Tiradores y pomos Ni\u00f1os                      <\/h5>\n                                            <p class=\"is-xsmall uppercase count show-on-hover hover-reveal reveal-small\">\n\t                      88 Productos                      <\/p>\n                                            \n                  <\/div>\n                <\/div>\n                <\/div>\n            <\/a>            <\/div>\n            <\/div><div class=\"product-category col grid-col grid-col-1 large-3 medium-6\" >\n            <div class=\"col-inner\">\n              <a aria-label=\"Visitar la categor\u00eda de producto Maniglie e pomelli Camera e Soggiorno\" href=\"http:\/\/www.polideas.it\/es\/productos\/pomos-de-salon-tiradores\/\" data-no-translation-aria-label=\"\">                <div class=\"box box-category has-hover box-overlay dark box-text-middle\">\n                <div class=\"box-image\" >\n                  <div class=\"image-overlay-add-50 image-zoom\" >\n                  <img loading=\"lazy\" decoding=\"async\" src=\"https:\/\/www.polideas.it\/wp-content\/uploads\/2018\/07\/Depositphotos_76754301_xl-2015-scaled-526x400.jpg\" alt=\"Tiradores y pomos Dormitorio y sal\u00f3n\" width=\"300\" height=\"300\" \/>                  <div class=\"overlay\" style=\"background-color: 1\"><\/div>                                    <\/div>\n                <\/div>\n                <div class=\"box-text text-center is-large\" >\n                  <div class=\"box-text-inner\">\n                      <h5 class=\"uppercase header-title\">\n                              Tiradores y pomos Dormitorio y sal\u00f3n                      <\/h5>\n                                            <p class=\"is-xsmall uppercase count show-on-hover hover-reveal reveal-small\">\n\t                      55 Productos                      <\/p>\n                                            \n                  <\/div>\n                <\/div>\n                <\/div>\n            <\/a>            <\/div>\n            <\/div><div class=\"product-category col grid-col grid-col-1 large-3 medium-6\" >\n            <div class=\"col-inner\">\n              <a aria-label=\"Visitar la categor\u00eda de producto Maniglie e pomelli Cucina\" href=\"http:\/\/www.polideas.it\/es\/productos\/pomos-de-cocina-tiradores\/\" data-no-translation-aria-label=\"\">                <div class=\"box box-category has-hover box-overlay dark box-text-middle\">\n                <div class=\"box-image\" >\n                  <div class=\"image-overlay-add-50 image-zoom\" >\n                  <img loading=\"lazy\" decoding=\"async\" src=\"https:\/\/www.polideas.it\/wp-content\/uploads\/2018\/02\/cucina-424x400.jpg\" alt=\"Tiradores y Pomos Cocina\" width=\"300\" height=\"300\" \/>                  <div class=\"overlay\" style=\"background-color: 1\"><\/div>                                    <\/div>\n                <\/div>\n                <div class=\"box-text text-center is-large\" >\n                  <div class=\"box-text-inner\">\n                      <h5 class=\"uppercase header-title\">\n                              Tiradores y Pomos Cocina                      <\/h5>\n                                            <p class=\"is-xsmall uppercase count show-on-hover hover-reveal reveal-small\">\n\t                      46 Productos                      <\/p>\n                                            \n                  <\/div>\n                <\/div>\n                <\/div>\n            <\/a>            <\/div>\n            <\/div><div class=\"product-category col grid-col grid-col-1 large-3 medium-6\" >\n            <div class=\"col-inner\">\n              <a aria-label=\"Visitar la categor\u00eda de producto Piedini e piedi per mobili\" href=\"http:\/\/www.polideas.it\/es\/productos\/pies-y-pies-moviles\/\" data-no-translation-aria-label=\"\">                <div class=\"box box-category has-hover box-overlay dark box-text-middle\">\n                <div class=\"box-image\" >\n                  <div class=\"image-overlay-add-50 image-zoom\" >\n                  <img loading=\"lazy\" decoding=\"async\" src=\"https:\/\/www.polideas.it\/wp-content\/uploads\/2018\/03\/Polideas-Poliplast6-600x400.jpg\" alt=\"Patas y pies de muebles\" width=\"300\" height=\"300\" \/>                  <div class=\"overlay\" style=\"background-color: 1\"><\/div>                                    <\/div>\n                <\/div>\n                <div class=\"box-text text-center is-large\" >\n                  <div class=\"box-text-inner\">\n                      <h5 class=\"uppercase header-title\">\n                              Patas y pies de muebles                      <\/h5>\n                                            <p class=\"is-xsmall uppercase count show-on-hover hover-reveal reveal-small\">\n\t                      20 Productos                      <\/p>\n                                            \n                  <\/div>\n                <\/div>\n                <\/div>\n            <\/a>            <\/div>\n            <\/div><div class=\"product-category col grid-col grid-col-1 large-3 medium-6\" >\n            <div class=\"col-inner\">\n              <a aria-label=\"Visitar la categor\u00eda de producto Maniglie e pomelli Bagno\" href=\"http:\/\/www.polideas.it\/es\/productos\/pomos-de-bano-tiradores\/\" data-no-translation-aria-label=\"\">                <div class=\"box box-category has-hover box-overlay dark box-text-middle\">\n                <div class=\"box-image\" >\n                  <div class=\"image-overlay-add-50 image-zoom\" >\n                  <img loading=\"lazy\" decoding=\"async\" src=\"https:\/\/www.polideas.it\/wp-content\/uploads\/2018\/02\/BAGNO-400x400.jpg\" alt=\"Tiradores y Pomos Ba\u00f1o\" width=\"300\" height=\"300\" \/>                  <div class=\"overlay\" style=\"background-color: 1\"><\/div>                                    <\/div>\n                <\/div>\n                <div class=\"box-text text-center is-large\" >\n                  <div class=\"box-text-inner\">\n                      <h5 class=\"uppercase header-title\">\n                              Tiradores y Pomos Ba\u00f1o                      <\/h5>\n                                            <p class=\"is-xsmall uppercase count show-on-hover hover-reveal reveal-small\">\n\t                      16 Productos                      <\/p>\n                                            \n                  <\/div>\n                <\/div>\n                <\/div>\n            <\/a>            <\/div>\n            <\/div><\/div>\n\n\t<div id=\"gap-744897787\" class=\"gap-element clearfix\" style=\"display:block; height:auto;\">\n\t\t\n<style>\n#gap-744897787 {\n  padding-top: 54px;\n}\n<\/style>\n\t<\/div>\n\t\n\n\n  <div class=\"banner has-hover\" id=\"banner-1512256672\">\n          <div class=\"banner-inner fill\">\n        <div class=\"banner-bg fill\" >\n            <img loading=\"lazy\" decoding=\"async\" width=\"1020\" height=\"680\" src=\"https:\/\/www.polideas.it\/wp-content\/uploads\/2018\/11\/newsletter-polideas-1200x800.jpg\" class=\"bg attachment-large size-large\" alt=\"\" \/>                        <div class=\"overlay\"><\/div>            \n                    <\/div>\n\t\t\n        <div class=\"banner-layers container\">\n            <div class=\"fill banner-link\"><\/div>            \n\n   <div id=\"text-box-1830312229\" class=\"text-box banner-layer x50 md-x5 lg-x5 y50 md-y50 lg-y50 res-text\">\n                                <div class=\"text-box-content text dark\">\n              \n              <div class=\"text-inner text-left\">\n                  \n\n<h2 class=\"uppercase\"><strong>MANTENTE INFORMADO<\/strong><\/h2>\n<p class=\"lead\">Suscr\u00edbase a nuestro bolet\u00edn para estar al d\u00eda de nuestros productos.<\/p>\n\n<div class=\"wpcf7 no-js\" id=\"wpcf7-f13-o1\" lang=\"en-US\" dir=\"ltr\" data-wpcf7-id=\"13\">\n<div class=\"screen-reader-response\"><p role=\"status\" aria-live=\"polite\" aria-atomic=\"true\"><\/p> <ul><\/ul><\/div>\n<form action=\"\/es\/wp-json\/wp\/v2\/pages\/42#wpcf7-f13-o1\" method=\"post\" class=\"wpcf7-form init d3fd858f4b51 cmatic-conn cmatic-aud-3 cmatic-mapd0-0 cmatic-v0978 cmatic-sent-0 cmatic-total-367\" aria-label=\"Formulario de contacto\" novalidate=\"novalidate\" data-status=\"init\" data-trp-original-action=\"\/es\/wp-json\/wp\/v2\/pages\/42#wpcf7-f13-o1\">\n<fieldset class=\"hidden-fields-container\"><input type=\"hidden\" name=\"_wpcf7\" value=\"13\" \/><input type=\"hidden\" name=\"_wpcf7_version\" value=\"6.1.5\" \/><input type=\"hidden\" name=\"_wpcf7_locale\" value=\"en_US\" \/><input type=\"hidden\" name=\"_wpcf7_unit_tag\" value=\"wpcf7-f13-o1\" \/><input type=\"hidden\" name=\"_wpcf7_container_post\" value=\"0\" \/><input type=\"hidden\" name=\"_wpcf7_posted_data_hash\" value=\"\" \/><input type=\"hidden\" name=\"_wpcf7_recaptcha_response\" value=\"\" \/>\n<\/fieldset>\n<div class=\"form-flat\">\n\t<p><span class=\"wpcf7-form-control-wrap\" data-name=\"your-email\"><input size=\"40\" maxlength=\"400\" class=\"wpcf7-form-control wpcf7-email wpcf7-validates-as-required wpcf7-text wpcf7-validates-as-email\" aria-required=\"true\" aria-invalid=\"false\" placeholder=\"Direcci\u00f3n de correo electr\u00f3nico\" value=\"\" type=\"email\" name=\"your-email\" \/><\/span>\n\t<\/p>\n\t<p><span class=\"wpcf7-form-control-wrap\" data-name=\"checkbox-221\"><span class=\"wpcf7-form-control wpcf7-checkbox wpcf7-validates-as-required\"><span class=\"wpcf7-list-item first last\"><input type=\"checkbox\" name=\"checkbox-221[]\" value=\"Autorizzo e presto il consenso al trattamento dei miei dati personali ai sensi del D.LGS 196\/03.\" \/><span class=\"wpcf7-list-item-label\">Autorizo y consiento el tratamiento de mis datos personales de conformidad con el Decreto Legislativo 196\/03.<\/span><\/span><\/span><\/span>\n\t<\/p>\n\t<p><input class=\"wpcf7-form-control wpcf7-submit has-spinner button\" type=\"submit\" value=\"Inscr\u00edbete\" \/>\n\t<\/p>\n<\/div><div class=\"wpcf7-response-output\" aria-hidden=\"true\"><\/div>\n<input type=\"hidden\" name=\"trp-form-language\" value=\"es\"\/><\/form>\n<\/div>\n\n\n\n              <\/div>\n           <\/div>\n                            \n<style>\n#text-box-1830312229 {\n  width: 76%;\n}\n#text-box-1830312229 .text-box-content {\n  font-size: 100%;\n}\n@media (min-width:550px) {\n  #text-box-1830312229 {\n    width: 40%;\n  }\n}\n<\/style>\n    <\/div>\n \n\n        <\/div>\n      <\/div>\n\n            \n<style>\n#banner-1512256672 {\n  padding-top: 420px;\n}\n#banner-1512256672 .overlay {\n  background-color: rgba(0, 0, 0, 0.4);\n}\n#banner-1512256672 .banner-bg img {\n  object-position: 49% 7%;\n}\n<\/style>\n  <\/div>","protected":false},"excerpt":{"rendered":"","protected":false},"author":1,"featured_media":16,"parent":0,"menu_order":10,"comment_status":"closed","ping_status":"closed","template":"page-blank.php","meta":{"_acf_changed":false,"footnotes":""},"class_list":["post-42","page","type-page","status-publish","has-post-thumbnail","hentry"],"acf":[],"_links":{"self":[{"href":"http:\/\/www.polideas.it\/es\/wp-json\/wp\/v2\/pages\/42","targetHints":{"allow":["GET"]}}],"collection":[{"href":"http:\/\/www.polideas.it\/es\/wp-json\/wp\/v2\/pages"}],"about":[{"href":"http:\/\/www.polideas.it\/es\/wp-json\/wp\/v2\/types\/page"}],"author":[{"embeddable":true,"href":"http:\/\/www.polideas.it\/es\/wp-json\/wp\/v2\/users\/1"}],"replies":[{"embeddable":true,"href":"http:\/\/www.polideas.it\/es\/wp-json\/wp\/v2\/comments?post=42"}],"version-history":[{"count":5,"href":"http:\/\/www.polideas.it\/es\/wp-json\/wp\/v2\/pages\/42\/revisions"}],"predecessor-version":[{"id":17062,"href":"http:\/\/www.polideas.it\/es\/wp-json\/wp\/v2\/pages\/42\/revisions\/17062"}],"wp:featuredmedia":[{"embeddable":true,"href":"http:\/\/www.polideas.it\/es\/wp-json\/wp\/v2\/media\/16"}],"wp:attachment":[{"href":"http:\/\/www.polideas.it\/es\/wp-json\/wp\/v2\/media?parent=42"}],"curies":[{"name":"wp","href":"https:\/\/api.w.org\/{rel}","templated":true}]}}