{"id":6,"date":"2018-01-24T11:02:14","date_gmt":"2018-01-24T10:02:14","guid":{"rendered":"http:\/\/polideas.larindev.com\/privacy"},"modified":"2019-10-24T16:21:35","modified_gmt":"2019-10-24T14:21:35","slug":"privacidad","status":"publish","type":"page","link":"http:\/\/www.polideas.it\/es\/privacidad\/","title":{"rendered":"Privacidad"},"content":{"rendered":"<h3>Controlador de datos<\/h3>\n<p>Poliplast snc - via Roma, 118 - 31024 Ormelle (TV) - Italia - Tel. +39.0422.815408 - info@poliplast.net | P.Iva 01221360264<\/p>\n<h3>Tipos de datos recogidos<\/h3>\n<p>Entre los Datos Personales recogidos por esta Aplicaci\u00f3n, de forma independiente o a trav\u00e9s de terceros, se encuentran: Correo Electr\u00f3nico, Cookies y Datos de Uso. Otros Datos Personales recogidos pueden ser indicados en otras secciones de esta pol\u00edtica de privacidad o a trav\u00e9s de textos informativos mostrados al mismo tiempo que la recogida de Datos. Los Datos Personales pueden ser introducidos voluntariamente por el Usuario o recogidos autom\u00e1ticamente durante el uso de esta Aplicaci\u00f3n.<\/p>\n<p>La posible utilizaci\u00f3n de Cookies -o de otras herramientas de seguimiento- por parte de esta Aplicaci\u00f3n o de los titulares de servicios de terceros utilizados por esta Aplicaci\u00f3n, salvo que se especifique lo contrario, tiene por finalidad identificar al Usuario y registrar sus preferencias para fines estrictamente relacionados con la prestaci\u00f3n del servicio solicitado por el Usuario. El hecho de que el Usuario no facilite determinados Datos de Car\u00e1cter Personal podr\u00e1 impedir que esta Aplicaci\u00f3n preste sus servicios. El Usuario asume la responsabilidad de los Datos Personales de terceros publicados o compartidos a trav\u00e9s de esta Aplicaci\u00f3n y garantiza que tiene derecho a comunicarlos o difundirlos, liberando al Titular de cualquier responsabilidad frente a terceros.<\/p>\n<h3>M\u00e9todo y lugar de tratamiento de los datos recogidos<\/h3>\n<p><strong>Modalidades de tratamiento<\/strong><br \/>\nEl Responsable del Tratamiento trata los Datos Personales de los Usuarios adoptando las medidas de seguridad adecuadas para impedir el acceso, la divulgaci\u00f3n, la modificaci\u00f3n o la destrucci\u00f3n no autorizados de los Datos Personales. Pueden tener acceso a los Datos los Encargados del Tratamiento, como los empleados que participan en el tratamiento, o las partes externas que prestan servicios al Responsable del Tratamiento, terceros proveedores de servicios t\u00e9cnicos, mensajeros postales, proveedores de alojamiento, empresas de TI, agencias de comunicaci\u00f3n. La lista actualizada de sujetos puede solicitarse siempre al Responsable del tratamiento.<\/p>\n<p><strong>Lugar<\/strong><br \/>\nLos Datos se tratan en los locales del Responsable del Tratamiento, salvo que se especifique lo contrario en el resto del documento.<\/p>\n<p><strong>Times<\/strong><br \/>\nLos Datos son tratados durante el tiempo necesario para realizar el servicio solicitado por el Usuario, o requerido por las finalidades descritas en este documento, pudiendo el Usuario solicitar en todo momento la interrupci\u00f3n del Tratamiento o la supresi\u00f3n de los Datos.<\/p>\n<h3>Finalidad del tratamiento de datos<\/h3>\n<p>Los Datos de Usuario se recogen para que la aplicaci\u00f3n pueda prestar sus servicios, as\u00ed como para las siguientes finalidades: Gesti\u00f3n de direcciones y env\u00edo de mensajes de correo electr\u00f3nico, Interacci\u00f3n con redes sociales y plataformas externas, Comentarios de contenidos y Estad\u00edsticas. Los tipos de Datos Personales utilizados para cada finalidad se indican en las secciones espec\u00edficas de este documento.<\/p>\n<h3>Detalles del tratamiento de datos personales<\/h3>\n<p>Los Datos Personales se recogen para los siguientes fines y utilizando los siguientes servicios:<\/p>\n<p><strong>Interacci\u00f3n con redes sociales y plataformas externas<\/strong><br \/>\nEstos servicios permiten interactuar con redes sociales, u otras plataformas externas, directamente desde las p\u00e1ginas de esta Aplicaci\u00f3n. Las interacciones y la informaci\u00f3n adquirida por esta Aplicaci\u00f3n est\u00e1n en todo caso sujetas a la configuraci\u00f3n de privacidad del Usuario relativa a cada red social. Si se instala un servicio de interacci\u00f3n con una red social, es posible que, aunque los Usuarios no utilicen el servicio, \u00e9ste recopile datos de tr\u00e1fico relativos a las p\u00e1ginas en las que est\u00e1 instalado.<\/p>\n<p><strong>Estad\u00edsticas<\/strong><br \/>\nLos servicios contenidos en esta secci\u00f3n permiten al responsable del tratamiento controlar y analizar los datos de tr\u00e1fico y sirven para seguir el comportamiento de los usuarios.<\/p>\n<p>Google Analytics (Google)<\/p>\n<p>Google Analytics es un servicio de an\u00e1lisis web prestado por Google Inc. Google utiliza los Datos Personales recogidos con el fin de rastrear y examinar el uso de esta Aplicaci\u00f3n, compilar informes y compartirlos con otros servicios desarrollados por Google. Google puede utilizar los Datos Personales para contextualizar y personalizar los anuncios de su red publicitaria. Para darse de baja: tools.google.com\/dlpage\/gaoptout?hl=en. Datos personales recogidos: Cookies y datos de uso. Lugar de tratamiento: EE.UU. - Pol\u00edtica de privacidad<\/p>\n<h3>M\u00e1s informaci\u00f3n sobre el tratamiento<\/h3>\n<p><strong>Defensa ante el tribunal<\/strong><br \/>\nLos Datos Personales del Usuario podr\u00e1n ser utilizados para la defensa por parte del Responsable del Tratamiento en procedimientos judiciales o en las fases preparatorias de dichos procedimientos contra abusos en el uso de los mismos o de servicios relacionados por parte del Usuario.<\/p>\n<p><strong>Informaci\u00f3n espec\u00edfica<\/strong><br \/>\nAdem\u00e1s de la informaci\u00f3n contenida en esta pol\u00edtica de privacidad, esta Aplicaci\u00f3n puede proporcionar al Usuario informaci\u00f3n contextual relativa a servicios espec\u00edficos, o a la recogida y tratamiento de Datos Personales.<\/p>\n<p><strong>Registros y mantenimiento del sistema<\/strong><br \/>\nA efectos de funcionamiento y mantenimiento, esta Aplicaci\u00f3n y los servicios de terceros que utilice pueden recopilar Registros del Sistema, es decir, archivos que registran interacciones y que tambi\u00e9n pueden contener Datos Personales, como la direcci\u00f3n IP. Usuario<\/p>\n<p><strong>Informaci\u00f3n no contenida en esta pol\u00edtica<\/strong><br \/>\nEn cualquier momento puede solicitarse m\u00e1s informaci\u00f3n en relaci\u00f3n con el tratamiento de Datos Personales al Responsable del Tratamiento utilizando la informaci\u00f3n de contacto.<\/p>\n<p><strong>Ejercicio de derechos por los usuarios<\/strong><br \/>\nLos sujetos a los que se refieren los Datos Personales tienen derecho, en cualquier momento, a obtener del Titular la confirmaci\u00f3n de la existencia o inexistencia de dichos datos, a conocer su contenido y origen, a verificar su exactitud o solicitar su integraci\u00f3n, cancelaci\u00f3n, actualizaci\u00f3n, rectificaci\u00f3n, transformaci\u00f3n en forma an\u00f3nima o el bloqueo de los Datos Personales tratados en violaci\u00f3n de la ley, as\u00ed como a oponerse en cualquier caso, por motivos leg\u00edtimos, a su tratamiento. Las solicitudes deber\u00e1n dirigirse al Responsable del tratamiento.<\/p>\n<h3>Cambios en esta pol\u00edtica de privacidad<\/h3>\n<p>El Responsable del Tratamiento se reserva el derecho a realizar cambios en esta pol\u00edtica de privacidad en cualquier momento, haci\u00e9ndolos p\u00fablicos a los Usuarios en esta p\u00e1gina. Por lo tanto, le rogamos que consulte esta p\u00e1gina con frecuencia, tomando como referencia la fecha de la \u00faltima modificaci\u00f3n indicada en la parte inferior. En caso de no aceptaci\u00f3n de los cambios introducidos en esta pol\u00edtica de privacidad, el Usuario deber\u00e1 dejar de utilizar esta Aplicaci\u00f3n y podr\u00e1 solicitar al Responsable del Tratamiento la eliminaci\u00f3n de sus Datos Personales. Salvo que se especifique lo contrario, la pol\u00edtica de privacidad anterior seguir\u00e1 aplic\u00e1ndose a los Datos Personales recogidos hasta ese momento.<\/p>\n<h3>Acerca de esta pol\u00edtica de privacidad<\/h3>\n<p>El Responsable del Tratamiento es el responsable de esta pol\u00edtica de privacidad, redactada a partir de formularios elaborados por Iubenda y almacenados en sus servidores.<\/p>\n<h3>Definiciones y referencias jur\u00eddicas<\/h3>\n<p><strong>Datos personales<\/strong><br \/>\nLos datos personales son cualquier informaci\u00f3n relativa a una persona f\u00edsica, identificada o identificable, incluso indirectamente, por referencia a cualquier otra informaci\u00f3n, incluido un n\u00famero de identificaci\u00f3n personal.<\/p>\n<p><strong>Datos de uso<\/strong><br \/>\nSe trata de datos personales recogidos autom\u00e1ticamente por la Aplicaci\u00f3n (o por las aplicaciones de terceros que utiliza), entre los que se incluyen: las direcciones IP o los nombres de dominio de los ordenadores utilizados por el usuario que se conecta a la Aplicaci\u00f3n, las direcciones de notaci\u00f3n URI (Uniform Resource Identifier), la hora de la solicitud, el m\u00e9todo utilizado para enviar la solicitud al servidor, el tama\u00f1o del archivo obtenido como respuesta, el c\u00f3digo num\u00e9rico que indica el estado de la respuesta del servidor (correcto, error, etc.), el pa\u00eds de origen, las caracter\u00edsticas del navegador y del sistema operativo utilizados por el visitante, las distintas connotaciones temporales de la visita (por ejemplo, el tiempo empleado en cada p\u00e1gina) y los detalles del itinerario seguido por el visitante.) el pa\u00eds de origen, las caracter\u00edsticas del navegador y del sistema operativo utilizados por el visitante, las distintas connotaciones temporales de la visita (por ejemplo, el tiempo de permanencia en cada p\u00e1gina) y los detalles del itinerario seguido dentro de la Aplicaci\u00f3n, con especial referencia a la secuencia de las p\u00e1ginas consultadas, los par\u00e1metros relativos al sistema operativo y al entorno inform\u00e1tico del Usuario.<\/p>\n<p><strong>Usuario<\/strong><br \/>\nLa persona f\u00edsica usuaria de esta Aplicaci\u00f3n, que debe coincidir con el Titular de los Datos o estar autorizada por \u00e9l y cuyos Datos Personales est\u00e1n siendo tratados.<\/p>\n<p><strong>Interesados<\/strong><br \/>\nLa persona f\u00edsica o jur\u00eddica a la que se refieren los Datos Personales.<\/p>\n<p><strong>Procesador (o Gestor)<\/strong><br \/>\nLa persona f\u00edsica, jur\u00eddica, administraci\u00f3n p\u00fablica y cualquier otro organismo, asociaci\u00f3n u organizaci\u00f3n encargada por el Responsable del Tratamiento del tratamiento de los Datos Personales, de conformidad con lo dispuesto en la presente pol\u00edtica de privacidad.<\/p>\n<p><strong>Responsable (o propietario) de los datos<\/strong><br \/>\nLa persona f\u00edsica, jur\u00eddica, administraci\u00f3n p\u00fablica y cualquier otro organismo, asociaci\u00f3n u \u00f3rgano que sea responsable, tambi\u00e9n conjuntamente con otro titular, de decidir sobre las finalidades, los m\u00e9todos de tratamiento de los datos personales y los instrumentos utilizados, incluido el perfil de seguridad, en relaci\u00f3n con el funcionamiento y el uso de esta Aplicaci\u00f3n. El Responsable del Tratamiento, salvo que se especifique lo contrario, es el propietario de esta Aplicaci\u00f3n.<\/p>\n<p><strong>Esta aplicaci\u00f3n<\/strong><br \/>\nLa herramienta de hardware o software mediante la cual se recopilan los Datos Personales de los Usuarios.<\/p>\n<p><strong>Cookies<\/strong><br \/>\nPeque\u00f1a porci\u00f3n de datos almacenados en el dispositivo del usuario.<\/p>\n<h3>Referencias jur\u00eddicas<\/h3>\n<p>Aviso a los Usuarios Europeos: esta pol\u00edtica de privacidad ha sido elaborada en cumplimiento de las obligaciones previstas en el Art. 10 de la Directiva n\u00ba 95\/46\/CE, as\u00ed como de las disposiciones de la Directiva 2002\/58\/CE, actualizada por la Directiva 2009\/136\/CE, relativa a las Cookies. Esta pol\u00edtica de privacidad se refiere exclusivamente a esta Aplicaci\u00f3n.<br \/>\nCon referencia a este tratamiento de datos, se proporciona la siguiente informaci\u00f3n, tambi\u00e9n de conformidad con el art\u00edculo 13 del Reglamento General de Protecci\u00f3n de Datos europeo (Reglamento UE 2016\/679), cuya validez no se extiende a ning\u00fan otro sitio web externo consultado por el usuario a trav\u00e9s de enlaces en este sitio web.<br \/>\nAl continuar navegando, y al adherirse a las propuestas de servicios contenidas en las distintas partes del sitio (suscripci\u00f3n a nuestro bolet\u00edn de noticias, cumplimentaci\u00f3n de formularios para solicitar informaci\u00f3n, ...), se da por sentada esta informaci\u00f3n general sobre el tratamiento, as\u00ed como cualquier informaci\u00f3n espec\u00edfica relacionada con el tratamiento para fines diferentes y espec\u00edficos, y el usuario consiente expl\u00edcitamente el tratamiento correspondiente. Se subraya que el consentimiento s\u00f3lo es v\u00e1lido si procede de una persona mayor de 18 a\u00f1os o de un menor mayor de 14 a\u00f1os (art. 8, apartados 1 y 2 del RGPD).<\/p>\n<p><strong>\u00daltima modificaci\u00f3n: 24 de octubre de 2019<br \/>\n<\/strong><\/p>","protected":false},"excerpt":{"rendered":"<div class=\"banner has-hover has-parallax\" id=\"banner-1032210303\">\n          <div class=\"banner-inner fill\">\n        <div class=\"banner-bg fill\" data-parallax=\"-3\" data-parallax-container=\".banner\" data-parallax-background>\n            <img width=\"1020\" height=\"337\" src=\"https:\/\/www.polideas.it\/wp-content\/uploads\/2018\/01\/header-polideas-1400x462.jpg\" class=\"bg attachment-large size-large\" alt=\"\" decoding=\"async\" loading=\"lazy\" \/>                                    \n                    <\/div>\n\t\t\n        <div class=\"banner-layers container\">\n            <div class=\"fill banner-link\"><\/div>            \n<h1 style=\"color: #fff; line-height: 150px; font-size:38px;\">PRIVACIDAD<\/h1>\n        <\/div>\n      <\/div>\n\n            \n<style>\n#banner-1032210303 {\n  padding-top: 150px;\n}\n<\/style>\n  <\/div>","protected":false},"author":1,"featured_media":0,"parent":0,"menu_order":0,"comment_status":"closed","ping_status":"closed","template":"","meta":{"_acf_changed":false,"footnotes":""},"class_list":["post-6","page","type-page","status-publish","hentry"],"acf":[],"_links":{"self":[{"href":"http:\/\/www.polideas.it\/es\/wp-json\/wp\/v2\/pages\/6","targetHints":{"allow":["GET"]}}],"collection":[{"href":"http:\/\/www.polideas.it\/es\/wp-json\/wp\/v2\/pages"}],"about":[{"href":"http:\/\/www.polideas.it\/es\/wp-json\/wp\/v2\/types\/page"}],"author":[{"embeddable":true,"href":"http:\/\/www.polideas.it\/es\/wp-json\/wp\/v2\/users\/1"}],"replies":[{"embeddable":true,"href":"http:\/\/www.polideas.it\/es\/wp-json\/wp\/v2\/comments?post=6"}],"version-history":[{"count":0,"href":"http:\/\/www.polideas.it\/es\/wp-json\/wp\/v2\/pages\/6\/revisions"}],"wp:attachment":[{"href":"http:\/\/www.polideas.it\/es\/wp-json\/wp\/v2\/media?parent=6"}],"curies":[{"name":"wp","href":"https:\/\/api.w.org\/{rel}","templated":true}]}}