{"id":7,"date":"2018-01-24T11:02:14","date_gmt":"2018-01-24T10:02:14","guid":{"rendered":"http:\/\/polideas.larindev.com\/cookie-policy"},"modified":"2018-01-26T16:38:46","modified_gmt":"2018-01-26T15:38:46","slug":"politica-de-cookies","status":"publish","type":"page","link":"http:\/\/www.polideas.it\/es\/politica-de-cookies\/","title":{"rendered":"Pol\u00edtica de cookies"},"content":{"rendered":"<h2>Pol\u00edtica de cookies ampliada<\/h2>\n<p>Las Cookies son porciones de c\u00f3digo instaladas dentro del navegador que ayudan al Responsable del Tratamiento a prestar el servicio para los fines descritos. Algunas de las finalidades para las que se instalan las Cookies tambi\u00e9n pueden requerir el consentimiento del Usuario.<\/p>\n<h3>Cookies t\u00e9cnicas y de estad\u00edsticas agregadas<\/h3>\n<div>\n<h4>Actividades estrictamente necesarias para el funcionamiento<\/h4>\n<div>Esta Aplicaci\u00f3n utiliza Cookies para guardar la sesi\u00f3n del Usuario y realizar otras actividades estrictamente necesarias para su funcionamiento, por ejemplo, en relaci\u00f3n con la distribuci\u00f3n del tr\u00e1fico.<\/div>\n<\/div>\n<div>\n<h4>Guardar preferencias, optimizaci\u00f3n y estad\u00edsticas<\/h4>\n<div>Esta Aplicaci\u00f3n utiliza Cookies para guardar las preferencias de navegaci\u00f3n y optimizar la experiencia de navegaci\u00f3n del Usuario. Estas Cookies incluyen, por ejemplo, las de configuraci\u00f3n del idioma y la moneda o con fines estad\u00edsticos por parte del Propietario del Sitio.<\/div>\n<\/div>\n<h3>Otros tipos de cookies o herramientas de terceros que puedan utilizarlas<\/h3>\n<p>Algunos de los servicios que se enumeran a continuaci\u00f3n pueden no requerir el consentimiento del Usuario o ser gestionados directamente por el Propietario -en funci\u00f3n de lo que se describa- sin la ayuda de terceros. Si las herramientas enumeradas a continuaci\u00f3n incluyen servicios gestionados por terceros, \u00e9stos pueden -adem\u00e1s de lo especificado y tambi\u00e9n sin conocimiento del Propietario- llevar a cabo actividades de seguimiento del Usuario. Para obtener informaci\u00f3n detallada al respecto, le recomendamos que consulte las pol\u00edticas de privacidad de los servicios enumerados.<\/p>\n<div>\n<div>\n<h3>Interacci\u00f3n con redes sociales y plataformas externas<\/h3>\n<div>\n<p>Estos servicios permiten interactuar con redes sociales, u otras plataformas externas, directamente desde las p\u00e1ginas de esta Aplicaci\u00f3n.<br \/>\nLas interacciones y la informaci\u00f3n adquirida por esta Aplicaci\u00f3n est\u00e1n sujetas en cada caso a la configuraci\u00f3n de privacidad del Usuario relativa a cada red social.<br \/>\nSi se instala un servicio de interacci\u00f3n con redes sociales, es posible que, aunque los Usuarios no utilicen el servicio, \u00e9ste recopile datos de tr\u00e1fico relativos a las p\u00e1ginas en las que est\u00e1 instalado.<\/p>\n<h4>Bot\u00f3n \"Me gusta\" de Facebook y widgets sociales (Facebook, Inc.)<\/h4>\n<p>El bot\u00f3n \"Me gusta\" de Facebook y los widgets sociales son servicios de interacci\u00f3n con la red social Facebook, prestados por Facebook, Inc.<\/p>\n<p>Datos personales recogidos: cookies y datos de uso.<\/p>\n<p>Lugar de elaboraci\u00f3n: EE.UU. <a href=\"http:\/\/www.facebook.com\/privacy\/explanation.php\" target=\"_blank\" rel=\"noopener\">Pol\u00edtica de privacidad<\/a><\/p>\n<h4>Bot\u00f3n Tweet de Twitter y widgets sociales (Twitter, Inc.)<\/h4>\n<p>El bot\u00f3n Tweet y los widgets sociales de Twitter son servicios para interactuar con la red social Twitter, proporcionados por Twitter, Inc.<\/p>\n<p>Datos personales recogidos: cookies y datos de uso.<\/p>\n<p>Lugar de elaboraci\u00f3n: EE.UU. <a href=\"http:\/\/twitter.com\/privacy\" target=\"_blank\" rel=\"noopener\">Pol\u00edtica de privacidad<\/a><\/p>\n<h4>Bot\u00f3n +1 y widgets sociales de Google+ (Google Inc.)<\/h4>\n<p>El bot\u00f3n +1 y los widgets sociales de Google+ son servicios de interacci\u00f3n con la red social Google+, proporcionados por Google Inc.<\/p>\n<p>Datos personales recogidos: cookies y datos de uso.<\/p>\n<p>Lugar de elaboraci\u00f3n: EE.UU. <a href=\"http:\/\/www.google.com\/intl\/it\/policies\/privacy\/\" target=\"_blank\" rel=\"noopener\">Pol\u00edtica de privacidad<\/a><\/p>\n<h4>Bot\u00f3n \"Pin it\" de Pinterest y widgets sociales (Pinterest)<\/h4>\n<p>El bot\u00f3n \"Pin it\" de Pinterest y los widgets sociales son servicios para interactuar con la plataforma Pinterest, proporcionados por Pinterest Inc.<\/p>\n<p>Datos personales recogidos: cookies y datos de uso.<\/p>\n<p>Lugar de elaboraci\u00f3n: EE.UU. <a href=\"http:\/\/about.pinterest.com\/privacy\/\" target=\"_blank\" rel=\"noopener\">Pol\u00edtica de privacidad<\/a><\/p>\n<\/div>\n<\/div>\n<h3>Estad\u00edsticas<\/h3>\n<\/div>\n<div>\n<div>\n<p>Los servicios contenidos en esta secci\u00f3n permiten al Responsable del Tratamiento supervisar y analizar los datos de tr\u00e1fico y sirven para realizar un seguimiento del comportamiento del Usuario.<\/p>\n<h4>Google Analytics (Google Inc.)<\/h4>\n<p>Google Analytics es un servicio de an\u00e1lisis web prestado por Google Inc. (\"Google\"). Google utiliza los Datos Personales recogidos con el fin de rastrear y examinar el uso de esta Aplicaci\u00f3n, compilar informes y compartirlos con otros servicios desarrollados por Google. Google puede utilizar los Datos Personales para contextualizar y personalizar los anuncios de su red publicitaria. Datos Personales recogidos: Cookies y Datos de Uso. Lugar de tratamiento: EE.UU.<a href=\"http:\/\/www.google.com\/intl\/it\/policies\/privacy\/\" target=\"_blank\" rel=\"noopener\">Pol\u00edtica de privacidad<\/a>-<a href=\"http:\/\/tools.google.com\/dlpage\/gaoptout?hl=it\" target=\"_blank\" rel=\"noopener\">Exclusi\u00f3n voluntaria<\/a><\/p>\n<\/div>\n<\/div>\n<div>\n<h3>Mostrar contenidos de plataformas externas<\/h3>\n<div>\n<p>Estos servicios permiten visualizar contenidos alojados en plataformas externas directamente desde las p\u00e1ginas de esta Aplicaci\u00f3n e interactuar con ellos. Si se instala un servicio de este tipo, es posible que, aunque los Usuarios no utilicen el servicio, este recopile datos de tr\u00e1fico relativos a las p\u00e1ginas en las que est\u00e1 instalado.<\/p>\n<h4>Google Fonts (Google Inc.)<\/h4>\n<p>Google Fonts es un servicio de visualizaci\u00f3n de fuentes operado por Google Inc. que permite a esta Aplicaci\u00f3n integrar dicho contenido en sus p\u00e1ginas. Datos personales recogidos: Cookies y Datos de Uso. Lugar de tratamiento: EE.<a href=\"http:\/\/www.google.it\/intl\/en\/policies\/privacy\/\" target=\"_blank\" rel=\"noopener\">Pol\u00edtica de privacidad<\/a><\/p>\n<h4>Widget de Google Maps (Google Inc.)<\/h4>\n<p>Google Maps es un servicio de visualizaci\u00f3n de mapas operado por Google Inc. que permite a esta Aplicaci\u00f3n integrar dicho contenido en sus p\u00e1ginas. Datos personales recogidos: Cookies y Datos de uso. Lugar de tratamiento: EE.UU.-.<a href=\"http:\/\/www.google.it\/intl\/it\/policies\/privacy\/\" target=\"_blank\" rel=\"noopener\">Pol\u00edtica de privacidad<\/a><\/p>\n<h4>Widget de v\u00eddeo de Youtube (Google Inc.)<\/h4>\n<p>Youtube es un servicio de visualizaci\u00f3n de contenidos de v\u00eddeo operado por Google Inc. que permite a esta Aplicaci\u00f3n integrar dichos contenidos en sus p\u00e1ginas. Datos personales recogidos: Cookies y Datos de Uso. Lugar de tratamiento: EE.<a href=\"http:\/\/www.google.it\/intl\/it\/policies\/privacy\/\" target=\"_blank\" rel=\"noopener\">Pol\u00edtica de privacidad<\/a><\/p>\n<\/div>\n<\/div>\n<h3>\u00bfC\u00f3mo puedo controlar la instalaci\u00f3n de Cookies?<\/h3>\n<p>Adem\u00e1s de lo indicado en este documento, puede gestionar sus preferencias de Cookies directamente en su navegador e impedir -por ejemplo- que terceros instalen Cookies. Tambi\u00e9n puede utilizar las preferencias de su navegador para eliminar las Cookies instaladas anteriormente, incluida la Cookie en la que puede haber guardado su consentimiento para la instalaci\u00f3n de Cookies por parte de este sitio web. Es importante tener en cuenta que al desactivar todas las Cookies, el funcionamiento de este sitio web puede verse afectado. Puede encontrar informaci\u00f3n sobre c\u00f3mo gestionar las Cookies en su navegador en las siguientes direcciones: <a href=\"https:\/\/support.google.com\/chrome\/answer\/95647?hl=it&amp;p=cpn_cookies\">Google Chrome<\/a>, <a href=\"https:\/\/support.mozilla.org\/it\/kb\/Attivare%20e%20disattivare%20i%20cookie?redirectlocale=en-US&amp;redirectslug=Enabling+and+disabling+cookies\">Mozilla Firefox<\/a>, <a href=\"https:\/\/support.apple.com\/kb\/PH19214?viewlocale=it_IT&amp;locale=en_US\">Safari de Apple<\/a> y <a href=\"http:\/\/windows.microsoft.com\/it-it\/windows-vista\/block-or-allow-cookies\">Explorador de Microsoft Windows<\/a>. En el caso de servicios prestados por terceros, el Usuario tambi\u00e9n podr\u00e1 ejercer su derecho a oponerse al rastreo inform\u00e1ndose a trav\u00e9s de la pol\u00edtica de privacidad del tercero, a trav\u00e9s del enlace opt out si se facilita expl\u00edcitamente o contactando directamente con el mismo. Sin perjuicio de lo anterior, el Responsable del Tratamiento informa al Usuario de que puede hacer uso de <a href=\"http:\/\/www.youronlinechoices.com\/\">Sus opciones en l\u00ednea<\/a>. A trav\u00e9s de este servicio es posible gestionar las preferencias de seguimiento de la mayor\u00eda de las herramientas publicitarias. Por lo tanto, el Responsable del Tratamiento aconseja a los Usuarios que utilicen este recurso adem\u00e1s de la informaci\u00f3n facilitada en el presente documento.<\/p>\n<h3>Controlador de datos<\/h3>\n<p>Poliplast snc - via Roma, 118 - 31024 Ormelle (TV) - Italia - Tel. +39.0422.815408 -\u00a0<a class=\"link_footer\" href=\"mailto:info@poiliplast.net\" target=\"_blank\" rel=\"nofollow noopener\">\u00a0info@poliplast.net<\/a>\u00a0| N\u00famero de IVA 01221360264<\/p>\n<p>Dado que la instalaci\u00f3n de Cookies y otros sistemas de seguimiento operados por terceros a trav\u00e9s de los servicios utilizados en esta Aplicaci\u00f3n no puede ser controlada t\u00e9cnicamente por el Propietario, cualquier referencia espec\u00edfica a Cookies y sistemas de seguimiento instalados por terceros debe considerarse indicativa. Para obtener informaci\u00f3n completa, consulte la pol\u00edtica de privacidad de los servicios de terceros mencionados en este documento. Dada la complejidad objetiva asociada a la identificaci\u00f3n de las tecnolog\u00edas basadas en Cookies y su muy estrecha integraci\u00f3n con el funcionamiento de la web, se invita a los Usuarios a ponerse en contacto con el Titular si desean recibir cualquier informaci\u00f3n adicional sobre el uso de Cookies y cualquier uso de las mismas -por ejemplo, por parte de terceros- realizado a trav\u00e9s de este sitio.<\/p>\n<div>\n<div>\n<h3>Definiciones y referencias jur\u00eddicas<\/h3>\n<div>\n<h4>Datos personales<\/h4>\n<p>Los datos personales son cualquier informaci\u00f3n relativa a una persona f\u00edsica, identificada o identificable, incluso indirectamente, por referencia a cualquier otra informaci\u00f3n, incluido un n\u00famero de identificaci\u00f3n personal.<\/p>\n<h4>Datos de uso<\/h4>\n<p>Se trata de datos personales recogidos autom\u00e1ticamente por la Aplicaci\u00f3n (o por las aplicaciones de terceros que utiliza), entre los que se incluyen: las direcciones IP o los nombres de dominio de los ordenadores utilizados por el Usuario que se conecta a la Aplicaci\u00f3n, las direcciones de notaci\u00f3n URI (Uniform Resource Identifier), la hora de la solicitud, el m\u00e9todo utilizado para enviar la solicitud al servidor, el tama\u00f1o del archivo obtenido como respuesta, el c\u00f3digo num\u00e9rico que indica el estado de la respuesta del servidor (correcto, error, etc.), el pa\u00eds de origen, las caracter\u00edsticas del navegador y del sistema operativo utilizados por el visitante, las distintas connotaciones temporales de la visita (por ejemplo, el tiempo empleado en cada p\u00e1gina) y los detalles del itinerario seguido por el Usuario.) el pa\u00eds de origen, las caracter\u00edsticas del navegador y del sistema operativo utilizados por el visitante, las distintas connotaciones temporales de la visita (por ejemplo, el tiempo de permanencia en cada p\u00e1gina) y los detalles del itinerario seguido dentro de la Aplicaci\u00f3n, con especial referencia a la secuencia de las p\u00e1ginas consultadas, los par\u00e1metros relativos al sistema operativo y al entorno inform\u00e1tico del Usuario.<\/p>\n<h4>Usuario<\/h4>\n<p>La persona f\u00edsica usuaria de esta Aplicaci\u00f3n, que debe coincidir con el Titular de los Datos o estar autorizada por \u00e9l y cuyos Datos Personales est\u00e1n siendo tratados.<\/p>\n<h4>Interesados<\/h4>\n<p>La persona f\u00edsica o jur\u00eddica a la que se refieren los Datos Personales.<\/p>\n<h4>Procesador (o Gestor)<\/h4>\n<p>La persona f\u00edsica, jur\u00eddica, administraci\u00f3n p\u00fablica y cualquier otro organismo, asociaci\u00f3n u organizaci\u00f3n encargada por el Responsable del Tratamiento del tratamiento de los Datos Personales, de conformidad con lo dispuesto en la presente pol\u00edtica de privacidad.<\/p>\n<h4>Responsable (o propietario) de los datos<\/h4>\n<p>La persona f\u00edsica, jur\u00eddica, administraci\u00f3n p\u00fablica y cualquier otro organismo, asociaci\u00f3n u \u00f3rgano que sea responsable, tambi\u00e9n conjuntamente con otro titular, de decidir las finalidades, los m\u00e9todos de tratamiento de los datos personales y los instrumentos utilizados, incluido el perfil de seguridad, en relaci\u00f3n con el funcionamiento y el uso de esta Aplicaci\u00f3n. El Responsable del Tratamiento, salvo que se especifique lo contrario, es el propietario de esta Aplicaci\u00f3n.<\/p>\n<h4>Esta aplicaci\u00f3n<\/h4>\n<p>La herramienta de hardware o software mediante la cual se recopilan los Datos Personales de los Usuarios.<\/p>\n<h4>Cookies<\/h4>\n<p>Peque\u00f1a porci\u00f3n de datos almacenados en el dispositivo del usuario.<\/p>\n<hr \/>\n<h4>Referencias jur\u00eddicas<\/h4>\n<p>Aviso a los Usuarios Europeos: esta pol\u00edtica de privacidad se elabora en cumplimiento de las obligaciones previstas en el Art. 10 de la Directiva n\u00ba 95\/46\/CE, as\u00ed como de las disposiciones de la Directiva 2002\/58\/CE, actualizada por la Directiva 2009\/136\/CE, relativa a las Cookies. Esta pol\u00edtica de privacidad se refiere exclusivamente a esta Aplicaci\u00f3n.<\/p>\n<\/div>\n<\/div>\n<\/div>\n<div>\u00daltima modificaci\u00f3n: 1 de febrero de 2018<\/div>","protected":false},"excerpt":{"rendered":"<div class=\"banner has-hover has-parallax\" id=\"banner-1300958328\">\n          <div class=\"banner-inner fill\">\n        <div class=\"banner-bg fill\" data-parallax=\"-3\" data-parallax-container=\".banner\" data-parallax-background>\n            <img width=\"1020\" height=\"337\" src=\"https:\/\/www.polideas.it\/wp-content\/uploads\/2018\/01\/header-polideas-1400x462.jpg\" class=\"bg attachment-large size-large\" alt=\"\" decoding=\"async\" loading=\"lazy\" \/>                                    \n                    <\/div>\n\t\t\n        <div class=\"banner-layers container\">\n            <div class=\"fill banner-link\"><\/div>            \n<h1 style=\"color: #fff; line-height: 150px; font-size:38px;\">POL\u00cdTICA DE COOKIES<\/h1>\n        <\/div>\n      <\/div>\n\n            \n<style>\n#banner-1300958328 {\n  padding-top: 150px;\n}\n<\/style>\n  <\/div>","protected":false},"author":1,"featured_media":0,"parent":0,"menu_order":0,"comment_status":"closed","ping_status":"closed","template":"","meta":{"_acf_changed":false,"footnotes":""},"class_list":["post-7","page","type-page","status-publish","hentry"],"acf":[],"_links":{"self":[{"href":"http:\/\/www.polideas.it\/es\/wp-json\/wp\/v2\/pages\/7","targetHints":{"allow":["GET"]}}],"collection":[{"href":"http:\/\/www.polideas.it\/es\/wp-json\/wp\/v2\/pages"}],"about":[{"href":"http:\/\/www.polideas.it\/es\/wp-json\/wp\/v2\/types\/page"}],"author":[{"embeddable":true,"href":"http:\/\/www.polideas.it\/es\/wp-json\/wp\/v2\/users\/1"}],"replies":[{"embeddable":true,"href":"http:\/\/www.polideas.it\/es\/wp-json\/wp\/v2\/comments?post=7"}],"version-history":[{"count":0,"href":"http:\/\/www.polideas.it\/es\/wp-json\/wp\/v2\/pages\/7\/revisions"}],"wp:attachment":[{"href":"http:\/\/www.polideas.it\/es\/wp-json\/wp\/v2\/media?parent=7"}],"curies":[{"name":"wp","href":"https:\/\/api.w.org\/{rel}","templated":true}]}}