{"id":10450,"date":"2022-02-28T21:57:04","date_gmt":"2022-02-28T20:57:04","guid":{"rendered":"https:\/\/www.polideas.it\/?post_type=product&#038;p=10450"},"modified":"2025-02-03T15:59:11","modified_gmt":"2025-02-03T14:59:11","slug":"pomo-de-mueble-pequeno-envejecido-efecto-hierro","status":"publish","type":"product","link":"http:\/\/www.polideas.it\/es\/en-2\/tiradores-antiguos-pomos\/pomo-de-mueble-pequeno-envejecido-efecto-hierro\/","title":{"rendered":"Antiguo Peque\u00f1o - Pomo de mueble antiguo - Efecto hierro"},"content":{"rendered":"<p>Peque\u00f1o, pero con un car\u00e1cter bien definido: es el <strong>pomo antiguo Peque\u00f1o<\/strong> de Polideas.<\/p>\n<p>Dise\u00f1ado para personalizar los muebles de la cocina, el dormitorio y el sal\u00f3n con un sabor retro, el <strong>pomo antiguo Peque\u00f1o<\/strong> es ideal para unificar habitaciones amuebladas en estilo cl\u00e1sico, industrial o campestre.<\/p>\n<p>Disponible en elegante <strong>efecto bronce, efecto cobre y efecto hierro<\/strong>El pomo peque\u00f1o garantiza un agarre s\u00f3lido y seguro y, gracias a una compleja e innovadora elaboraci\u00f3n que combina las cualidades est\u00e9ticas del metal envejecido con la practicidad y ergonom\u00eda de los materiales pl\u00e1sticos de calidad, consigue un efecto antiguo \u00fanico.<\/p>\n<p>Con un di\u00e1metro de s\u00f3lo 32 mm, es ideal para dar un toque de estilo a los muebles peque\u00f1os.<\/p>","protected":false},"excerpt":{"rendered":"<p>Piccolo, ma dal carattere ben definito: \u00e8 il pomello anticato Small di Polideas. Pensato per personalizzare i mobili di cucina, camere da letto e living dal sapore retr\u00f2, il pomello anticato Small \u00e8 l\u2019ideale per uniformare gli ambienti arredati in stile classico, industrial o country. Disponibile nelle eleganti versioni ad effetto bronzo, effetto rame ed [&#8230;]\n","protected":false},"featured_media":11134,"comment_status":"closed","ping_status":"closed","template":"","meta":{"_acf_changed":false},"product_brand":[],"product_cat":[72],"product_tag":[3136,3137,3131,3105,3138,3139,3107,3140,3141,3142,3143,3112,3113,3114,3115,3116,3117,3118],"class_list":{"0":"post-10450","1":"product","2":"type-product","3":"status-publish","4":"has-post-thumbnail","6":"product_cat-maniglie-pomoli-anticati","7":"product_tag-pomello-anticato","8":"product_tag-pomello-antico","9":"product_tag-pomello-cassetto","10":"product_tag-pomello-design","11":"product_tag-pomello-effetto-anticato","12":"product_tag-pomello-effetto-antico","13":"product_tag-pomello-mobile","14":"product_tag-pomello-per-mobile-antico","15":"product_tag-pomello-per-restaurazione-mobili","16":"product_tag-pomello-restauro-mobili","17":"product_tag-pomello-rustico","18":"product_tag-pomolo","19":"product_tag-pomolo-al-miglior-prezzo","20":"product_tag-pomolo-anta-mobile","21":"product_tag-pomolo-cassettiera","22":"product_tag-pomolo-cassetto","23":"product_tag-pomolo-mobile","24":"product_tag-pomolo-mobile-arredamento","26":"first","27":"instock","28":"taxable","29":"shipping-taxable","30":"purchasable","31":"product-type-simple"},"acf":[],"_links":{"self":[{"href":"http:\/\/www.polideas.it\/es\/wp-json\/wp\/v2\/product\/10450","targetHints":{"allow":["GET"]}}],"collection":[{"href":"http:\/\/www.polideas.it\/es\/wp-json\/wp\/v2\/product"}],"about":[{"href":"http:\/\/www.polideas.it\/es\/wp-json\/wp\/v2\/types\/product"}],"replies":[{"embeddable":true,"href":"http:\/\/www.polideas.it\/es\/wp-json\/wp\/v2\/comments?post=10450"}],"wp:featuredmedia":[{"embeddable":true,"href":"http:\/\/www.polideas.it\/es\/wp-json\/wp\/v2\/media\/11134"}],"wp:attachment":[{"href":"http:\/\/www.polideas.it\/es\/wp-json\/wp\/v2\/media?parent=10450"}],"wp:term":[{"taxonomy":"product_brand","embeddable":true,"href":"http:\/\/www.polideas.it\/es\/wp-json\/wp\/v2\/product_brand?post=10450"},{"taxonomy":"product_cat","embeddable":true,"href":"http:\/\/www.polideas.it\/es\/wp-json\/wp\/v2\/product_cat?post=10450"},{"taxonomy":"product_tag","embeddable":true,"href":"http:\/\/www.polideas.it\/es\/wp-json\/wp\/v2\/product_tag?post=10450"}],"curies":[{"name":"wp","href":"https:\/\/api.w.org\/{rel}","templated":true}]}}