{"id":10453,"date":"2022-02-28T21:57:05","date_gmt":"2022-02-28T20:57:05","guid":{"rendered":"https:\/\/www.polideas.it\/?post_type=product&#038;p=10453"},"modified":"2025-01-28T15:16:13","modified_gmt":"2025-01-28T14:16:13","slug":"pomo-de-armario-de-bano-pequeno-efecto-aluminio","status":"publish","type":"product","link":"http:\/\/www.polideas.it\/es\/en-2\/pomos-de-bano-tiradores\/pomo-de-armario-de-bano-pequeno-efecto-aluminio\/","title":{"rendered":"Pomo de ba\u00f1o peque\u00f1o - Pomo para muebles de ba\u00f1o - Efecto aluminio"},"content":{"rendered":"<p>Redonda, refinada y con un estilo atemporal: as\u00ed es la <strong>Polideas Pomo de ba\u00f1o peque\u00f1o<\/strong>.<\/p>\n<p>El <strong>pomo Peque\u00f1o<\/strong> es la elecci\u00f3n perfecta para cualquiera que busque un accesorio de ba\u00f1o para personalizar sus muebles con seguridad, estilo y sencillez.<\/p>\n<p>Disponible en <strong>acabados en cromo pulido, efecto aluminio y lacado blanco<\/strong>Tiene un di\u00e1metro de 32 mm y, por sus caracter\u00edsticas, no s\u00f3lo es perfecto para personalizar los muebles de ba\u00f1o m\u00e1s modernos, sino tambi\u00e9n para fijarlo a las paredes para colgar toallas, accesorios y albornoces.<\/p>\n<p>El <strong>pomo Peque\u00f1o<\/strong> es el resultado de una investigaci\u00f3n continua combinada con la atenci\u00f3n t\u00edpica de las producciones Made in Italy y est\u00e1 fabricado con materiales de la m\u00e1s alta calidad para garantizar la m\u00e1xima seguridad en todo momento, incluso con las manos mojadas, sin dejar halos.<\/p>","protected":false},"excerpt":{"rendered":"<p>Rotondo, raffinato e con uno stile senza tempo: ecco il pomello bagno Small di Polideas. Il pomello Small \u00e8 la scelta perfetta di chi cerca un complemento da bagno per personalizzare in tutta sicurezza i mobili con stile e semplicit\u00e0. Disponibile nelle finiture cromato lucido, effetto alluminio e laccato bianco, ha un diametro di 32 [&#8230;]","protected":false},"featured_media":3262,"comment_status":"closed","ping_status":"closed","template":"","meta":{"_acf_changed":false},"product_brand":[],"product_cat":[62],"product_tag":[3129,3130,3131,3132,3105,3107,3133,3112,3113,3114,3115,3116,3117,3118],"class_list":{"0":"post-10453","1":"product","2":"type-product","3":"status-publish","4":"has-post-thumbnail","6":"product_cat-maniglie-pomelli-bagno","7":"product_tag-pomello-anta-bagno","8":"product_tag-pomello-bagno","9":"product_tag-pomello-cassetto","10":"product_tag-pomello-cassetto-bagno","11":"product_tag-pomello-design","12":"product_tag-pomello-mobile","13":"product_tag-pomello-per-mobile-bagno","14":"product_tag-pomolo","15":"product_tag-pomolo-al-miglior-prezzo","16":"product_tag-pomolo-anta-mobile","17":"product_tag-pomolo-cassettiera","18":"product_tag-pomolo-cassetto","19":"product_tag-pomolo-mobile","20":"product_tag-pomolo-mobile-arredamento","22":"first","23":"instock","24":"taxable","25":"shipping-taxable","26":"purchasable","27":"product-type-simple"},"acf":[],"_links":{"self":[{"href":"http:\/\/www.polideas.it\/es\/wp-json\/wp\/v2\/product\/10453","targetHints":{"allow":["GET"]}}],"collection":[{"href":"http:\/\/www.polideas.it\/es\/wp-json\/wp\/v2\/product"}],"about":[{"href":"http:\/\/www.polideas.it\/es\/wp-json\/wp\/v2\/types\/product"}],"replies":[{"embeddable":true,"href":"http:\/\/www.polideas.it\/es\/wp-json\/wp\/v2\/comments?post=10453"}],"wp:featuredmedia":[{"embeddable":true,"href":"http:\/\/www.polideas.it\/es\/wp-json\/wp\/v2\/media\/3262"}],"wp:attachment":[{"href":"http:\/\/www.polideas.it\/es\/wp-json\/wp\/v2\/media?parent=10453"}],"wp:term":[{"taxonomy":"product_brand","embeddable":true,"href":"http:\/\/www.polideas.it\/es\/wp-json\/wp\/v2\/product_brand?post=10453"},{"taxonomy":"product_cat","embeddable":true,"href":"http:\/\/www.polideas.it\/es\/wp-json\/wp\/v2\/product_cat?post=10453"},{"taxonomy":"product_tag","embeddable":true,"href":"http:\/\/www.polideas.it\/es\/wp-json\/wp\/v2\/product_tag?post=10453"}],"curies":[{"name":"wp","href":"https:\/\/api.w.org\/{rel}","templated":true}]}}