{"id":10457,"date":"2022-02-28T21:57:05","date_gmt":"2022-02-28T20:57:05","guid":{"rendered":"https:\/\/www.polideas.it\/?post_type=product&#038;p=10457"},"modified":"2025-02-03T09:10:57","modified_gmt":"2025-02-03T08:10:57","slug":"pomo-de-armario-de-cocina-cono","status":"publish","type":"product","link":"http:\/\/www.polideas.it\/es\/en-2\/pomos-de-cocina-tiradores\/pomo-de-armario-de-cocina-cono\/","title":{"rendered":"Cono - Pomo para muebles de cocina"},"content":{"rendered":"<p>Con su forma original e inesperada, el <strong>Pomo de cocina c\u00f3nico de Polideas<\/strong> es la soluci\u00f3n ideal para renovar el mobiliario habitual y hacer m\u00e1s pr\u00e1ctica su apertura.<\/p>\n<p>Ergon\u00f3mico, robusto y seguro, el <strong>Cono de perilla<\/strong> se adapta especialmente bien a los ambientes m\u00e1s modernos, dando ese toque extra a puertas y cajones.<\/p>\n<p>Caracterizado por su refinado efecto aluminio, encaja perfectamente con superficies lacadas en colores brillantes o neutros, pero tambi\u00e9n aporta luz a muebles en tonos m\u00e1s oscuros.<\/p>\n<p>Con un di\u00e1metro de 24 mm y una profundidad de 22 mm, el <strong>Pomo de cocina c\u00f3nico<\/strong> es pr\u00e1ctica y c\u00f3moda de usar, adem\u00e1s de extremadamente f\u00e1cil de montar.<\/p>","protected":false},"excerpt":{"rendered":"<p>Dalla forma originale e inaspettata, il pomolo cucina Cono di Polideas \u00e8 la soluzione ideale per rinnovare i soliti mobili e renderli pi\u00f9 pratici da aprire. Ergonomico, robusto e sicuro, il pomolo Cono si adatta in modo particolare agli ambienti pi\u00f9 moderni, conferendo quel tocco in pi\u00f9 ad ante e cassetti. Caratterizzato dal raffinato effetto [&#8230;]","protected":false},"featured_media":2915,"comment_status":"closed","ping_status":"closed","template":"","meta":{"_acf_changed":false},"product_brand":[],"product_cat":[37],"product_tag":[3144,3145,3146,3105,3107,3147,3112,3113,3114,3115,3116,3117,3118],"class_list":{"0":"post-10457","1":"product","2":"type-product","3":"status-publish","4":"has-post-thumbnail","6":"product_cat-maniglie-pomelli-cucina","7":"product_tag-pomello-anta-cucina","8":"product_tag-pomello-cassetto-cucina","9":"product_tag-pomello-cucina","10":"product_tag-pomello-design","11":"product_tag-pomello-mobile","12":"product_tag-pomello-per-mobile-cucina","13":"product_tag-pomolo","14":"product_tag-pomolo-al-miglior-prezzo","15":"product_tag-pomolo-anta-mobile","16":"product_tag-pomolo-cassettiera","17":"product_tag-pomolo-cassetto","18":"product_tag-pomolo-mobile","19":"product_tag-pomolo-mobile-arredamento","21":"first","22":"instock","23":"taxable","24":"shipping-taxable","25":"purchasable","26":"product-type-simple"},"acf":[],"_links":{"self":[{"href":"http:\/\/www.polideas.it\/es\/wp-json\/wp\/v2\/product\/10457","targetHints":{"allow":["GET"]}}],"collection":[{"href":"http:\/\/www.polideas.it\/es\/wp-json\/wp\/v2\/product"}],"about":[{"href":"http:\/\/www.polideas.it\/es\/wp-json\/wp\/v2\/types\/product"}],"replies":[{"embeddable":true,"href":"http:\/\/www.polideas.it\/es\/wp-json\/wp\/v2\/comments?post=10457"}],"wp:featuredmedia":[{"embeddable":true,"href":"http:\/\/www.polideas.it\/es\/wp-json\/wp\/v2\/media\/2915"}],"wp:attachment":[{"href":"http:\/\/www.polideas.it\/es\/wp-json\/wp\/v2\/media?parent=10457"}],"wp:term":[{"taxonomy":"product_brand","embeddable":true,"href":"http:\/\/www.polideas.it\/es\/wp-json\/wp\/v2\/product_brand?post=10457"},{"taxonomy":"product_cat","embeddable":true,"href":"http:\/\/www.polideas.it\/es\/wp-json\/wp\/v2\/product_cat?post=10457"},{"taxonomy":"product_tag","embeddable":true,"href":"http:\/\/www.polideas.it\/es\/wp-json\/wp\/v2\/product_tag?post=10457"}],"curies":[{"name":"wp","href":"https:\/\/api.w.org\/{rel}","templated":true}]}}