{"id":10466,"date":"2022-02-28T21:57:06","date_gmt":"2022-02-28T20:57:06","guid":{"rendered":"https:\/\/www.polideas.it\/?post_type=product&#038;p=10466"},"modified":"2025-10-21T13:46:01","modified_gmt":"2025-10-21T11:46:01","slug":"mueble-efecto-bronce-pomo-seta-envejecido","status":"publish","type":"product","link":"http:\/\/www.polideas.it\/es\/en-2\/tiradores-antiguos-pomos\/mueble-efecto-bronce-pomo-seta-envejecido\/","title":{"rendered":"Pomo Antiguo Champi\u00f1\u00f3n - Pomo Antiguo para Muebles - Efecto Bronce"},"content":{"rendered":"<p>Sabor vintage y encanto del viejo mundo para el <strong>antiguo Pomo de seta<\/strong> de Polideas.<\/p>\n<p>Dise\u00f1ado para personalizar los muebles de la cocina, el dormitorio y el sal\u00f3n con un sabor retro, el <strong>antiguo Pomo de seta <\/strong>es ideal para unificar habitaciones amuebladas en estilo cl\u00e1sico, industrial o campestre.<\/p>\n<p>Disponible en elegante <strong>efecto bronce, efecto cobre y efecto hierro<\/strong>, el pomo Fungo proporciona un agarre s\u00f3lido y seguro y, gracias a una compleja e innovadora elaboraci\u00f3n que combina las cualidades est\u00e9ticas del metal envejecido con la practicidad y ergonom\u00eda de los materiales pl\u00e1sticos de calidad, consigue un efecto antiguo \u00fanico.<\/p>\n<p>Con un di\u00e1metro de s\u00f3lo 35 mm, es ideal para dar un toque de estilo a los muebles peque\u00f1os.<\/p>","protected":false},"excerpt":{"rendered":"<p>Sabor vintage y encanto del viejo mundo para el pomo antiguo Fungo de Polideas. Dise\u00f1ado para personalizar los muebles de cocina, dormitorio y sal\u00f3n con un sabor retro, el pomo Fungo antique es ideal para unificar estancias amuebladas en estilo cl\u00e1sico, industrial o r\u00fastico. Disponible en elegantes versiones de efecto bronce, efecto cobre y [...]","protected":false},"featured_media":15797,"comment_status":"closed","ping_status":"closed","template":"","meta":{"_acf_changed":false},"product_brand":[],"product_cat":[72],"product_tag":[3136,3137,3131,3105,3138,3139,3107,3140,3141,3142,3143,3112,3113,3114,3121,3115,3116,3117,3118],"class_list":{"0":"post-10466","1":"product","2":"type-product","3":"status-publish","4":"has-post-thumbnail","6":"product_cat-maniglie-pomoli-anticati","7":"product_tag-pomello-anticato","8":"product_tag-pomello-antico","9":"product_tag-pomello-cassetto","10":"product_tag-pomello-design","11":"product_tag-pomello-effetto-anticato","12":"product_tag-pomello-effetto-antico","13":"product_tag-pomello-mobile","14":"product_tag-pomello-per-mobile-antico","15":"product_tag-pomello-per-restaurazione-mobili","16":"product_tag-pomello-restauro-mobili","17":"product_tag-pomello-rustico","18":"product_tag-pomolo","19":"product_tag-pomolo-al-miglior-prezzo","20":"product_tag-pomolo-anta-mobile","21":"product_tag-pomolo-armadio","22":"product_tag-pomolo-cassettiera","23":"product_tag-pomolo-cassetto","24":"product_tag-pomolo-mobile","25":"product_tag-pomolo-mobile-arredamento","27":"first","28":"instock","29":"taxable","30":"shipping-taxable","31":"purchasable","32":"product-type-simple"},"acf":[],"_links":{"self":[{"href":"http:\/\/www.polideas.it\/es\/wp-json\/wp\/v2\/product\/10466","targetHints":{"allow":["GET"]}}],"collection":[{"href":"http:\/\/www.polideas.it\/es\/wp-json\/wp\/v2\/product"}],"about":[{"href":"http:\/\/www.polideas.it\/es\/wp-json\/wp\/v2\/types\/product"}],"replies":[{"embeddable":true,"href":"http:\/\/www.polideas.it\/es\/wp-json\/wp\/v2\/comments?post=10466"}],"wp:featuredmedia":[{"embeddable":true,"href":"http:\/\/www.polideas.it\/es\/wp-json\/wp\/v2\/media\/15797"}],"wp:attachment":[{"href":"http:\/\/www.polideas.it\/es\/wp-json\/wp\/v2\/media?parent=10466"}],"wp:term":[{"taxonomy":"product_brand","embeddable":true,"href":"http:\/\/www.polideas.it\/es\/wp-json\/wp\/v2\/product_brand?post=10466"},{"taxonomy":"product_cat","embeddable":true,"href":"http:\/\/www.polideas.it\/es\/wp-json\/wp\/v2\/product_cat?post=10466"},{"taxonomy":"product_tag","embeddable":true,"href":"http:\/\/www.polideas.it\/es\/wp-json\/wp\/v2\/product_tag?post=10466"}],"curies":[{"name":"wp","href":"https:\/\/api.w.org\/{rel}","templated":true}]}}