{"id":10472,"date":"2022-02-28T21:57:29","date_gmt":"2022-02-28T20:57:29","guid":{"rendered":"https:\/\/www.polideas.it\/?post_type=product&#038;p=10472"},"modified":"2025-01-30T10:00:48","modified_gmt":"2025-01-30T09:00:48","slug":"tirador-geometrico-tirador-para-muebles-de-diseno-con-efecto-aluminio","status":"publish","type":"product","link":"http:\/\/www.polideas.it\/es\/en-2\/pomos-de-salon-tiradores\/tirador-geometrico-tirador-para-muebles-de-diseno-con-efecto-aluminio\/","title":{"rendered":"Asa geom\u00e9trica - Asa de dise\u00f1o m\u00f3vil - Efecto aluminio"},"content":{"rendered":"<p>L\u00ednea geom\u00e9trica y esencial para la <strong>asa<\/strong> <strong>Geom\u00e9trico de Polideas<\/strong>.<\/p>\n<p>Dedicado a quienes desean personalizar los muebles de su dormitorio con sencillez y estilo, tambi\u00e9n se presta perfectamente a <strong>modernizar el mobiliario <\/strong>de la entrada y la zona de estar.<\/p>\n<p>Disponible en <strong>acabados efecto aluminio y lacado blanco<\/strong>tiene una anchura de 124 mm y una altura de 14 mm, lo que lo convierte en el complemento ideal para dar nueva vida a los peque\u00f1os muebles del hogar, cajones y c\u00f3modas en particular.<\/p>\n<p>La <strong>Asa geom\u00e9trica<\/strong> es el resultado de una investigaci\u00f3n continua combinada con la atenci\u00f3n t\u00edpica de las producciones Made in Italy y est\u00e1 fabricado con materiales de primera calidad para garantizar la m\u00e1xima seguridad en todo momento.<\/p>","protected":false},"excerpt":{"rendered":"<p>Linea geometrica ed essenziale per la maniglia Geometric di Polideas. Dedicata a chi desidera personalizzare con semplicit\u00e0 e stile i mobili della camera da letto, si presta perfettamente anche a modernizzare i mobili dell\u2019ingresso e della zona living. Disponibile nelle finiture effetto alluminio e laccato bianco, ha una larghezza di 124 mm e un\u2019altezza di [&#8230;]\n","protected":false},"featured_media":14601,"comment_status":"closed","ping_status":"closed","template":"","meta":{"_acf_changed":false},"product_brand":[],"product_cat":[47],"product_tag":[3149,3151,3173,3174,3152,3153,3175,3156,3176,3100,3159,3160,3177,3178,3179],"class_list":{"0":"post-10472","1":"product","2":"type-product","3":"status-publish","4":"has-post-thumbnail","6":"product_cat-maniglie-pomelli-camera-soggiorno","7":"product_tag-maniglia","8":"product_tag-maniglia-anta-mobile","9":"product_tag-maniglia-anta-mobile-soggiorno","10":"product_tag-maniglia-anta-soggiorno","11":"product_tag-maniglia-cassettiera","12":"product_tag-maniglia-cassetto","13":"product_tag-maniglia-cassetto-soggiorno","14":"product_tag-maniglia-design","15":"product_tag-maniglia-interasse-128mm","16":"product_tag-maniglia-mobile","17":"product_tag-maniglia-mobile-al-miglior-prezzo","18":"product_tag-maniglia-mobile-arredamento","19":"product_tag-maniglia-mobile-soggiorno","20":"product_tag-maniglia-per-mobile-soggiorno","21":"product_tag-maniglia-soggiorno","23":"first","24":"instock","25":"taxable","26":"shipping-taxable","27":"purchasable","28":"product-type-simple"},"acf":[],"_links":{"self":[{"href":"http:\/\/www.polideas.it\/es\/wp-json\/wp\/v2\/product\/10472","targetHints":{"allow":["GET"]}}],"collection":[{"href":"http:\/\/www.polideas.it\/es\/wp-json\/wp\/v2\/product"}],"about":[{"href":"http:\/\/www.polideas.it\/es\/wp-json\/wp\/v2\/types\/product"}],"replies":[{"embeddable":true,"href":"http:\/\/www.polideas.it\/es\/wp-json\/wp\/v2\/comments?post=10472"}],"wp:featuredmedia":[{"embeddable":true,"href":"http:\/\/www.polideas.it\/es\/wp-json\/wp\/v2\/media\/14601"}],"wp:attachment":[{"href":"http:\/\/www.polideas.it\/es\/wp-json\/wp\/v2\/media?parent=10472"}],"wp:term":[{"taxonomy":"product_brand","embeddable":true,"href":"http:\/\/www.polideas.it\/es\/wp-json\/wp\/v2\/product_brand?post=10472"},{"taxonomy":"product_cat","embeddable":true,"href":"http:\/\/www.polideas.it\/es\/wp-json\/wp\/v2\/product_cat?post=10472"},{"taxonomy":"product_tag","embeddable":true,"href":"http:\/\/www.polideas.it\/es\/wp-json\/wp\/v2\/product_tag?post=10472"}],"curies":[{"name":"wp","href":"https:\/\/api.w.org\/{rel}","templated":true}]}}