{"id":10475,"date":"2022-02-28T21:57:29","date_gmt":"2022-02-28T20:57:29","guid":{"rendered":"https:\/\/www.polideas.it\/?post_type=product&#038;p=10475"},"modified":"2025-11-11T10:49:07","modified_gmt":"2025-11-11T09:49:07","slug":"asa-geometrica-antigua-asa-movil-efecto-cobre","status":"publish","type":"product","link":"http:\/\/www.polideas.it\/es\/en-2\/tiradores-antiguos-pomos\/asa-geometrica-antigua-asa-movil-efecto-cobre\/","title":{"rendered":"Tirador antiguo geom\u00e9trico - Tirador antiguo para muebles - Efecto cobre"},"content":{"rendered":"<p>Esencial, l\u00ednea cuadrada para el mango<strong> Geom\u00e9trico envejecido <\/strong>de Polideas.<\/p>\n<p>Dise\u00f1ado para personalizar muebles de cocina, dormitorios y salones con un aire retro, el tirador<strong> Geom\u00e9trico envejecido <\/strong>es ideal para unificar habitaciones amuebladas en estilo cl\u00e1sico, industrial o campestre.<\/p>\n<p>Disponible en elegante <strong>efecto bronce, efecto cobre y efecto hierro<\/strong>, el asa Geometric garantiza un agarre s\u00f3lido y seguro y, gracias a una compleja e innovadora t\u00e9cnica de procesamiento que combina las cualidades est\u00e9ticas del metal desgastado con la practicidad y ergonom\u00eda de los materiales pl\u00e1sticos de calidad, consigue un efecto antiguo \u00fanico.<\/p>\n<p>Con 142 mm de largo y 14 mm de alto, es ideal para a\u00f1adir un toque de estilo a los muebles, d\u00e1ndoles un encanto del viejo mundo.<\/p>","protected":false},"excerpt":{"rendered":"<p>Linea essenziale e squadrata per la maniglia anticata Geometric di Polideas. Pensata per personalizzare i mobili di cucina, camere da letto e living dal sapore retr\u00f2, la maniglia anticata Geometric \u00e8 l\u2019ideale per uniformare gli ambienti arredati in stile classico, industrial o country. Disponibile nelle eleganti versioni ad effetto bronzo, effetto rame ed effetto ferro, [&#8230;]","protected":false},"featured_media":11208,"comment_status":"closed","ping_status":"closed","template":"","meta":{"_acf_changed":false},"product_brand":[],"product_cat":[72],"product_tag":[3149,3151,3180,3181,3152,3153,3156,3182,3183,3176,3100,3159,3160,3184,3185,3186,3187],"class_list":{"0":"post-10475","1":"product","2":"type-product","3":"status-publish","4":"has-post-thumbnail","6":"product_cat-maniglie-pomoli-anticati","7":"product_tag-maniglia","8":"product_tag-maniglia-anta-mobile","9":"product_tag-maniglia-antica","10":"product_tag-maniglia-anticata","11":"product_tag-maniglia-cassettiera","12":"product_tag-maniglia-cassetto","13":"product_tag-maniglia-design","14":"product_tag-maniglia-effetto-anticato","15":"product_tag-maniglia-effetto-antico","16":"product_tag-maniglia-interasse-128mm","17":"product_tag-maniglia-mobile","18":"product_tag-maniglia-mobile-al-miglior-prezzo","19":"product_tag-maniglia-mobile-arredamento","20":"product_tag-maniglia-per-mobile-antico","21":"product_tag-maniglia-restauro-mobili","22":"product_tag-maniglia-rustico","23":"product_tag-maniglie-per-restaurazione-mobili","25":"first","26":"instock","27":"taxable","28":"shipping-taxable","29":"purchasable","30":"product-type-simple"},"acf":[],"_links":{"self":[{"href":"http:\/\/www.polideas.it\/es\/wp-json\/wp\/v2\/product\/10475","targetHints":{"allow":["GET"]}}],"collection":[{"href":"http:\/\/www.polideas.it\/es\/wp-json\/wp\/v2\/product"}],"about":[{"href":"http:\/\/www.polideas.it\/es\/wp-json\/wp\/v2\/types\/product"}],"replies":[{"embeddable":true,"href":"http:\/\/www.polideas.it\/es\/wp-json\/wp\/v2\/comments?post=10475"}],"wp:featuredmedia":[{"embeddable":true,"href":"http:\/\/www.polideas.it\/es\/wp-json\/wp\/v2\/media\/11208"}],"wp:attachment":[{"href":"http:\/\/www.polideas.it\/es\/wp-json\/wp\/v2\/media?parent=10475"}],"wp:term":[{"taxonomy":"product_brand","embeddable":true,"href":"http:\/\/www.polideas.it\/es\/wp-json\/wp\/v2\/product_brand?post=10475"},{"taxonomy":"product_cat","embeddable":true,"href":"http:\/\/www.polideas.it\/es\/wp-json\/wp\/v2\/product_cat?post=10475"},{"taxonomy":"product_tag","embeddable":true,"href":"http:\/\/www.polideas.it\/es\/wp-json\/wp\/v2\/product_tag?post=10475"}],"curies":[{"name":"wp","href":"https:\/\/api.w.org\/{rel}","templated":true}]}}