{"id":10485,"date":"2022-02-28T21:57:30","date_gmt":"2022-02-28T20:57:30","guid":{"rendered":"https:\/\/www.polideas.it\/?post_type=product&#038;p=10485"},"modified":"2025-01-30T11:37:45","modified_gmt":"2025-01-30T10:37:45","slug":"asa-fina-asa-movil-diseno-efecto-aluminio","status":"publish","type":"product","link":"http:\/\/www.polideas.it\/es\/en-2\/pomos-de-salon-tiradores\/asa-fina-asa-movil-diseno-efecto-aluminio\/","title":{"rendered":"Asa fina - Asa de dise\u00f1o m\u00f3vil - Efecto aluminio"},"content":{"rendered":"<p>Delgado pero con un dise\u00f1o \u00fanico y sofisticado: es el <strong>asa<\/strong> <strong>Delgado por Polideas<\/strong>.<\/p>\n<p>Con su forma ergon\u00f3mica especial, se presta perfectamente a <strong>modernizar el mobiliario <\/strong>de la entrada y el sal\u00f3n, pero tambi\u00e9n es ideal para a\u00f1adir un toque de refinamiento a los muebles del dormitorio, garantizando un agarre firme en cualquier situaci\u00f3n.<\/p>\n<p>Disponible en <strong>acabados efecto aluminio y cromo pulido<\/strong>Tiene una anchura de 125 mm y una altura de 36 mm, lo que lo convierte en el complemento ideal para dar nueva vida a los muebles con estilo y sencillez.<\/p>\n<p>La <strong>mango Delgado<\/strong> es el resultado de una investigaci\u00f3n continua combinada con la atenci\u00f3n t\u00edpica de las producciones Made in Italy y est\u00e1 fabricado con materiales de primera calidad para garantizar la m\u00e1xima seguridad en todo momento.<\/p>","protected":false},"excerpt":{"rendered":"<p>Sottile ma dal design unico e ricercato: \u00e8 la maniglia Thin di Polideas. Con la sua particolare forma ergonomica, si presta perfettamente a modernizzare i mobili dell\u2019ingresso e della zona living, ma \u00e8 l\u2019ideale anche per dare un tocco di ricercatezza ai mobili della camera da letto, garantendo una presa salda e sicura in ogni [&#8230;]\n","protected":false},"featured_media":14577,"comment_status":"closed","ping_status":"closed","template":"","meta":{"_acf_changed":false},"product_brand":[],"product_cat":[47],"product_tag":[3149,3151,3173,3174,3152,3153,3175,3156,3100,3159,3160,3177,3178,3179],"class_list":{"0":"post-10485","1":"product","2":"type-product","3":"status-publish","4":"has-post-thumbnail","6":"product_cat-maniglie-pomelli-camera-soggiorno","7":"product_tag-maniglia","8":"product_tag-maniglia-anta-mobile","9":"product_tag-maniglia-anta-mobile-soggiorno","10":"product_tag-maniglia-anta-soggiorno","11":"product_tag-maniglia-cassettiera","12":"product_tag-maniglia-cassetto","13":"product_tag-maniglia-cassetto-soggiorno","14":"product_tag-maniglia-design","15":"product_tag-maniglia-mobile","16":"product_tag-maniglia-mobile-al-miglior-prezzo","17":"product_tag-maniglia-mobile-arredamento","18":"product_tag-maniglia-mobile-soggiorno","19":"product_tag-maniglia-per-mobile-soggiorno","20":"product_tag-maniglia-soggiorno","22":"first","23":"instock","24":"taxable","25":"shipping-taxable","26":"purchasable","27":"product-type-simple"},"acf":[],"_links":{"self":[{"href":"http:\/\/www.polideas.it\/es\/wp-json\/wp\/v2\/product\/10485","targetHints":{"allow":["GET"]}}],"collection":[{"href":"http:\/\/www.polideas.it\/es\/wp-json\/wp\/v2\/product"}],"about":[{"href":"http:\/\/www.polideas.it\/es\/wp-json\/wp\/v2\/types\/product"}],"replies":[{"embeddable":true,"href":"http:\/\/www.polideas.it\/es\/wp-json\/wp\/v2\/comments?post=10485"}],"wp:featuredmedia":[{"embeddable":true,"href":"http:\/\/www.polideas.it\/es\/wp-json\/wp\/v2\/media\/14577"}],"wp:attachment":[{"href":"http:\/\/www.polideas.it\/es\/wp-json\/wp\/v2\/media?parent=10485"}],"wp:term":[{"taxonomy":"product_brand","embeddable":true,"href":"http:\/\/www.polideas.it\/es\/wp-json\/wp\/v2\/product_brand?post=10485"},{"taxonomy":"product_cat","embeddable":true,"href":"http:\/\/www.polideas.it\/es\/wp-json\/wp\/v2\/product_cat?post=10485"},{"taxonomy":"product_tag","embeddable":true,"href":"http:\/\/www.polideas.it\/es\/wp-json\/wp\/v2\/product_tag?post=10485"}],"curies":[{"name":"wp","href":"https:\/\/api.w.org\/{rel}","templated":true}]}}