{"id":10486,"date":"2022-02-28T21:57:31","date_gmt":"2022-02-28T20:57:31","guid":{"rendered":"https:\/\/www.polideas.it\/?post_type=product&#038;p=10486"},"modified":"2025-01-30T11:28:48","modified_gmt":"2025-01-30T10:28:48","slug":"mango-madera-mango-muebles-diseno","status":"publish","type":"product","link":"http:\/\/www.polideas.it\/es\/en-2\/pomos-de-salon-tiradores\/mango-madera-mango-muebles-diseno\/","title":{"rendered":"Asa de madera - Asa de dise\u00f1o m\u00f3vil"},"content":{"rendered":"<p>C\u00e1lido y acogedor: esta es la caracter\u00edstica predominante del <strong>Madera de mango de Polideas.<\/strong><\/p>\n<p>Con la tradicional forma arqueada, que garantiza un agarre c\u00f3modo y seguro, Wood es el tirador ideal para personalizar los muebles del dormitorio y el sal\u00f3n <strong>amueblado en estilo n\u00f3rdico, cl\u00e1sico o campestre.<\/strong><\/p>\n<p>Disponible en el <strong>acabado efecto aluminio<\/strong>Tiene una anchura de 41 mm y una altura de s\u00f3lo 9 mm, lo que la convierte en el complemento ideal para renovar muebles peque\u00f1os como cajones y c\u00f3modas.<\/p>\n<p>La <strong>mango Madera<\/strong> es el resultado de una investigaci\u00f3n continua combinada con la atenci\u00f3n t\u00edpica de las producciones Made in Italy y est\u00e1 fabricado con materiales de primera calidad para garantizar la m\u00e1xima seguridad en todo momento.<\/p>","protected":false},"excerpt":{"rendered":"<p>Calda e avvolgente: \u00e8 questa la caratteristica predominante della maniglia Wood di Polideas. Nella tradizionale forma ad arco, che assicura una presa comoda e sicura, Wood \u00e8 la maniglia ideale per personalizzare i mobili delle camere da letto e dei salotti arredati in stile nordico, classico o country. Disponibile nella finitura ad effetto alluminio, ha [&#8230;]\n","protected":false},"featured_media":8961,"comment_status":"closed","ping_status":"closed","template":"","meta":{"_acf_changed":false},"product_brand":[],"product_cat":[47],"product_tag":[3149,3151,3173,3174,3152,3153,3175,3156,3199,3100,3159,3160,3177,3178,3179],"class_list":{"0":"post-10486","1":"product","2":"type-product","3":"status-publish","4":"has-post-thumbnail","6":"product_cat-maniglie-pomelli-camera-soggiorno","7":"product_tag-maniglia","8":"product_tag-maniglia-anta-mobile","9":"product_tag-maniglia-anta-mobile-soggiorno","10":"product_tag-maniglia-anta-soggiorno","11":"product_tag-maniglia-cassettiera","12":"product_tag-maniglia-cassetto","13":"product_tag-maniglia-cassetto-soggiorno","14":"product_tag-maniglia-design","15":"product_tag-maniglia-interasse-32-mm","16":"product_tag-maniglia-mobile","17":"product_tag-maniglia-mobile-al-miglior-prezzo","18":"product_tag-maniglia-mobile-arredamento","19":"product_tag-maniglia-mobile-soggiorno","20":"product_tag-maniglia-per-mobile-soggiorno","21":"product_tag-maniglia-soggiorno","23":"first","24":"instock","25":"taxable","26":"shipping-taxable","27":"purchasable","28":"product-type-simple"},"acf":[],"_links":{"self":[{"href":"http:\/\/www.polideas.it\/es\/wp-json\/wp\/v2\/product\/10486","targetHints":{"allow":["GET"]}}],"collection":[{"href":"http:\/\/www.polideas.it\/es\/wp-json\/wp\/v2\/product"}],"about":[{"href":"http:\/\/www.polideas.it\/es\/wp-json\/wp\/v2\/types\/product"}],"replies":[{"embeddable":true,"href":"http:\/\/www.polideas.it\/es\/wp-json\/wp\/v2\/comments?post=10486"}],"wp:featuredmedia":[{"embeddable":true,"href":"http:\/\/www.polideas.it\/es\/wp-json\/wp\/v2\/media\/8961"}],"wp:attachment":[{"href":"http:\/\/www.polideas.it\/es\/wp-json\/wp\/v2\/media?parent=10486"}],"wp:term":[{"taxonomy":"product_brand","embeddable":true,"href":"http:\/\/www.polideas.it\/es\/wp-json\/wp\/v2\/product_brand?post=10486"},{"taxonomy":"product_cat","embeddable":true,"href":"http:\/\/www.polideas.it\/es\/wp-json\/wp\/v2\/product_cat?post=10486"},{"taxonomy":"product_tag","embeddable":true,"href":"http:\/\/www.polideas.it\/es\/wp-json\/wp\/v2\/product_tag?post=10486"}],"curies":[{"name":"wp","href":"https:\/\/api.w.org\/{rel}","templated":true}]}}