{"id":10492,"date":"2022-02-28T21:57:31","date_gmt":"2022-02-28T20:57:31","guid":{"rendered":"https:\/\/www.polideas.it\/?post_type=product&#038;p=10492"},"modified":"2025-01-30T12:17:03","modified_gmt":"2025-01-30T11:17:03","slug":"asa-de-agarre-antigua-asa-movil-efecto-cobre","status":"publish","type":"product","link":"http:\/\/www.polideas.it\/es\/en-2\/tiradores-antiguos-pomos\/asa-de-agarre-antigua-asa-movil-efecto-cobre\/","title":{"rendered":"Asa Grip Antique - Asa m\u00f3vil antigua - Efecto cobre"},"content":{"rendered":"<p>Sinuoso y esencial: este es el identikit del mango<strong> Grip envejecido <\/strong>de Polideas.<\/p>\n<p>Dise\u00f1ado para personalizar muebles de cocina, dormitorios y salones con un aire retro, el tirador<strong> Grip envejecido <\/strong>es ideal para unificar habitaciones amuebladas en estilo cl\u00e1sico, industrial o campestre.<\/p>\n<p>Disponible en elegante <strong>efecto bronce, efecto cobre y efecto hierro<\/strong>La empu\u00f1adura Grip garantiza un agarre s\u00f3lido y seguro y, gracias a una compleja e innovadora elaboraci\u00f3n que combina los m\u00e9ritos est\u00e9ticos del metal envejecido con la practicidad y ergonom\u00eda de los materiales pl\u00e1sticos de calidad, consigue un efecto envejecido \u00fanico.<\/p>\n<p>Con una anchura de 105 mm y una altura de 37 mm, es ideal para renovar el mobiliario habitual y darle una nueva luz al instante.<\/p>","protected":false},"excerpt":{"rendered":"<p>Sinuosa ed essenziale: ecco l\u2019identikit della maniglia anticata Grip di Polideas. Pensata per personalizzare i mobili di cucina, camere da letto e living dal sapore retr\u00f2, la maniglia anticata Grip \u00e8 l\u2019ideale per uniformare gli ambienti arredati in stile classico, industrial o country. Disponibile nelle eleganti versioni ad effetto bronzo, effetto rame ed effetto ferro, [&#8230;]\n","protected":false},"featured_media":11223,"comment_status":"closed","ping_status":"closed","template":"","meta":{"_acf_changed":false},"product_brand":[],"product_cat":[72],"product_tag":[3149,3151,3180,3181,3152,3153,3156,3182,3183,3193,3100,3159,3160,3184,3185,3186,3187],"class_list":{"0":"post-10492","1":"product","2":"type-product","3":"status-publish","4":"has-post-thumbnail","6":"product_cat-maniglie-pomoli-anticati","7":"product_tag-maniglia","8":"product_tag-maniglia-anta-mobile","9":"product_tag-maniglia-antica","10":"product_tag-maniglia-anticata","11":"product_tag-maniglia-cassettiera","12":"product_tag-maniglia-cassetto","13":"product_tag-maniglia-design","14":"product_tag-maniglia-effetto-anticato","15":"product_tag-maniglia-effetto-antico","16":"product_tag-maniglia-interasse-96mm","17":"product_tag-maniglia-mobile","18":"product_tag-maniglia-mobile-al-miglior-prezzo","19":"product_tag-maniglia-mobile-arredamento","20":"product_tag-maniglia-per-mobile-antico","21":"product_tag-maniglia-restauro-mobili","22":"product_tag-maniglia-rustico","23":"product_tag-maniglie-per-restaurazione-mobili","25":"first","26":"instock","27":"taxable","28":"shipping-taxable","29":"purchasable","30":"product-type-simple"},"acf":[],"_links":{"self":[{"href":"http:\/\/www.polideas.it\/es\/wp-json\/wp\/v2\/product\/10492","targetHints":{"allow":["GET"]}}],"collection":[{"href":"http:\/\/www.polideas.it\/es\/wp-json\/wp\/v2\/product"}],"about":[{"href":"http:\/\/www.polideas.it\/es\/wp-json\/wp\/v2\/types\/product"}],"replies":[{"embeddable":true,"href":"http:\/\/www.polideas.it\/es\/wp-json\/wp\/v2\/comments?post=10492"}],"wp:featuredmedia":[{"embeddable":true,"href":"http:\/\/www.polideas.it\/es\/wp-json\/wp\/v2\/media\/11223"}],"wp:attachment":[{"href":"http:\/\/www.polideas.it\/es\/wp-json\/wp\/v2\/media?parent=10492"}],"wp:term":[{"taxonomy":"product_brand","embeddable":true,"href":"http:\/\/www.polideas.it\/es\/wp-json\/wp\/v2\/product_brand?post=10492"},{"taxonomy":"product_cat","embeddable":true,"href":"http:\/\/www.polideas.it\/es\/wp-json\/wp\/v2\/product_cat?post=10492"},{"taxonomy":"product_tag","embeddable":true,"href":"http:\/\/www.polideas.it\/es\/wp-json\/wp\/v2\/product_tag?post=10492"}],"curies":[{"name":"wp","href":"https:\/\/api.w.org\/{rel}","templated":true}]}}