{"id":10500,"date":"2022-02-28T21:57:54","date_gmt":"2022-02-28T20:57:54","guid":{"rendered":"https:\/\/www.polideas.it\/?post_type=product&#038;p=10500"},"modified":"2025-02-25T11:13:00","modified_gmt":"2025-02-25T10:13:00","slug":"asa-geo-asa-de-armario-de-diseno-transparente-con-inserciones-de-cromo-pulido","status":"publish","type":"product","link":"http:\/\/www.polideas.it\/es\/en-2\/pomos-de-salon-tiradores\/asa-geo-asa-de-armario-de-diseno-transparente-con-inserciones-de-cromo-pulido\/","title":{"rendered":"Asa Geo - Asa de dise\u00f1o m\u00f3vil - Transparente con inserciones de cromo pulido"},"content":{"rendered":"<p>La <strong>Geo asa de Polideas<\/strong> destaca por su dise\u00f1o esencial y extremadamente chic.<\/p>\n<p>Gracias a su especial composici\u00f3n, Geo es un complemento ligero y aireado, perfecto para completar muebles de sal\u00f3n, dormitorio o sala de estar alegrando la estancia.<\/p>\n<p>Disponible en el <strong>versi\u00f3n transparente con inserciones de cromo pulido y en efecto satinado opalino con inserciones de efecto aluminio<\/strong>Tiene una anchura de 183 mm y una altura de 25 mm y es ideal para quienes buscan soluciones de dise\u00f1o sofisticadas y esenciales para unificar estancias.<\/p>\n<p>La <strong>manejar Geo <\/strong>es el resultado de una investigaci\u00f3n continua combinada con la atenci\u00f3n t\u00edpica de las producciones Made in Italy y est\u00e1 fabricado con materiales de primera calidad para garantizar la m\u00e1xima seguridad en todo momento.<\/p>","protected":false},"excerpt":{"rendered":"<p>La manija Geo de Polideas destaca por su dise\u00f1o esencial y extremadamente elegante. Gracias a su particular composici\u00f3n, Geo es un complemento ligero y aireado, perfecto para completar los muebles del sal\u00f3n, el dormitorio o la sala de estar, aportando luminosidad a los ambientes. Disponible en la versi\u00f3n transparente con inserciones cromadas brillantes y en el efecto satinado opalino [\u2026]","protected":false},"featured_media":15815,"comment_status":"closed","ping_status":"closed","template":"","meta":{"_acf_changed":false},"product_brand":[],"product_cat":[47],"product_tag":[3149,3151,3173,3174,3209,3205,3152,3153,3175,3156,3158,3100,3159,3160,3211,3177,3178,3179,3164],"class_list":{"0":"post-10500","1":"product","2":"type-product","3":"status-publish","4":"has-post-thumbnail","6":"product_cat-maniglie-pomelli-camera-soggiorno","7":"product_tag-maniglia","8":"product_tag-maniglia-anta-mobile","9":"product_tag-maniglia-anta-mobile-soggiorno","10":"product_tag-maniglia-anta-soggiorno","11":"product_tag-maniglia-arredo","12":"product_tag-maniglia-camera","13":"product_tag-maniglia-cassettiera","14":"product_tag-maniglia-cassetto","15":"product_tag-maniglia-cassetto-soggiorno","16":"product_tag-maniglia-design","17":"product_tag-maniglia-interasse-160mm","18":"product_tag-maniglia-mobile","19":"product_tag-maniglia-mobile-al-miglior-prezzo","20":"product_tag-maniglia-mobile-arredamento","21":"product_tag-maniglia-mobile-camera","22":"product_tag-maniglia-mobile-soggiorno","23":"product_tag-maniglia-per-mobile-soggiorno","24":"product_tag-maniglia-soggiorno","25":"product_tag-maniglie-trasparenti-per-mobili","27":"first","28":"instock","29":"taxable","30":"shipping-taxable","31":"purchasable","32":"product-type-simple"},"acf":[],"_links":{"self":[{"href":"http:\/\/www.polideas.it\/es\/wp-json\/wp\/v2\/product\/10500","targetHints":{"allow":["GET"]}}],"collection":[{"href":"http:\/\/www.polideas.it\/es\/wp-json\/wp\/v2\/product"}],"about":[{"href":"http:\/\/www.polideas.it\/es\/wp-json\/wp\/v2\/types\/product"}],"replies":[{"embeddable":true,"href":"http:\/\/www.polideas.it\/es\/wp-json\/wp\/v2\/comments?post=10500"}],"wp:featuredmedia":[{"embeddable":true,"href":"http:\/\/www.polideas.it\/es\/wp-json\/wp\/v2\/media\/15815"}],"wp:attachment":[{"href":"http:\/\/www.polideas.it\/es\/wp-json\/wp\/v2\/media?parent=10500"}],"wp:term":[{"taxonomy":"product_brand","embeddable":true,"href":"http:\/\/www.polideas.it\/es\/wp-json\/wp\/v2\/product_brand?post=10500"},{"taxonomy":"product_cat","embeddable":true,"href":"http:\/\/www.polideas.it\/es\/wp-json\/wp\/v2\/product_cat?post=10500"},{"taxonomy":"product_tag","embeddable":true,"href":"http:\/\/www.polideas.it\/es\/wp-json\/wp\/v2\/product_tag?post=10500"}],"curies":[{"name":"wp","href":"https:\/\/api.w.org\/{rel}","templated":true}]}}