{"id":10549,"date":"2022-02-28T21:58:43","date_gmt":"2022-02-28T20:58:43","guid":{"rendered":"https:\/\/www.polideas.it\/?post_type=product&#038;p=10549"},"modified":"2025-11-26T21:13:27","modified_gmt":"2025-11-26T20:13:27","slug":"concepto-tirador-diseno-cromo-pulido-tirador-de-armario","status":"publish","type":"product","link":"http:\/\/www.polideas.it\/es\/en-2\/pomos-de-salon-tiradores\/concepto-tirador-diseno-cromo-pulido-tirador-de-armario\/","title":{"rendered":"Concepto de asa - Asa de dise\u00f1o m\u00f3vil - Cromo pulido"},"content":{"rendered":"<p>Dise\u00f1o sofisticado y l\u00edneas cuadradas para el<strong> Polideas Mango conceptual.<\/strong><\/p>\n<p>Esencial y geom\u00e9trico, Concept es el tirador ideal para renovar los muebles del dormitorio, la entrada y el sal\u00f3n centr\u00e1ndose en un <strong>complemento buscado <\/strong>que destaca por su estilo atemporal.<\/p>\n<p>Disponible en <strong>acabados efecto aluminio, cromo pulido y lacado blanco<\/strong>Tiene una anchura de 80 mm y una altura de 80 mm, por lo que es perfectamente cuadrada, ideal para diversas combinaciones de muebles y, en particular, para completar con estilo armarios, gabinetes y mesillas de noche.<\/p>\n<p>La <strong>asa Concepto <\/strong>es el resultado de una investigaci\u00f3n continua combinada con la atenci\u00f3n t\u00edpica de las producciones Made in Italy y est\u00e1 fabricado con materiales de primera calidad para garantizar la m\u00e1xima seguridad en todo momento.<\/p>","protected":false},"excerpt":{"rendered":"<p>Design ricercato e linea squadrata per la maniglia Concept di Polideas. Essenziale e geometrica, Concept \u00e8 la maniglia ideale per rinnovare i mobili della camera da letto, dell\u2019ingresso e della zona living puntando su un complemento ricercato che si fa notare per il suo stile senza tempo. Disponibile nelle finiture ad effetto alluminio, cromato lucido [&#8230;]\n","protected":false},"featured_media":13671,"comment_status":"closed","ping_status":"closed","template":"","meta":{"_acf_changed":false},"product_brand":[],"product_cat":[47],"product_tag":[3149,3151,3173,3174,3209,3283,3152,3153,3175,3212,3155,3156,3284,3198,3100,3159,3160,3211,3285,3177,3178,3179],"class_list":{"0":"post-10549","1":"product","2":"type-product","3":"status-publish","4":"has-post-thumbnail","6":"product_cat-maniglie-pomelli-camera-soggiorno","7":"product_tag-maniglia","8":"product_tag-maniglia-anta-mobile","9":"product_tag-maniglia-anta-mobile-soggiorno","10":"product_tag-maniglia-anta-soggiorno","11":"product_tag-maniglia-arredo","12":"product_tag-maniglia-bianca-mobile","13":"product_tag-maniglia-cassettiera","14":"product_tag-maniglia-cassetto","15":"product_tag-maniglia-cassetto-soggiorno","16":"product_tag-maniglia-cromata","17":"product_tag-maniglia-cucina","18":"product_tag-maniglia-design","19":"product_tag-maniglia-effetto-argento","20":"product_tag-maniglia-interasse-64mm","21":"product_tag-maniglia-mobile","22":"product_tag-maniglia-mobile-al-miglior-prezzo","23":"product_tag-maniglia-mobile-arredamento","24":"product_tag-maniglia-mobile-camera","25":"product_tag-maniglia-mobile-design","26":"product_tag-maniglia-mobile-soggiorno","27":"product_tag-maniglia-per-mobile-soggiorno","28":"product_tag-maniglia-soggiorno","30":"first","31":"instock","32":"taxable","33":"shipping-taxable","34":"purchasable","35":"product-type-simple"},"acf":[],"_links":{"self":[{"href":"http:\/\/www.polideas.it\/es\/wp-json\/wp\/v2\/product\/10549","targetHints":{"allow":["GET"]}}],"collection":[{"href":"http:\/\/www.polideas.it\/es\/wp-json\/wp\/v2\/product"}],"about":[{"href":"http:\/\/www.polideas.it\/es\/wp-json\/wp\/v2\/types\/product"}],"replies":[{"embeddable":true,"href":"http:\/\/www.polideas.it\/es\/wp-json\/wp\/v2\/comments?post=10549"}],"wp:featuredmedia":[{"embeddable":true,"href":"http:\/\/www.polideas.it\/es\/wp-json\/wp\/v2\/media\/13671"}],"wp:attachment":[{"href":"http:\/\/www.polideas.it\/es\/wp-json\/wp\/v2\/media?parent=10549"}],"wp:term":[{"taxonomy":"product_brand","embeddable":true,"href":"http:\/\/www.polideas.it\/es\/wp-json\/wp\/v2\/product_brand?post=10549"},{"taxonomy":"product_cat","embeddable":true,"href":"http:\/\/www.polideas.it\/es\/wp-json\/wp\/v2\/product_cat?post=10549"},{"taxonomy":"product_tag","embeddable":true,"href":"http:\/\/www.polideas.it\/es\/wp-json\/wp\/v2\/product_tag?post=10549"}],"curies":[{"name":"wp","href":"https:\/\/api.w.org\/{rel}","templated":true}]}}