{"id":10556,"date":"2022-02-28T21:58:44","date_gmt":"2022-02-28T20:58:44","guid":{"rendered":"https:\/\/www.polideas.it\/?post_type=product&#038;p=10556"},"modified":"2026-02-05T16:54:29","modified_gmt":"2026-02-05T15:54:29","slug":"packman-mango-movil-infantil-gofrado-fino-verde","status":"publish","type":"product","link":"http:\/\/www.polideas.it\/es\/en-2\/pomos-tiradores-infantiles-2\/packman-mango-movil-infantil-gofrado-fino-verde\/","title":{"rendered":"Mango infantil Packman - Mango m\u00f3vil infantil - Estampado fino verde"},"content":{"rendered":"<p>Est\u00e1 dedicado a los ni\u00f1os m\u00e1s aventureros y amantes de los juegos la <strong>Packman mango de Polideas<\/strong> que se inspira en el famoso juego protagonizado por la voraz criatura esf\u00e9rica que se mueve dentro de un laberinto.<\/p>\n<p>Divertido e inusual, <strong>el asa Packman<\/strong> es perfecto para dar un toque de originalidad a los dormitorios infantiles.<\/p>\n<p>Disponible en <strong>dos matices<\/strong>, azul claro gofrado fino y verde gofrado fino, es perfecto para a\u00f1adir un toque de color a cajones y muebles y puede utilizarse en un solo color o incluso en una divertida combinaci\u00f3n de colores, encajando perfectamente en dormitorios de ni\u00f1os y ni\u00f1as.<\/p>\n<p>Fabricado en total conformidad con la normativa europea REACH, el mango Packman no tiene bordes afilados y garantiza la m\u00e1xima seguridad en cualquier situaci\u00f3n.<\/p>","protected":false},"excerpt":{"rendered":"<p>E\u2019 dedicata ai bambini pi\u00f9 avventurosi ed amanti dei videogiochi la maniglia Packman di Polideas che si ispira al famoso gioco con protagonista la vorace creatura sferica che si muove all\u2019interno di un labirinto. Divertente e insolita, la maniglia Packman \u00e8 perfetta per dare una marcia in pi\u00f9 alle camerette dei pi\u00f9 piccoli portando una [&#8230;]\n","protected":false},"featured_media":13832,"comment_status":"closed","ping_status":"closed","template":"","meta":{"_acf_changed":false},"product_brand":[],"product_cat":[24],"product_tag":[3149,3287,3151,3203,3207,3152,3153,3237,3198,3100,3159,3160,3241,3242,3243,3244,3288,3289,3162,3290],"class_list":{"0":"post-10556","1":"product","2":"type-product","3":"status-publish","4":"has-post-thumbnail","6":"product_cat-maniglie-pomelli-bambini","7":"product_tag-maniglia","8":"product_tag-maniglia-a-forma-di-pacman","9":"product_tag-maniglia-anta-mobile","10":"product_tag-maniglia-bambini","11":"product_tag-maniglia-cameretta-bambini","12":"product_tag-maniglia-cassettiera","13":"product_tag-maniglia-cassetto","14":"product_tag-maniglia-cassetto-bambini","15":"product_tag-maniglia-interasse-64mm","16":"product_tag-maniglia-mobile","17":"product_tag-maniglia-mobile-al-miglior-prezzo","18":"product_tag-maniglia-mobile-arredamento","19":"product_tag-maniglia-mobile-ragazza","20":"product_tag-maniglia-mobile-ragazzi","21":"product_tag-maniglia-mobili-bambina","22":"product_tag-maniglia-mobili-bambino","23":"product_tag-maniglia-packman","24":"product_tag-maniglia-pacman","25":"product_tag-maniglie-colorate","26":"product_tag-pacman-maniglia","28":"first","29":"instock","30":"taxable","31":"shipping-taxable","32":"purchasable","33":"product-type-simple"},"acf":[],"_links":{"self":[{"href":"http:\/\/www.polideas.it\/es\/wp-json\/wp\/v2\/product\/10556","targetHints":{"allow":["GET"]}}],"collection":[{"href":"http:\/\/www.polideas.it\/es\/wp-json\/wp\/v2\/product"}],"about":[{"href":"http:\/\/www.polideas.it\/es\/wp-json\/wp\/v2\/types\/product"}],"replies":[{"embeddable":true,"href":"http:\/\/www.polideas.it\/es\/wp-json\/wp\/v2\/comments?post=10556"}],"wp:featuredmedia":[{"embeddable":true,"href":"http:\/\/www.polideas.it\/es\/wp-json\/wp\/v2\/media\/13832"}],"wp:attachment":[{"href":"http:\/\/www.polideas.it\/es\/wp-json\/wp\/v2\/media?parent=10556"}],"wp:term":[{"taxonomy":"product_brand","embeddable":true,"href":"http:\/\/www.polideas.it\/es\/wp-json\/wp\/v2\/product_brand?post=10556"},{"taxonomy":"product_cat","embeddable":true,"href":"http:\/\/www.polideas.it\/es\/wp-json\/wp\/v2\/product_cat?post=10556"},{"taxonomy":"product_tag","embeddable":true,"href":"http:\/\/www.polideas.it\/es\/wp-json\/wp\/v2\/product_tag?post=10556"}],"curies":[{"name":"wp","href":"https:\/\/api.w.org\/{rel}","templated":true}]}}