{"id":10565,"date":"2022-02-28T21:58:45","date_gmt":"2022-02-28T20:58:45","guid":{"rendered":"https:\/\/www.polideas.it\/?post_type=product&#038;p=10565"},"modified":"2025-01-31T15:49:41","modified_gmt":"2025-01-31T14:49:41","slug":"osito-yoghi-pomo-movil-infantil-en-relieve-rosa-fino","status":"publish","type":"product","link":"http:\/\/www.polideas.it\/es\/en-2\/pomos-tiradores-infantiles-2\/osito-yoghi-pomo-movil-infantil-en-relieve-rosa-fino\/","title":{"rendered":"Mango infantil Oso Yoghi - Mango m\u00f3vil infantil - Estampado fino rosa"},"content":{"rendered":"<p>Dise\u00f1ado para todos los ni\u00f1os que adoran los osos de peluche, el nuevo <strong>Mango Yoghi<\/strong> enriquece la gama Polideas de pomos inspirados en los animales m\u00e1s tiernos y simp\u00e1ticos para crear accesorios de decoraci\u00f3n pr\u00e1cticos y \u00fanicos.<\/p>\n<p>Polideas reanuda la <strong>forma cl\u00e1sica de osito de peluche<\/strong>con su carita de peluche, y lo transforma en un pomo perfecto para a\u00f1adir un toque de dulzura a los dormitorios infantiles.<\/p>\n<p>Disponible en <strong>muchos matices<\/strong>Desde el fino gofrado azul, amarillo y rosa hasta el verde y el efecto de cristal opalino, el tirador Yoghi tambi\u00e9n es ideal para habitaciones de beb\u00e9s, as\u00ed como para alegrar las habitaciones de ni\u00f1os mayores.<\/p>\n<p>Fabricado en total conformidad con la normativa europea REACH, el mango Yoghi no tiene bordes afilados y garantiza la m\u00e1xima seguridad en cualquier situaci\u00f3n.<\/p>","protected":false},"excerpt":{"rendered":"<p>Pensato per tutti i bimbi che amano gli orsetti, la nuova Maniglia Yoghi arricchisce la linea di pomoli firmata Polideas che si ispira agli animali pi\u00f9 teneri e simpatici per dare vita a complementi d\u2019arredo pratici e unici. Polideas riprende la classica forma dell\u2019orsetto, con il suo tenero musetto, e la trasforma in un pomolo [&#8230;]","protected":false},"featured_media":11894,"comment_status":"closed","ping_status":"closed","template":"","meta":{"_acf_changed":false},"product_brand":[],"product_cat":[24],"product_tag":[3199,3294,3295,3296,3112,3113,3114,3121,3297,3122,3298,3123,3299,3115,3116,3124,3282,3117,3118,3125,3126,3127,3128,3300,3301],"class_list":{"0":"post-10565","1":"product","2":"type-product","3":"status-publish","4":"has-post-thumbnail","6":"product_cat-maniglie-pomelli-bambini","7":"product_tag-maniglia-interasse-32-mm","8":"product_tag-maniglia-orsetto","9":"product_tag-maniglia-orso","10":"product_tag-pomello-orso-bianco","11":"product_tag-pomolo","12":"product_tag-pomolo-al-miglior-prezzo","13":"product_tag-pomolo-anta-mobile","14":"product_tag-pomolo-armadio","15":"product_tag-pomolo-arredo","16":"product_tag-pomolo-bambini","17":"product_tag-pomolo-bambino-bianco","18":"product_tag-pomolo-cameretta-bambini","19":"product_tag-pomolo-cameretta-orso","20":"product_tag-pomolo-cassettiera","21":"product_tag-pomolo-cassetto","22":"product_tag-pomolo-cassetto-bambini","23":"product_tag-pomolo-interasse-32-mm","24":"product_tag-pomolo-mobile","25":"product_tag-pomolo-mobile-arredamento","26":"product_tag-pomolo-mobile-ragazza","27":"product_tag-pomolo-mobile-ragazzi","28":"product_tag-pomolo-mobili-bambina","29":"product_tag-pomolo-mobili-bambino","30":"product_tag-pomolo-per-bambini","31":"product_tag-pomolo-stanza-bambini","33":"first","34":"instock","35":"taxable","36":"shipping-taxable","37":"purchasable","38":"product-type-simple"},"acf":[],"_links":{"self":[{"href":"http:\/\/www.polideas.it\/es\/wp-json\/wp\/v2\/product\/10565","targetHints":{"allow":["GET"]}}],"collection":[{"href":"http:\/\/www.polideas.it\/es\/wp-json\/wp\/v2\/product"}],"about":[{"href":"http:\/\/www.polideas.it\/es\/wp-json\/wp\/v2\/types\/product"}],"replies":[{"embeddable":true,"href":"http:\/\/www.polideas.it\/es\/wp-json\/wp\/v2\/comments?post=10565"}],"wp:featuredmedia":[{"embeddable":true,"href":"http:\/\/www.polideas.it\/es\/wp-json\/wp\/v2\/media\/11894"}],"wp:attachment":[{"href":"http:\/\/www.polideas.it\/es\/wp-json\/wp\/v2\/media?parent=10565"}],"wp:term":[{"taxonomy":"product_brand","embeddable":true,"href":"http:\/\/www.polideas.it\/es\/wp-json\/wp\/v2\/product_brand?post=10565"},{"taxonomy":"product_cat","embeddable":true,"href":"http:\/\/www.polideas.it\/es\/wp-json\/wp\/v2\/product_cat?post=10565"},{"taxonomy":"product_tag","embeddable":true,"href":"http:\/\/www.polideas.it\/es\/wp-json\/wp\/v2\/product_tag?post=10565"}],"curies":[{"name":"wp","href":"https:\/\/api.w.org\/{rel}","templated":true}]}}