{"id":10584,"date":"2022-02-28T21:59:09","date_gmt":"2022-02-28T20:59:09","guid":{"rendered":"https:\/\/www.polideas.it\/?post_type=product&#038;p=10584"},"modified":"2025-09-22T16:55:00","modified_gmt":"2025-09-22T14:55:00","slug":"tirador-redondo-b-diseno-mueble-tirador-efecto-aluminio","status":"publish","type":"product","link":"http:\/\/www.polideas.it\/es\/en-2\/pomos-de-salon-tiradores\/tirador-redondo-b-diseno-mueble-tirador-efecto-aluminio\/","title":{"rendered":"Asa redonda B - Asa de dise\u00f1o m\u00f3vil - Efecto aluminio"},"content":{"rendered":"<p>La<strong> Polideas Mango redondo B <\/strong>es el cl\u00e1sico mango que le conquista por su sencillez.<\/p>\n<p>Minimalista y cuadrada, la Ronda B es el complemento ideal para renovar el mobiliario del dormitorio, el recibidor y el sal\u00f3n centr\u00e1ndose en un <strong>complemento sencillo, moderno y atractivo<\/strong>.<\/p>\n<p>Disponible en <strong>acabados efecto aluminio y cromo pulido<\/strong>Tiene una anchura de 140 mm y una altura de 20 mm y proporciona un agarre firme y seguro con todo tipo de muebles, dando inmediatamente la impresi\u00f3n de ser un accesorio extremadamente fiable.<\/p>\n<p>La <strong>asa Ronda B <\/strong>es el resultado de una investigaci\u00f3n continua combinada con la atenci\u00f3n t\u00edpica de las producciones Made in Italy y est\u00e1 fabricado con materiales de primera calidad para garantizar la m\u00e1xima seguridad en todo momento.<\/p>","protected":false},"excerpt":{"rendered":"<p>El tirador Round B de Polideas es el tirador cl\u00e1sico que conquista por su sencillez. Minimalista y cuadrada, Round B es el complemento ideal para renovar el mobiliario de dormitorios, entradas y salones apostando por un accesorio sencillo, moderno y cautivador. Disponible en acabados efecto aluminio y cromo pulido, [...]","protected":false},"featured_media":7506,"comment_status":"closed","ping_status":"closed","template":"","meta":{"_acf_changed":false},"product_brand":[],"product_cat":[47],"product_tag":[3149,3151,3173,3174,3209,3205,3152,3153,3175,3156,3176,3100,3159,3160,3211,3177,3178,3179],"class_list":{"0":"post-10584","1":"product","2":"type-product","3":"status-publish","4":"has-post-thumbnail","6":"product_cat-maniglie-pomelli-camera-soggiorno","7":"product_tag-maniglia","8":"product_tag-maniglia-anta-mobile","9":"product_tag-maniglia-anta-mobile-soggiorno","10":"product_tag-maniglia-anta-soggiorno","11":"product_tag-maniglia-arredo","12":"product_tag-maniglia-camera","13":"product_tag-maniglia-cassettiera","14":"product_tag-maniglia-cassetto","15":"product_tag-maniglia-cassetto-soggiorno","16":"product_tag-maniglia-design","17":"product_tag-maniglia-interasse-128mm","18":"product_tag-maniglia-mobile","19":"product_tag-maniglia-mobile-al-miglior-prezzo","20":"product_tag-maniglia-mobile-arredamento","21":"product_tag-maniglia-mobile-camera","22":"product_tag-maniglia-mobile-soggiorno","23":"product_tag-maniglia-per-mobile-soggiorno","24":"product_tag-maniglia-soggiorno","26":"first","27":"instock","28":"taxable","29":"shipping-taxable","30":"purchasable","31":"product-type-simple"},"acf":[],"_links":{"self":[{"href":"http:\/\/www.polideas.it\/es\/wp-json\/wp\/v2\/product\/10584","targetHints":{"allow":["GET"]}}],"collection":[{"href":"http:\/\/www.polideas.it\/es\/wp-json\/wp\/v2\/product"}],"about":[{"href":"http:\/\/www.polideas.it\/es\/wp-json\/wp\/v2\/types\/product"}],"replies":[{"embeddable":true,"href":"http:\/\/www.polideas.it\/es\/wp-json\/wp\/v2\/comments?post=10584"}],"wp:featuredmedia":[{"embeddable":true,"href":"http:\/\/www.polideas.it\/es\/wp-json\/wp\/v2\/media\/7506"}],"wp:attachment":[{"href":"http:\/\/www.polideas.it\/es\/wp-json\/wp\/v2\/media?parent=10584"}],"wp:term":[{"taxonomy":"product_brand","embeddable":true,"href":"http:\/\/www.polideas.it\/es\/wp-json\/wp\/v2\/product_brand?post=10584"},{"taxonomy":"product_cat","embeddable":true,"href":"http:\/\/www.polideas.it\/es\/wp-json\/wp\/v2\/product_cat?post=10584"},{"taxonomy":"product_tag","embeddable":true,"href":"http:\/\/www.polideas.it\/es\/wp-json\/wp\/v2\/product_tag?post=10584"}],"curies":[{"name":"wp","href":"https:\/\/api.w.org\/{rel}","templated":true}]}}