{"id":10588,"date":"2022-02-28T21:59:09","date_gmt":"2022-02-28T20:59:09","guid":{"rendered":"https:\/\/www.polideas.it\/?post_type=product&#038;p=10588"},"modified":"2025-01-29T16:42:55","modified_gmt":"2025-01-29T15:42:55","slug":"asa-grande-redonda-en-c-diseno-de-armario-cromada","status":"publish","type":"product","link":"http:\/\/www.polideas.it\/es\/en-2\/pomos-de-salon-tiradores\/asa-grande-redonda-en-c-diseno-de-armario-cromada\/","title":{"rendered":"Asa C redonda grande - Asa de dise\u00f1o m\u00f3vil - Cromo pulido"},"content":{"rendered":"<p>Esencial, moderno, sofisticado: este es el identikit del <strong>asa<\/strong> <strong>Gran C redonda de Polideas<\/strong>.<\/p>\n<p>Ideal para personalizar de forma sencilla y eficaz muebles de dormitorio, c\u00f3modas y cajoneras sobre todo, tambi\u00e9n se presta perfectamente para <strong>modernizar el mobiliario <\/strong>de la entrada y la zona de estar.<\/p>\n<p>Disponible en <strong>acabados en cromo pulido y efecto aluminio<\/strong>Tiene una anchura de 172 mm y una altura de 20 mm, lo que lo convierte en el complemento ideal para insuflar nueva vida a las habitaciones del hogar al tiempo que proporciona un agarre seguro con un volumen m\u00ednimo.<\/p>\n<p>La <strong>Gran asa redonda en C<\/strong> es el resultado de una investigaci\u00f3n continua combinada con la atenci\u00f3n t\u00edpica de las producciones Made in Italy y est\u00e1 fabricado con materiales de primera calidad para garantizar la m\u00e1xima seguridad en todo momento.<\/p>","protected":false},"excerpt":{"rendered":"<p>&nbsp;<\/p>\n<p>&nbsp;<\/p>","protected":false},"featured_media":7500,"comment_status":"closed","ping_status":"closed","template":"","meta":{"_acf_changed":false},"product_brand":[],"product_cat":[47],"product_tag":[3149,3200,3151,3173,3174,3209,3205,3152,3153,3175,3156,3210,3158,3100,3159,3160,3177,3178,3179],"class_list":{"0":"post-10588","1":"product","2":"type-product","3":"status-publish","4":"has-post-thumbnail","6":"product_cat-maniglie-pomelli-camera-soggiorno","7":"product_tag-maniglia","8":"product_tag-maniglia-anta","9":"product_tag-maniglia-anta-mobile","10":"product_tag-maniglia-anta-mobile-soggiorno","11":"product_tag-maniglia-anta-soggiorno","12":"product_tag-maniglia-arredo","13":"product_tag-maniglia-camera","14":"product_tag-maniglia-cassettiera","15":"product_tag-maniglia-cassetto","16":"product_tag-maniglia-cassetto-soggiorno","17":"product_tag-maniglia-design","18":"product_tag-maniglia-effetto-alluminio","19":"product_tag-maniglia-interasse-160mm","20":"product_tag-maniglia-mobile","21":"product_tag-maniglia-mobile-al-miglior-prezzo","22":"product_tag-maniglia-mobile-arredamento","23":"product_tag-maniglia-mobile-soggiorno","24":"product_tag-maniglia-per-mobile-soggiorno","25":"product_tag-maniglia-soggiorno","27":"first","28":"instock","29":"taxable","30":"shipping-taxable","31":"purchasable","32":"product-type-simple"},"acf":[],"_links":{"self":[{"href":"http:\/\/www.polideas.it\/es\/wp-json\/wp\/v2\/product\/10588","targetHints":{"allow":["GET"]}}],"collection":[{"href":"http:\/\/www.polideas.it\/es\/wp-json\/wp\/v2\/product"}],"about":[{"href":"http:\/\/www.polideas.it\/es\/wp-json\/wp\/v2\/types\/product"}],"replies":[{"embeddable":true,"href":"http:\/\/www.polideas.it\/es\/wp-json\/wp\/v2\/comments?post=10588"}],"wp:featuredmedia":[{"embeddable":true,"href":"http:\/\/www.polideas.it\/es\/wp-json\/wp\/v2\/media\/7500"}],"wp:attachment":[{"href":"http:\/\/www.polideas.it\/es\/wp-json\/wp\/v2\/media?parent=10588"}],"wp:term":[{"taxonomy":"product_brand","embeddable":true,"href":"http:\/\/www.polideas.it\/es\/wp-json\/wp\/v2\/product_brand?post=10588"},{"taxonomy":"product_cat","embeddable":true,"href":"http:\/\/www.polideas.it\/es\/wp-json\/wp\/v2\/product_cat?post=10588"},{"taxonomy":"product_tag","embeddable":true,"href":"http:\/\/www.polideas.it\/es\/wp-json\/wp\/v2\/product_tag?post=10588"}],"curies":[{"name":"wp","href":"https:\/\/api.w.org\/{rel}","templated":true}]}}