{"id":10655,"date":"2022-02-28T22:00:22","date_gmt":"2022-02-28T21:00:22","guid":{"rendered":"https:\/\/www.polideas.it\/?post_type=product&#038;p=10655"},"modified":"2025-02-04T14:12:06","modified_gmt":"2025-02-04T13:12:06","slug":"diseno-de-muebles-karanfil-knob","status":"publish","type":"product","link":"http:\/\/www.polideas.it\/es\/en-2\/pomos-de-salon-tiradores\/diseno-de-muebles-karanfil-knob\/","title":{"rendered":"Pomo Karanfil - Pomo de dise\u00f1o m\u00f3vil"},"content":{"rendered":"<p>Parece un precioso anillo con incrustaciones de diamantes el <strong>Perilla Karanfil de Polideas<\/strong>el complemento perfecto para quienes buscan el detalle sofisticado, lujoso y refinado.<\/p>\n<p>Dedicado a quienes desean hacer de su sal\u00f3n o dormitorio muebles \u00fanicos y especiales, d\u00e1ndoles un aspecto decididamente lujoso, <strong>Karanfil <\/strong>es el pomo ideal para a\u00f1adir luz y refinamiento a los muebles m\u00e1s cl\u00e1sicos.<\/p>\n<p>Combina perfectamente con muebles de madera oscura, pero tambi\u00e9n con muebles modernos lacados a los que se desee dar un toque precioso.<\/p>\n<p>Con un di\u00e1metro de 48 mm y una profundidad de 21 mm, puede montarse en un instante, transformando decisivamente cualquier habitaci\u00f3n.<\/p>","protected":false},"excerpt":{"rendered":"<p>Sembra un anello prezioso tempestato di diamanti il Pomolo Karanfil di Polideas, complemento perfetto di chi cerca il dettaglio ricercato, lussuoso e raffinato. Dedicato a chi desidera rendere unici e speciali i mobili del salotto o della camera da letto, conferendogli un aspetto decisamente luxury, Karanfil \u00e8 il pomolo ideale per dare luce e raffinatezza [&#8230;]","protected":false},"featured_media":7780,"comment_status":"closed","ping_status":"closed","template":"","meta":{"_acf_changed":false},"product_brand":[],"product_cat":[47,377],"product_tag":[3101,3102,3103,3222,3223,3104,3105,3341,3342,3107,3108,3109,3111,3112,3113,3225,3114,3121,3115,3116,3228,3357,3117,3118,3347],"class_list":{"0":"post-10655","1":"product","2":"type-product","3":"status-publish","4":"has-post-thumbnail","6":"product_cat-maniglie-pomelli-camera-soggiorno","7":"product_cat-maniglie-pomelli-metallo","8":"product_tag-pomello","9":"product_tag-pomello-anta-mobile-soggiorno","10":"product_tag-pomello-anta-soggiorno","11":"product_tag-pomello-arredo","12":"product_tag-pomello-cassettiera","13":"product_tag-pomello-cassetto-soggiorno","14":"product_tag-pomello-design","15":"product_tag-pomello-diamanti","16":"product_tag-pomello-diamanti-mobile","17":"product_tag-pomello-mobile","18":"product_tag-pomello-mobile-soggiorno","19":"product_tag-pomello-per-mobile-soggiorno","20":"product_tag-pomello-soggiorno","21":"product_tag-pomolo","22":"product_tag-pomolo-al-miglior-prezzo","23":"product_tag-pomolo-anta","24":"product_tag-pomolo-anta-mobile","25":"product_tag-pomolo-armadio","26":"product_tag-pomolo-cassettiera","27":"product_tag-pomolo-cassetto","28":"product_tag-pomolo-estetico","29":"product_tag-pomolo-karanfil","30":"product_tag-pomolo-mobile","31":"product_tag-pomolo-mobile-arredamento","32":"product_tag-pomolo-perle-diamanti","34":"first","35":"instock","36":"taxable","37":"shipping-taxable","38":"purchasable","39":"product-type-simple"},"acf":[],"_links":{"self":[{"href":"http:\/\/www.polideas.it\/es\/wp-json\/wp\/v2\/product\/10655","targetHints":{"allow":["GET"]}}],"collection":[{"href":"http:\/\/www.polideas.it\/es\/wp-json\/wp\/v2\/product"}],"about":[{"href":"http:\/\/www.polideas.it\/es\/wp-json\/wp\/v2\/types\/product"}],"replies":[{"embeddable":true,"href":"http:\/\/www.polideas.it\/es\/wp-json\/wp\/v2\/comments?post=10655"}],"wp:featuredmedia":[{"embeddable":true,"href":"http:\/\/www.polideas.it\/es\/wp-json\/wp\/v2\/media\/7780"}],"wp:attachment":[{"href":"http:\/\/www.polideas.it\/es\/wp-json\/wp\/v2\/media?parent=10655"}],"wp:term":[{"taxonomy":"product_brand","embeddable":true,"href":"http:\/\/www.polideas.it\/es\/wp-json\/wp\/v2\/product_brand?post=10655"},{"taxonomy":"product_cat","embeddable":true,"href":"http:\/\/www.polideas.it\/es\/wp-json\/wp\/v2\/product_cat?post=10655"},{"taxonomy":"product_tag","embeddable":true,"href":"http:\/\/www.polideas.it\/es\/wp-json\/wp\/v2\/product_tag?post=10655"}],"curies":[{"name":"wp","href":"https:\/\/api.w.org\/{rel}","templated":true}]}}