{"id":10662,"date":"2022-02-28T22:00:23","date_gmt":"2022-02-28T21:00:23","guid":{"rendered":"https:\/\/www.polideas.it\/?post_type=product&#038;p=10662"},"modified":"2024-12-19T23:08:13","modified_gmt":"2024-12-19T22:08:13","slug":"tirador-de-cocina-alma-cuadrada-tirador-de-mueble-de-cocina-efecto-pan-de-plata-esponjado","status":"publish","type":"product","link":"http:\/\/www.polideas.it\/es\/en-2\/pomos-de-cocina-tiradores\/tirador-de-cocina-alma-cuadrada-tirador-de-mueble-de-cocina-efecto-pan-de-plata-esponjado\/","title":{"rendered":"Tirador cuadrado de cocina - Alma cuadrada - Tirador para muebles de cocina - Esponjado efecto hoja de plata"},"content":{"rendered":"","protected":false},"excerpt":{"rendered":"<p>Garantiza un agarre \u00f3ptimo del mango de cocina <strong>Alma cuadrada de Polideas<\/strong>Dise\u00f1ado para optimizar el espacio y minimizar el desorden, conserva un estilo \u00fanico y refinado.<\/p>\n<p>Gracias a su <strong>estilo minimalista y atemporal<\/strong>Es el complemento perfecto tanto para las cocinas m\u00e1s cl\u00e1sicas que necesitan un toque de novedad como para las cocinas m\u00e1s modernas que desean calentar el ambiente y hacerlo acogedor.<\/p>\n<p><strong>Disponible en versiones impresa en blanco, impresa en negro e impresa en transparente,<\/strong> es ideal sobre todo para quienes les gusta jugar con los matices b\u00e1sicos y desean una cocina sofisticada y lineal.<\/p>\n<p>Con una anchura de 45 mm y una profundidad de 25 mm, <strong>el asa Square Soul <\/strong>encaja perfectamente tanto en muebles ocultos como empotrados, sin dejar de ser c\u00f3modo de usar.<\/p>\n<p>&nbsp;<\/p>","protected":false},"featured_media":8044,"comment_status":"closed","ping_status":"closed","template":"","meta":{"_acf_changed":false},"product_brand":[],"product_cat":[37],"product_tag":[3149,3150,3151,3152,3153,3154,3155,3156,3199,3100,3159,3160,3161,3162],"class_list":{"0":"post-10662","1":"product","2":"type-product","3":"status-publish","4":"has-post-thumbnail","6":"product_cat-maniglie-pomelli-cucina","7":"product_tag-maniglia","8":"product_tag-maniglia-anta-cucina","9":"product_tag-maniglia-anta-mobile","10":"product_tag-maniglia-cassettiera","11":"product_tag-maniglia-cassetto","12":"product_tag-maniglia-cassetto-cucina","13":"product_tag-maniglia-cucina","14":"product_tag-maniglia-design","15":"product_tag-maniglia-interasse-32-mm","16":"product_tag-maniglia-mobile","17":"product_tag-maniglia-mobile-al-miglior-prezzo","18":"product_tag-maniglia-mobile-arredamento","19":"product_tag-maniglia-per-mobile-cucina","20":"product_tag-maniglie-colorate","22":"first","23":"outofstock","24":"taxable","25":"shipping-taxable","26":"purchasable","27":"product-type-simple"},"acf":[],"_links":{"self":[{"href":"http:\/\/www.polideas.it\/es\/wp-json\/wp\/v2\/product\/10662","targetHints":{"allow":["GET"]}}],"collection":[{"href":"http:\/\/www.polideas.it\/es\/wp-json\/wp\/v2\/product"}],"about":[{"href":"http:\/\/www.polideas.it\/es\/wp-json\/wp\/v2\/types\/product"}],"replies":[{"embeddable":true,"href":"http:\/\/www.polideas.it\/es\/wp-json\/wp\/v2\/comments?post=10662"}],"wp:featuredmedia":[{"embeddable":true,"href":"http:\/\/www.polideas.it\/es\/wp-json\/wp\/v2\/media\/8044"}],"wp:attachment":[{"href":"http:\/\/www.polideas.it\/es\/wp-json\/wp\/v2\/media?parent=10662"}],"wp:term":[{"taxonomy":"product_brand","embeddable":true,"href":"http:\/\/www.polideas.it\/es\/wp-json\/wp\/v2\/product_brand?post=10662"},{"taxonomy":"product_cat","embeddable":true,"href":"http:\/\/www.polideas.it\/es\/wp-json\/wp\/v2\/product_cat?post=10662"},{"taxonomy":"product_tag","embeddable":true,"href":"http:\/\/www.polideas.it\/es\/wp-json\/wp\/v2\/product_tag?post=10662"}],"curies":[{"name":"wp","href":"https:\/\/api.w.org\/{rel}","templated":true}]}}