{"id":10671,"date":"2022-02-28T22:00:24","date_gmt":"2022-02-28T21:00:24","guid":{"rendered":"https:\/\/www.polideas.it\/?post_type=product&#038;p=10671"},"modified":"2025-02-04T11:06:45","modified_gmt":"2025-02-04T10:06:45","slug":"tirador-de-armario-de-cocina-medio-fino","status":"publish","type":"product","link":"http:\/\/www.polideas.it\/es\/en-2\/pomos-de-cocina-tiradores\/tirador-de-armario-de-cocina-medio-fino\/","title":{"rendered":"Tirador de cocina medio fino - Tirador para muebles de cocina"},"content":{"rendered":"<p>Se caracteriza por un dise\u00f1o extremadamente refinado, esencial pero incisivo, <strong>el tirador de cocina Medium Thin de Polideas<\/strong>.<\/p>\n<p>Proporciona un agarre c\u00f3modo y seguro a pesar de la peque\u00f1a superficie que el <strong>mango Medio Fino<\/strong> que, con su estilo minimalista y elegante, se adapta perfectamente tanto a las cocinas cl\u00e1sicas como a las modernas.<\/p>\n<p><strong>Disponible en el elegante tono efecto n\u00edquel, <\/strong>Da un nuevo aire al mobiliario habitual y es un complemento perfecto para puertas y muebles tradicionales, adem\u00e1s de quedar oculto y empotrado, reduciendo el desorden.<\/p>\n<p>200 mm de ancho y 16 mm de alto, <strong>el mango medio fino<\/strong> se monta en un abrir y cerrar de ojos, lo que le permite renovar el dise\u00f1o de sus muebles de cocina con poco esfuerzo, y est\u00e1 especialmente recomendado con muebles de tama\u00f1o mediano a grande.<\/p>","protected":false},"excerpt":{"rendered":"<p>Si caratterizza per un design estremamente ricercato, essenziale ma incisivo, la maniglia cucina Medium Thin di Polideas. Garantisce una presa comoda e sicura nonostante la superficie contenuta la maniglia Medium Thin che, con il suo stile minimal ed elegante, si adatta perfettamente sia alle cucine classiche che a quelle moderne. Disponibile nell\u2019elegante nuance effetto nickel, [&#8230;]","protected":false},"featured_media":7406,"comment_status":"closed","ping_status":"closed","template":"","meta":{"_acf_changed":false},"product_brand":[],"product_cat":[37,377],"product_tag":[3149,3200,3150,3151,3209,3152,3153,3154,3155,3156,3229,3365,3100,3159,3160,3367,3368,3161,3369],"class_list":{"0":"post-10671","1":"product","2":"type-product","3":"status-publish","4":"has-post-thumbnail","6":"product_cat-maniglie-pomelli-cucina","7":"product_cat-maniglie-pomelli-metallo","8":"product_tag-maniglia","9":"product_tag-maniglia-anta","10":"product_tag-maniglia-anta-cucina","11":"product_tag-maniglia-anta-mobile","12":"product_tag-maniglia-arredo","13":"product_tag-maniglia-cassettiera","14":"product_tag-maniglia-cassetto","15":"product_tag-maniglia-cassetto-cucina","16":"product_tag-maniglia-cucina","17":"product_tag-maniglia-design","18":"product_tag-maniglia-interasse-192mm","19":"product_tag-maniglia-metallo","20":"product_tag-maniglia-mobile","21":"product_tag-maniglia-mobile-al-miglior-prezzo","22":"product_tag-maniglia-mobile-arredamento","23":"product_tag-maniglia-mobili","24":"product_tag-maniglia-mobili-cucina","25":"product_tag-maniglia-per-mobile-cucina","26":"product_tag-maniglia-salvaspazio","28":"first","29":"instock","30":"taxable","31":"shipping-taxable","32":"purchasable","33":"product-type-simple"},"acf":[],"_links":{"self":[{"href":"http:\/\/www.polideas.it\/es\/wp-json\/wp\/v2\/product\/10671","targetHints":{"allow":["GET"]}}],"collection":[{"href":"http:\/\/www.polideas.it\/es\/wp-json\/wp\/v2\/product"}],"about":[{"href":"http:\/\/www.polideas.it\/es\/wp-json\/wp\/v2\/types\/product"}],"replies":[{"embeddable":true,"href":"http:\/\/www.polideas.it\/es\/wp-json\/wp\/v2\/comments?post=10671"}],"wp:featuredmedia":[{"embeddable":true,"href":"http:\/\/www.polideas.it\/es\/wp-json\/wp\/v2\/media\/7406"}],"wp:attachment":[{"href":"http:\/\/www.polideas.it\/es\/wp-json\/wp\/v2\/media?parent=10671"}],"wp:term":[{"taxonomy":"product_brand","embeddable":true,"href":"http:\/\/www.polideas.it\/es\/wp-json\/wp\/v2\/product_brand?post=10671"},{"taxonomy":"product_cat","embeddable":true,"href":"http:\/\/www.polideas.it\/es\/wp-json\/wp\/v2\/product_cat?post=10671"},{"taxonomy":"product_tag","embeddable":true,"href":"http:\/\/www.polideas.it\/es\/wp-json\/wp\/v2\/product_tag?post=10671"}],"curies":[{"name":"wp","href":"https:\/\/api.w.org\/{rel}","templated":true}]}}