{"id":10672,"date":"2022-02-28T22:00:24","date_gmt":"2022-02-28T21:00:24","guid":{"rendered":"https:\/\/www.polideas.it\/?post_type=product&#038;p=10672"},"modified":"2025-09-20T17:03:29","modified_gmt":"2025-09-20T15:03:29","slug":"tirador-curvo-para-armario-de-cocina-pequeno","status":"publish","type":"product","link":"http:\/\/www.polideas.it\/es\/en-2\/asas-pomos-metalicos\/tirador-curvo-para-armario-de-cocina-pequeno\/","title":{"rendered":"Tirador de cocina curvo peque\u00f1o - Tirador para muebles de cocina"},"content":{"rendered":"<p>M\u00ednima y sinuosa, <strong>el tirador de cocina Curvy Small de Polideas<\/strong> revisa el concepto de asa centr\u00e1ndose especialmente en la optimizaci\u00f3n del espacio.<\/p>\n<p>Garantizando una huella m\u00ednima, el <strong>asa Curvy Small <\/strong>es ideal para quienes tienen una cocina peque\u00f1a y necesitan aprovechar al m\u00e1ximo el espacio, evitando que los pomos y tiradores se conviertan en un estorbo durante los desplazamientos.<\/p>\n<p><strong>Disponible en cromo pulido, <\/strong>es excelente para cajones y puertas peque\u00f1as.<\/p>\n<p>S\u00f3lo 147 mm de ancho y 17 mm de alto, <strong>el asa Curvy Small <\/strong>es f\u00e1cil de montar y proporciona un agarre s\u00f3lido y seguro a pesar de su peque\u00f1o tama\u00f1o.<\/p>","protected":false},"excerpt":{"rendered":"<p>Minimal e sinuosa, la maniglia cucina Curvy Small di Polideas rivisita il concetto di maniglia puntando molto all\u2019ottimizzazione degli spazi. Assicurando un ingombro minimo, la maniglia Curvy Small \u00e8 l\u2019ideale per chi ha una cucina piccolina e ha necessit\u00e0 di sfruttare al meglio gli spazi, evitando che pomelli e maniglie diventino un intralcio durante i [&#8230;]\n","protected":false},"featured_media":7385,"comment_status":"closed","ping_status":"closed","template":"","meta":{"_acf_changed":false},"product_brand":[],"product_cat":[37,377],"product_tag":[3149,3200,3150,3151,3209,3152,3153,3154,3155,3370,3156,3176,3365,3100,3159,3160,3161],"class_list":{"0":"post-10672","1":"product","2":"type-product","3":"status-publish","4":"has-post-thumbnail","6":"product_cat-maniglie-pomelli-cucina","7":"product_cat-maniglie-pomelli-metallo","8":"product_tag-maniglia","9":"product_tag-maniglia-anta","10":"product_tag-maniglia-anta-cucina","11":"product_tag-maniglia-anta-mobile","12":"product_tag-maniglia-arredo","13":"product_tag-maniglia-cassettiera","14":"product_tag-maniglia-cassetto","15":"product_tag-maniglia-cassetto-cucina","16":"product_tag-maniglia-cucina","17":"product_tag-maniglia-curva","18":"product_tag-maniglia-design","19":"product_tag-maniglia-interasse-128mm","20":"product_tag-maniglia-metallo","21":"product_tag-maniglia-mobile","22":"product_tag-maniglia-mobile-al-miglior-prezzo","23":"product_tag-maniglia-mobile-arredamento","24":"product_tag-maniglia-per-mobile-cucina","26":"first","27":"instock","28":"taxable","29":"shipping-taxable","30":"purchasable","31":"product-type-simple"},"acf":[],"_links":{"self":[{"href":"http:\/\/www.polideas.it\/es\/wp-json\/wp\/v2\/product\/10672","targetHints":{"allow":["GET"]}}],"collection":[{"href":"http:\/\/www.polideas.it\/es\/wp-json\/wp\/v2\/product"}],"about":[{"href":"http:\/\/www.polideas.it\/es\/wp-json\/wp\/v2\/types\/product"}],"replies":[{"embeddable":true,"href":"http:\/\/www.polideas.it\/es\/wp-json\/wp\/v2\/comments?post=10672"}],"wp:featuredmedia":[{"embeddable":true,"href":"http:\/\/www.polideas.it\/es\/wp-json\/wp\/v2\/media\/7385"}],"wp:attachment":[{"href":"http:\/\/www.polideas.it\/es\/wp-json\/wp\/v2\/media?parent=10672"}],"wp:term":[{"taxonomy":"product_brand","embeddable":true,"href":"http:\/\/www.polideas.it\/es\/wp-json\/wp\/v2\/product_brand?post=10672"},{"taxonomy":"product_cat","embeddable":true,"href":"http:\/\/www.polideas.it\/es\/wp-json\/wp\/v2\/product_cat?post=10672"},{"taxonomy":"product_tag","embeddable":true,"href":"http:\/\/www.polideas.it\/es\/wp-json\/wp\/v2\/product_tag?post=10672"}],"curies":[{"name":"wp","href":"https:\/\/api.w.org\/{rel}","templated":true}]}}