{"id":10676,"date":"2022-02-28T22:00:45","date_gmt":"2022-02-28T21:00:45","guid":{"rendered":"https:\/\/www.polideas.it\/?post_type=product&#038;p=10676"},"modified":"2026-03-14T14:12:08","modified_gmt":"2026-03-14T13:12:08","slug":"tirador-de-armario-de-cocina-minimal-d","status":"publish","type":"product","link":"http:\/\/www.polideas.it\/es\/en-2\/pomos-de-cocina-tiradores\/tirador-de-armario-de-cocina-minimal-d\/","title":{"rendered":"Tirador de cocina Minimal C - Tirador para muebles de cocina"},"content":{"rendered":"<p>Esencial y sinuoso, el <strong>Tirador de cocina Minimal D de Polideas<\/strong> destaca por su personalidad bien definida.<\/p>\n<p>Sencillo pero elegante, <strong>D m\u00ednimo<\/strong> es el tirador perfecto para quienes deseen renovar el dise\u00f1o de una cocina moderna, pero tambi\u00e9n para quienes quieran dar un toque moderno a una cocina cl\u00e1sica.<\/p>\n<p>Disponible en el refinado <strong>efecto cromo pulido<\/strong>, el tirador Minimal D proporciona un agarre pr\u00e1ctico y ergon\u00f3mico, es f\u00e1cil de montar y con su brillo realza cualquier puerta o caj\u00f3n.<\/p>\n<p>Con una anchura de 215 mm y una altura de 20 mm, garantiza la <strong>m\u00e1ximo respeto del espacio<\/strong> Perfecta para quienes no gustan de complementos demasiado voluminosos, pero a\u00fan as\u00ed desean un agarre s\u00f3lido.<\/p>","protected":false},"excerpt":{"rendered":"<p>Essenziale e sinuosa, la maniglia cucina Minimal D di Polideas si fa notare per la sua personalit\u00e0 ben definita. Semplice ma allo stesso tempo elegante, Minimal D \u00e8 la maniglia perfetta per chi desidera rinnovare il design di una cucina moderna, ma anche per chi vuole dare un tocco di modernit\u00e0 alla cucina classica. Disponibile [&#8230;]\n","protected":false},"featured_media":7393,"comment_status":"closed","ping_status":"closed","template":"","meta":{"_acf_changed":false},"product_brand":[],"product_cat":[37,377],"product_tag":[3149,3200,3150,3151,3209,3152,3153,3154,3388,3155,3156,3229,3372,3100,3159,3160,3161,3310],"class_list":{"0":"post-10676","1":"product","2":"type-product","3":"status-publish","4":"has-post-thumbnail","6":"product_cat-maniglie-pomelli-cucina","7":"product_cat-maniglie-pomelli-metallo","8":"product_tag-maniglia","9":"product_tag-maniglia-anta","10":"product_tag-maniglia-anta-cucina","11":"product_tag-maniglia-anta-mobile","12":"product_tag-maniglia-arredo","13":"product_tag-maniglia-cassettiera","14":"product_tag-maniglia-cassetto","15":"product_tag-maniglia-cassetto-cucina","16":"product_tag-maniglia-cromata-lucida","17":"product_tag-maniglia-cucina","18":"product_tag-maniglia-design","19":"product_tag-maniglia-interasse-192mm","20":"product_tag-maniglia-lucida","21":"product_tag-maniglia-mobile","22":"product_tag-maniglia-mobile-al-miglior-prezzo","23":"product_tag-maniglia-mobile-arredamento","24":"product_tag-maniglia-per-mobile-cucina","25":"product_tag-maniglia-polideas","27":"first","28":"instock","29":"taxable","30":"shipping-taxable","31":"purchasable","32":"product-type-simple"},"acf":[],"_links":{"self":[{"href":"http:\/\/www.polideas.it\/es\/wp-json\/wp\/v2\/product\/10676","targetHints":{"allow":["GET"]}}],"collection":[{"href":"http:\/\/www.polideas.it\/es\/wp-json\/wp\/v2\/product"}],"about":[{"href":"http:\/\/www.polideas.it\/es\/wp-json\/wp\/v2\/types\/product"}],"replies":[{"embeddable":true,"href":"http:\/\/www.polideas.it\/es\/wp-json\/wp\/v2\/comments?post=10676"}],"wp:featuredmedia":[{"embeddable":true,"href":"http:\/\/www.polideas.it\/es\/wp-json\/wp\/v2\/media\/7393"}],"wp:attachment":[{"href":"http:\/\/www.polideas.it\/es\/wp-json\/wp\/v2\/media?parent=10676"}],"wp:term":[{"taxonomy":"product_brand","embeddable":true,"href":"http:\/\/www.polideas.it\/es\/wp-json\/wp\/v2\/product_brand?post=10676"},{"taxonomy":"product_cat","embeddable":true,"href":"http:\/\/www.polideas.it\/es\/wp-json\/wp\/v2\/product_cat?post=10676"},{"taxonomy":"product_tag","embeddable":true,"href":"http:\/\/www.polideas.it\/es\/wp-json\/wp\/v2\/product_tag?post=10676"}],"curies":[{"name":"wp","href":"https:\/\/api.w.org\/{rel}","templated":true}]}}