{"id":10683,"date":"2022-02-28T22:00:46","date_gmt":"2022-02-28T21:00:46","guid":{"rendered":"https:\/\/www.polideas.it\/?post_type=product&#038;p=10683"},"modified":"2025-02-04T11:18:27","modified_gmt":"2025-02-04T10:18:27","slug":"zambak-mango-muebles-de-diseno-efecto-plata","status":"publish","type":"product","link":"http:\/\/www.polideas.it\/es\/en-2\/asas-pomos-metalicos\/zambak-mango-muebles-de-diseno-efecto-plata\/","title":{"rendered":"Asa Zambak - Asa de dise\u00f1o m\u00f3vil - Efecto plateado"},"content":{"rendered":"<p>Elegante y sinuosa, <strong>el mango Zambak de Polideas<\/strong> es algo m\u00e1s que un tirador: con su refinado dise\u00f1o de autor, es la soluci\u00f3n ideal para embellecer los muebles m\u00e1s antiguos y valiosos.<\/p>\n<p>Perfecto para los amantes de los complementos con efecto joya, <strong>Zambak<\/strong> recuerda con su forma a una clave de sol o a un elegante s\u00edmbolo de infinito cincelado y renovado en l\u00ednea.<\/p>\n<p>Disponible en el codiciado <strong>matices dorados y un efecto cromado decididamente chic<\/strong>Es la elecci\u00f3n ideal para embellecer y renovar con estilo el mobiliario habitual, d\u00e1ndole de inmediato un encanto muy especial.<\/p>","protected":false},"excerpt":{"rendered":"<p>Elegante e sinuosa, la maniglia Zambak di Polideas \u00e8 pi\u00f9 di una semplice maniglia: con il suo design d\u2019autore ricercato e raffinato \u00e8 la soluzione ideale per impreziosire i mobili pi\u00f9 antichi e pregiati. Perfetta per chi ama i complementi ad effetto gioiello, Zambak ricorda con la sua forma una chiave di violino o un [&#8230;]\n","protected":false},"featured_media":12031,"comment_status":"closed","ping_status":"closed","template":"","meta":{"_acf_changed":false},"product_brand":[],"product_cat":[377],"product_tag":[3149,3200,3151,3152,3153,3395,3176,3100,3159,3160,3310],"class_list":{"0":"post-10683","1":"product","2":"type-product","3":"status-publish","4":"has-post-thumbnail","6":"product_cat-maniglie-pomelli-metallo","7":"product_tag-maniglia","8":"product_tag-maniglia-anta","9":"product_tag-maniglia-anta-mobile","10":"product_tag-maniglia-cassettiera","11":"product_tag-maniglia-cassetto","12":"product_tag-maniglia-dorata","13":"product_tag-maniglia-interasse-128mm","14":"product_tag-maniglia-mobile","15":"product_tag-maniglia-mobile-al-miglior-prezzo","16":"product_tag-maniglia-mobile-arredamento","17":"product_tag-maniglia-polideas","19":"first","20":"instock","21":"taxable","22":"shipping-taxable","23":"purchasable","24":"product-type-simple"},"acf":[],"_links":{"self":[{"href":"http:\/\/www.polideas.it\/es\/wp-json\/wp\/v2\/product\/10683","targetHints":{"allow":["GET"]}}],"collection":[{"href":"http:\/\/www.polideas.it\/es\/wp-json\/wp\/v2\/product"}],"about":[{"href":"http:\/\/www.polideas.it\/es\/wp-json\/wp\/v2\/types\/product"}],"replies":[{"embeddable":true,"href":"http:\/\/www.polideas.it\/es\/wp-json\/wp\/v2\/comments?post=10683"}],"wp:featuredmedia":[{"embeddable":true,"href":"http:\/\/www.polideas.it\/es\/wp-json\/wp\/v2\/media\/12031"}],"wp:attachment":[{"href":"http:\/\/www.polideas.it\/es\/wp-json\/wp\/v2\/media?parent=10683"}],"wp:term":[{"taxonomy":"product_brand","embeddable":true,"href":"http:\/\/www.polideas.it\/es\/wp-json\/wp\/v2\/product_brand?post=10683"},{"taxonomy":"product_cat","embeddable":true,"href":"http:\/\/www.polideas.it\/es\/wp-json\/wp\/v2\/product_cat?post=10683"},{"taxonomy":"product_tag","embeddable":true,"href":"http:\/\/www.polideas.it\/es\/wp-json\/wp\/v2\/product_tag?post=10683"}],"curies":[{"name":"wp","href":"https:\/\/api.w.org\/{rel}","templated":true}]}}