{"id":10697,"date":"2022-02-28T22:00:48","date_gmt":"2022-02-28T21:00:48","guid":{"rendered":"https:\/\/www.polideas.it\/?post_type=product&#038;p=10697"},"modified":"2025-09-13T16:07:43","modified_gmt":"2025-09-13T14:07:43","slug":"diseno-de-muebles-de-mango-burak","status":"publish","type":"product","link":"http:\/\/www.polideas.it\/es\/en-2\/asas-pomos-metalicos\/diseno-de-muebles-de-mango-burak\/","title":{"rendered":"Asa Burak - Asa de dise\u00f1o m\u00f3vil"},"content":{"rendered":"<p>Elegante y sinuosa, <strong>el mango Burak de Polideas<\/strong> es algo m\u00e1s que un tirador: con su refinado dise\u00f1o de autor, es la soluci\u00f3n ideal para embellecer los muebles m\u00e1s antiguos y valiosos.<\/p>\n<p>Perfecto para los amantes de los complementos con efecto joya.<\/p>\n<p>Disponible <strong>con un efecto cromado decididamente chic<\/strong>Es la elecci\u00f3n ideal para embellecer y renovar con estilo el mobiliario habitual, d\u00e1ndole un encanto muy especial.<\/p>","protected":false},"excerpt":{"rendered":"<p>Elegante e sinuosa, la maniglia Burak di Polideas \u00e8 pi\u00f9 di una semplice maniglia: con il suo design d\u2019autore ricercato e raffinato \u00e8 la soluzione ideale per impreziosire i mobili pi\u00f9 antichi e pregiati. Perfetta per chi ama i complementi ad effetto gioiello. Disponibile con un effetto cromato decisamente chic, \u00e8 la scelta ideale per [&#8230;]\n","protected":false},"featured_media":7793,"comment_status":"closed","ping_status":"closed","template":"","meta":{"_acf_changed":false},"product_brand":[],"product_cat":[47,377],"product_tag":[3149,3200,3151,3173,3174,3307,3152,3153,3175,3308,3156,3293,3158,3100,3159,3160,3177,3178,3310,3179,3409],"class_list":{"0":"post-10697","1":"product","2":"type-product","3":"status-publish","4":"has-post-thumbnail","6":"product_cat-maniglie-pomelli-camera-soggiorno","7":"product_cat-maniglie-pomelli-metallo","8":"product_tag-maniglia","9":"product_tag-maniglia-anta","10":"product_tag-maniglia-anta-mobile","11":"product_tag-maniglia-anta-mobile-soggiorno","12":"product_tag-maniglia-anta-soggiorno","13":"product_tag-maniglia-arredo-moderno","14":"product_tag-maniglia-cassettiera","15":"product_tag-maniglia-cassetto","16":"product_tag-maniglia-cassetto-soggiorno","17":"product_tag-maniglia-cromata-mobile","18":"product_tag-maniglia-design","19":"product_tag-maniglia-design-mobile","20":"product_tag-maniglia-interasse-160mm","21":"product_tag-maniglia-mobile","22":"product_tag-maniglia-mobile-al-miglior-prezzo","23":"product_tag-maniglia-mobile-arredamento","24":"product_tag-maniglia-mobile-soggiorno","25":"product_tag-maniglia-per-mobile-soggiorno","26":"product_tag-maniglia-polideas","27":"product_tag-maniglia-soggiorno","28":"product_tag-maniglia-yakamoz","30":"first","31":"instock","32":"taxable","33":"shipping-taxable","34":"purchasable","35":"product-type-simple"},"acf":[],"_links":{"self":[{"href":"http:\/\/www.polideas.it\/es\/wp-json\/wp\/v2\/product\/10697","targetHints":{"allow":["GET"]}}],"collection":[{"href":"http:\/\/www.polideas.it\/es\/wp-json\/wp\/v2\/product"}],"about":[{"href":"http:\/\/www.polideas.it\/es\/wp-json\/wp\/v2\/types\/product"}],"replies":[{"embeddable":true,"href":"http:\/\/www.polideas.it\/es\/wp-json\/wp\/v2\/comments?post=10697"}],"wp:featuredmedia":[{"embeddable":true,"href":"http:\/\/www.polideas.it\/es\/wp-json\/wp\/v2\/media\/7793"}],"wp:attachment":[{"href":"http:\/\/www.polideas.it\/es\/wp-json\/wp\/v2\/media?parent=10697"}],"wp:term":[{"taxonomy":"product_brand","embeddable":true,"href":"http:\/\/www.polideas.it\/es\/wp-json\/wp\/v2\/product_brand?post=10697"},{"taxonomy":"product_cat","embeddable":true,"href":"http:\/\/www.polideas.it\/es\/wp-json\/wp\/v2\/product_cat?post=10697"},{"taxonomy":"product_tag","embeddable":true,"href":"http:\/\/www.polideas.it\/es\/wp-json\/wp\/v2\/product_tag?post=10697"}],"curies":[{"name":"wp","href":"https:\/\/api.w.org\/{rel}","templated":true}]}}