{"id":10706,"date":"2022-02-28T22:01:10","date_gmt":"2022-02-28T21:01:10","guid":{"rendered":"https:\/\/www.polideas.it\/?post_type=product&#038;p=10706"},"modified":"2025-02-03T10:54:07","modified_gmt":"2025-02-03T09:54:07","slug":"pie-macizo-para-armario-de-diseno-cromado-pulido","status":"publish","type":"product","link":"http:\/\/www.polideas.it\/es\/en-2\/pies-y-pies-moviles\/pie-macizo-para-armario-de-diseno-cromado-pulido\/","title":{"rendered":"Pie macizo - Pie para muebles de dise\u00f1o - Cromado pulido"},"content":{"rendered":"<p>Para personalizar muebles y armarios, lo ideal es optar por unos <strong>pies s\u00f3lidos y robustos<\/strong>pero que encajan perfectamente en el estilo de la propia casa.<\/p>\n<p>De hecho, los pies representan ese detalle \u00fanico y reconocible que permite uniformar las estancias sin renunciar a la elegancia.<\/p>\n<p><strong>Polideas Pie macizo<\/strong> es el complemento ideal para muebles m\u00e1s modernos, pero tambi\u00e9n para dar un toque de novedad a muebles de dise\u00f1o m\u00e1s tradicional, gracias a su dise\u00f1o ligeramente vintage.<\/p>\n<p>Disponible en cromo pulido y efecto aluminio.<\/p>","protected":false},"excerpt":{"rendered":"<p>Per personalizzare mobili e mobiletti, l\u2019ideale \u00e8 puntare su dei piedini solidi e robusti, ma che si adattino perfettamente allo stile della propria casa. I piedini rappresentano infatti quel dettaglio unico e riconoscibile che permette di uniformare gli ambienti senza rinunciare all\u2019eleganza. Piedino Solid di Polideas \u00e8 il complemento ideale dei mobili pi\u00f9 moderni, ma [&#8230;]\n","protected":false},"featured_media":13886,"comment_status":"closed","ping_status":"closed","template":"","meta":{"_acf_changed":false},"product_brand":[],"product_cat":[58],"product_tag":[3358,3359,3360,3361,3362,3363,3364],"class_list":{"0":"post-10706","1":"product","2":"type-product","3":"status-publish","4":"has-post-thumbnail","6":"product_cat-piedini-e-piedi-mobili","7":"product_tag-piede-per-mobile","8":"product_tag-piedini-per-mobili","9":"product_tag-piedino-design-mobile","10":"product_tag-piedino-mobile","11":"product_tag-piedino-mobile-cucina","12":"product_tag-piedino-mobile-salotto","13":"product_tag-piedino-mobile-soggiorno","15":"first","16":"instock","17":"taxable","18":"shipping-taxable","19":"purchasable","20":"product-type-simple"},"acf":[],"_links":{"self":[{"href":"http:\/\/www.polideas.it\/es\/wp-json\/wp\/v2\/product\/10706","targetHints":{"allow":["GET"]}}],"collection":[{"href":"http:\/\/www.polideas.it\/es\/wp-json\/wp\/v2\/product"}],"about":[{"href":"http:\/\/www.polideas.it\/es\/wp-json\/wp\/v2\/types\/product"}],"replies":[{"embeddable":true,"href":"http:\/\/www.polideas.it\/es\/wp-json\/wp\/v2\/comments?post=10706"}],"wp:featuredmedia":[{"embeddable":true,"href":"http:\/\/www.polideas.it\/es\/wp-json\/wp\/v2\/media\/13886"}],"wp:attachment":[{"href":"http:\/\/www.polideas.it\/es\/wp-json\/wp\/v2\/media?parent=10706"}],"wp:term":[{"taxonomy":"product_brand","embeddable":true,"href":"http:\/\/www.polideas.it\/es\/wp-json\/wp\/v2\/product_brand?post=10706"},{"taxonomy":"product_cat","embeddable":true,"href":"http:\/\/www.polideas.it\/es\/wp-json\/wp\/v2\/product_cat?post=10706"},{"taxonomy":"product_tag","embeddable":true,"href":"http:\/\/www.polideas.it\/es\/wp-json\/wp\/v2\/product_tag?post=10706"}],"curies":[{"name":"wp","href":"https:\/\/api.w.org\/{rel}","templated":true}]}}