{"id":10716,"date":"2022-02-28T22:01:11","date_gmt":"2022-02-28T21:01:11","guid":{"rendered":"https:\/\/www.polideas.it\/?post_type=product&#038;p=10716"},"modified":"2024-12-19T23:08:36","modified_gmt":"2024-12-19T22:08:36","slug":"composit-cubertero-organizador-cajon-cocina","status":"publish","type":"product","link":"http:\/\/www.polideas.it\/es\/en-2\/mobiliario\/composit-cubertero-organizador-cajon-cocina\/","title":{"rendered":"Cubertero Composit - Organizador para cajones de cocina"},"content":{"rendered":"","protected":false},"excerpt":{"rendered":"<p>He aqu\u00ed el complemento perfecto para mantener ordenados en todo momento peque\u00f1os platos como cubiertos o peque\u00f1os utensilios de cocina: el <strong>Cubertero Composit de Polideas.<\/strong><\/p>\n<p>Con un estilo esencial y una practicidad insuperable, tiene <strong>5 c\u00f3modos compartimentos<\/strong> de diferentes tama\u00f1os para guardar cuchillos, tenedores, cucharas y cucharillas, manteni\u00e9ndolos ordenados y separados entre s\u00ed.<\/p>\n<p>Perfecto para tener a mano en el fregadero, el <strong>Cubertero Composit<\/strong> tambi\u00e9n es ideal para guardarla en el caj\u00f3n de la cocina y sacarla cuando se necesite.<\/p>\n<p>Elegante, en su tonalidad de efecto met\u00e1lico, es tambi\u00e9n muy capaz y <strong>puede contener entre 40 y 45 cubiertos<\/strong>.<\/p>","protected":false},"featured_media":3251,"comment_status":"closed","ping_status":"closed","template":"","meta":{"_acf_changed":false},"product_brand":[],"product_cat":[2012],"product_tag":[3414,3415,3416,3417,3418,3419,3420,3421,3422,3423,3424],"class_list":{"0":"post-10716","1":"product","2":"type-product","3":"status-publish","4":"has-post-thumbnail","6":"product_cat-complementi-di-arredo","7":"product_tag-accessori-cassetti-cucina","8":"product_tag-box-cassettiera","9":"product_tag-box-prodotti-bagno-cassetto","10":"product_tag-contenitore-prodotti-cucina-cassetto","11":"product_tag-divisori-cassetto-cucina","12":"product_tag-divisorio-cassetto","13":"product_tag-organizer-cassetto","14":"product_tag-organizer-cassetto-cucina","15":"product_tag-organizer-per-cassetti","16":"product_tag-porta-posate","17":"product_tag-portaposate","19":"first","20":"instock","21":"taxable","22":"shipping-taxable","23":"purchasable","24":"product-type-simple"},"acf":[],"_links":{"self":[{"href":"http:\/\/www.polideas.it\/es\/wp-json\/wp\/v2\/product\/10716","targetHints":{"allow":["GET"]}}],"collection":[{"href":"http:\/\/www.polideas.it\/es\/wp-json\/wp\/v2\/product"}],"about":[{"href":"http:\/\/www.polideas.it\/es\/wp-json\/wp\/v2\/types\/product"}],"replies":[{"embeddable":true,"href":"http:\/\/www.polideas.it\/es\/wp-json\/wp\/v2\/comments?post=10716"}],"wp:featuredmedia":[{"embeddable":true,"href":"http:\/\/www.polideas.it\/es\/wp-json\/wp\/v2\/media\/3251"}],"wp:attachment":[{"href":"http:\/\/www.polideas.it\/es\/wp-json\/wp\/v2\/media?parent=10716"}],"wp:term":[{"taxonomy":"product_brand","embeddable":true,"href":"http:\/\/www.polideas.it\/es\/wp-json\/wp\/v2\/product_brand?post=10716"},{"taxonomy":"product_cat","embeddable":true,"href":"http:\/\/www.polideas.it\/es\/wp-json\/wp\/v2\/product_cat?post=10716"},{"taxonomy":"product_tag","embeddable":true,"href":"http:\/\/www.polideas.it\/es\/wp-json\/wp\/v2\/product_tag?post=10716"}],"curies":[{"name":"wp","href":"https:\/\/api.w.org\/{rel}","templated":true}]}}