{"id":10719,"date":"2022-02-28T22:01:12","date_gmt":"2022-02-28T21:01:12","guid":{"rendered":"https:\/\/www.polideas.it\/?post_type=product&#038;p=10719"},"modified":"2025-02-03T09:54:26","modified_gmt":"2025-02-03T08:54:26","slug":"percha-de-diseno-clasico-efecto-aluminio","status":"publish","type":"product","link":"http:\/\/www.polideas.it\/es\/en-2\/perchas-y-bolsas\/percha-de-diseno-clasico-efecto-aluminio\/","title":{"rendered":"Perchero cl\u00e1sico - Perchero de dise\u00f1o - Efecto aluminio"},"content":{"rendered":"<p>Uno de los accesorios de decoraci\u00f3n esenciales en todo hogar: el<strong>ap\u00e9ndice<\/strong>. Para que sea perfecto debe ser pr\u00e1ctico, funcional y con un dise\u00f1o que combine perfectamente con el mobiliario circundante.<\/p>\n<p>As\u00ed es como <strong>la percha Polideas Classic<\/strong>Dise\u00f1ado precisamente para satisfacer las necesidades de quienes buscan un complemento de calidad que combine practicidad de uso y dise\u00f1o de autor.<\/p>\n<p>Disponible en <strong>acabados en aluminio, transparente y con efecto de cristal opalino, <\/strong>la percha Classic tiene un di\u00e1metro de 90 mm y es perfecta para amueblar las paredes de salones, entradas y dormitorios con la m\u00e1xima solidez.<\/p>","protected":false},"excerpt":{"rendered":"<p>Uno dei complementi d\u2019arredo essenziali in ogni casa: l\u2019appendino. Per essere perfetto dev\u2019essere pratico, funzionale e con un design che si sposi alla perfezione con gli arredi circostanti. E\u2019 cos\u00ec che nasce l\u2019appendino Classic di Polideas, pensato proprio per soddisfare le esigenze di chi cerca un complemento di qualit\u00e0 che unisca praticit\u00e0 d\u2019uso e design [&#8230;]","protected":false},"featured_media":11447,"comment_status":"closed","ping_status":"closed","template":"","meta":{"_acf_changed":false},"product_brand":[],"product_cat":[84,2012],"product_tag":[3425,3426,3427,3428,3429,3430,3431,3432,3433,3434,3435,3436,3437],"class_list":{"0":"post-10719","1":"product","2":"type-product","3":"status-publish","4":"has-post-thumbnail","6":"product_cat-appendi_abiti-e-borse","7":"product_cat-complementi-di-arredo","8":"product_tag-appendi-abiti","9":"product_tag-appendi-abiti-camera","10":"product_tag-appendi-abiti-soggiorno","11":"product_tag-appendi-borsa","12":"product_tag-appendiabiti","13":"product_tag-appendiabiti-amazon","14":"product_tag-appendiabiti-bambini-amazon","15":"product_tag-appendiabiti-bambino","16":"product_tag-appendiabiti-colorato","17":"product_tag-appendiabiti-prezzo","18":"product_tag-appendino-abiti","19":"product_tag-attaccapanni","20":"product_tag-attaccapanni-bambini","22":"first","23":"instock","24":"taxable","25":"shipping-taxable","26":"purchasable","27":"product-type-simple"},"acf":[],"_links":{"self":[{"href":"http:\/\/www.polideas.it\/es\/wp-json\/wp\/v2\/product\/10719","targetHints":{"allow":["GET"]}}],"collection":[{"href":"http:\/\/www.polideas.it\/es\/wp-json\/wp\/v2\/product"}],"about":[{"href":"http:\/\/www.polideas.it\/es\/wp-json\/wp\/v2\/types\/product"}],"replies":[{"embeddable":true,"href":"http:\/\/www.polideas.it\/es\/wp-json\/wp\/v2\/comments?post=10719"}],"wp:featuredmedia":[{"embeddable":true,"href":"http:\/\/www.polideas.it\/es\/wp-json\/wp\/v2\/media\/11447"}],"wp:attachment":[{"href":"http:\/\/www.polideas.it\/es\/wp-json\/wp\/v2\/media?parent=10719"}],"wp:term":[{"taxonomy":"product_brand","embeddable":true,"href":"http:\/\/www.polideas.it\/es\/wp-json\/wp\/v2\/product_brand?post=10719"},{"taxonomy":"product_cat","embeddable":true,"href":"http:\/\/www.polideas.it\/es\/wp-json\/wp\/v2\/product_cat?post=10719"},{"taxonomy":"product_tag","embeddable":true,"href":"http:\/\/www.polideas.it\/es\/wp-json\/wp\/v2\/product_tag?post=10719"}],"curies":[{"name":"wp","href":"https:\/\/api.w.org\/{rel}","templated":true}]}}