{"id":10739,"date":"2022-02-28T22:01:36","date_gmt":"2022-02-28T21:01:36","guid":{"rendered":"https:\/\/www.polideas.it\/?post_type=product&#038;p=10739"},"modified":"2024-12-19T23:08:43","modified_gmt":"2024-12-19T22:08:43","slug":"perchero-habitacion-infantil-varilla-blanco","status":"publish","type":"product","link":"http:\/\/www.polideas.it\/es\/en-2\/perchas-y-bolsas\/perchero-habitacion-infantil-varilla-blanco\/","title":{"rendered":"Perchero habitaci\u00f3n infantil Tondino Blanco"},"content":{"rendered":"<h1>1. PR\u00c1CTICA<\/h1>\n<p class=\"p1\">La varilla es muy f\u00e1cil de montar, s\u00f3lo se necesitan 2 tornillos con espigas.<\/p>\n<p class=\"p1\">Esta simp\u00e1tica percha tambi\u00e9n es pr\u00e1ctica de utilizar gracias a su c\u00f3modo gancho redondeado, dise\u00f1ado espec\u00edficamente para sujetar mochilas y bolsos adem\u00e1s de ropa.<\/p>\n<h1>2. ROBUSTO<\/h1>\n<p class=\"p1\"><img loading=\"lazy\" decoding=\"async\" class=\"alignleft size-thumbnail wp-image-4513\" src=\"https:\/\/www.polideas.it\/wp-content\/uploads\/2013\/08\/tondino-portata-280x280.jpg\" alt=\"\" width=\"280\" height=\"280\" srcset=\"https:\/\/www.polideas.it\/wp-content\/uploads\/2013\/08\/tondino-portata-280x280.jpg 280w, https:\/\/www.polideas.it\/wp-content\/uploads\/2013\/08\/tondino-portata-400x400.jpg 400w, https:\/\/www.polideas.it\/wp-content\/uploads\/2013\/08\/tondino-portata-768x768.jpg 768w, https:\/\/www.polideas.it\/wp-content\/uploads\/2013\/08\/tondino-portata-247x247.jpg 247w, https:\/\/www.polideas.it\/wp-content\/uploads\/2013\/08\/tondino-portata-510x510.jpg 510w, https:\/\/www.polideas.it\/wp-content\/uploads\/2013\/08\/tondino-portata-100x100.jpg 100w, https:\/\/www.polideas.it\/wp-content\/uploads\/2013\/08\/tondino-portata.jpg 800w\" sizes=\"auto, (max-width: 280px) 100vw, 280px\" \/>La percha ha sido probada por los laboratorios Catas y Fisher:<\/p>\n<p class=\"p2\"><span class=\"s1\"><b>- Prueba Catas<\/b><\/span><\/p>\n<p>super\u00f3 las pruebas de resistencia a la tracci\u00f3n. La percha, fijada con dos tornillos a una placa inclinada a 45\u00b0, fue sometida a esfuerzos en el gancho, alcanzando la carga m\u00e1xima de 127 kg.<\/p>\n<p class=\"p2\"><span class=\"s1\"><b>- Prueba de Fischer<\/b><\/span><\/p>\n<p>super\u00f3 las pruebas de carga de cizallamiento.<\/p>\n<p>La percha, fijada con dos tornillos a una placa inclinada 90\u00b0, se tens\u00f3 en el gancho, alcanzando la carga m\u00e1xima de 300 kg.<\/p>\n<h1>3. SEGURO<\/h1>\n<p class=\"p1\"><span class=\"s1\"><b>- Sin bordes<\/b><\/span><\/p>\n<p>gracias a su dise\u00f1o suavemente curvado,<\/p>\n<p>es menos peligrosa para los ni\u00f1os que las perchas comunes del mercado<\/p>\n<p class=\"p1\"><span class=\"s1\"><b>- Sin piezas desmontables<\/b><\/span><\/p>\n<p>que pueden ser ingeridos por los ni\u00f1os peque\u00f1os.<\/p>\n<p class=\"p1\"><span class=\"s1\"><b>- No es t\u00f3xico<\/b><\/span><\/p>\n<p>La varilla no est\u00e1 pintada y la materia prima de construcci\u00f3n no es t\u00f3xica<\/p>\n<p class=\"p1\"><span class=\"s1\"><b>- \u00c8<span class=\"Apple-converted-space\">\u00a0\u00a0<\/span>ign\u00edfugo<\/b><\/span><\/p>\n<p>gracias a su material no inflamable.<\/p>\n<h1>4. COLOR<\/h1>\n<p class=\"p1\">Tondino est\u00e1 disponible en varios colores y versiones Fantasy.<\/p>\n<p>Elija el amigo de la percha que desee.<\/p>","protected":false},"excerpt":{"rendered":"<p><strong>La percha Tondino<\/strong> es una idea innovadora, dise\u00f1ada especialmente para los ni\u00f1os: colorida, sencilla y pr\u00e1ctica, tiene un aspecto alegre y simp\u00e1tico y puede colocarse en cualquier lugar.<\/p>\n<p><strong>En la versi\u00f3n verde<\/strong>Tondino es ideal para habitaciones infantiles amantes de la naturaleza amuebladas en estilo shabby o provenzal. Con su esp\u00edritu verde, tambi\u00e9n es perfecto en la cocina y el cuarto de ba\u00f1o, para dar un toque extra de alegr\u00eda.<\/p>\n<p>Con un dise\u00f1o redondeado \u00fanico, <strong>La ca\u00f1a est\u00e1 a salvo<\/strong> porque no tiene aristas.<\/p>\n<p>Tambi\u00e9n est\u00e1 hecho de <strong>caucho hipoalerg\u00e9nico<\/strong> y en pleno cumplimiento de la normativa europea REACH, garantizando as\u00ed la m\u00e1xima seguridad en cualquier situaci\u00f3n.<\/p>\n<p>&nbsp;<\/p>","protected":false},"featured_media":5873,"comment_status":"closed","ping_status":"closed","template":"","meta":{"_acf_changed":false},"product_brand":[],"product_cat":[84,371],"product_tag":[3425,3517,3489,3518,3429,3430,3491,3431,3492,3432,3519,3433,3434,3435,3520,3521,3496,3497,3522,3436,3437,3498],"class_list":{"0":"post-10739","1":"product","2":"type-product","3":"status-publish","4":"has-post-thumbnail","6":"product_cat-appendi_abiti-e-borse","7":"product_cat-appendi_abiti_bambini_tondino","8":"product_tag-appendi-abiti","9":"product_tag-appendi-abiti-bianco-bambini","10":"product_tag-appendi-abiti-cameretta-bambini","11":"product_tag-appendi-abiti-cameretta-bambini-bianco","12":"product_tag-appendiabiti","13":"product_tag-appendiabiti-amazon","14":"product_tag-appendiabiti-bambini","15":"product_tag-appendiabiti-bambini-amazon","16":"product_tag-appendiabiti-bambini-prezzo","17":"product_tag-appendiabiti-bambino","18":"product_tag-appendiabiti-bianco","19":"product_tag-appendiabiti-colorato","20":"product_tag-appendiabiti-prezzo","21":"product_tag-appendino-abiti","22":"product_tag-appendino-bambini","23":"product_tag-appendino-cameretta","24":"product_tag-appendino-cameretta-bambini","25":"product_tag-appendino-tondino","26":"product_tag-appendino-tondino-bianco","27":"product_tag-attaccapanni","28":"product_tag-attaccapanni-bambini","29":"product_tag-attaccapanni-colorato","31":"first","32":"instock","33":"taxable","34":"shipping-taxable","35":"purchasable","36":"product-type-simple"},"acf":[],"_links":{"self":[{"href":"http:\/\/www.polideas.it\/es\/wp-json\/wp\/v2\/product\/10739","targetHints":{"allow":["GET"]}}],"collection":[{"href":"http:\/\/www.polideas.it\/es\/wp-json\/wp\/v2\/product"}],"about":[{"href":"http:\/\/www.polideas.it\/es\/wp-json\/wp\/v2\/types\/product"}],"replies":[{"embeddable":true,"href":"http:\/\/www.polideas.it\/es\/wp-json\/wp\/v2\/comments?post=10739"}],"wp:featuredmedia":[{"embeddable":true,"href":"http:\/\/www.polideas.it\/es\/wp-json\/wp\/v2\/media\/5873"}],"wp:attachment":[{"href":"http:\/\/www.polideas.it\/es\/wp-json\/wp\/v2\/media?parent=10739"}],"wp:term":[{"taxonomy":"product_brand","embeddable":true,"href":"http:\/\/www.polideas.it\/es\/wp-json\/wp\/v2\/product_brand?post=10739"},{"taxonomy":"product_cat","embeddable":true,"href":"http:\/\/www.polideas.it\/es\/wp-json\/wp\/v2\/product_cat?post=10739"},{"taxonomy":"product_tag","embeddable":true,"href":"http:\/\/www.polideas.it\/es\/wp-json\/wp\/v2\/product_tag?post=10739"}],"curies":[{"name":"wp","href":"https:\/\/api.w.org\/{rel}","templated":true}]}}