{"id":10749,"date":"2022-02-28T22:01:37","date_gmt":"2022-02-28T21:01:37","guid":{"rendered":"https:\/\/www.polideas.it\/?post_type=product&#038;p=10749"},"modified":"2026-04-01T16:17:18","modified_gmt":"2026-04-01T14:17:18","slug":"pack-2-percheros-habitacion-infantil-varilla-azul","status":"publish","type":"product","link":"http:\/\/www.polideas.it\/es\/en-2\/perchas-y-bolsas\/pack-2-percheros-habitacion-infantil-varilla-azul\/","title":{"rendered":"Pack 2 Perchas Habitaci\u00f3n Infantil Tondino Azul"},"content":{"rendered":"<p><strong>La percha Tondino<\/strong> es una idea innovadora, dise\u00f1ada especialmente para los ni\u00f1os: colorida, sencilla y pr\u00e1ctica, tiene un aspecto alegre y simp\u00e1tico y puede colocarse en cualquier lugar.<\/p>\n<p>Con un dise\u00f1o redondeado \u00fanico, <strong>La ca\u00f1a est\u00e1 a salvo<\/strong> porque no tiene aristas.<\/p>\n<p>Tambi\u00e9n est\u00e1 hecho de <strong>caucho hipoalerg\u00e9nico<\/strong> y en pleno cumplimiento de la normativa europea REACH, garantizando as\u00ed la m\u00e1xima seguridad en cualquier situaci\u00f3n.<\/p>","protected":false},"excerpt":{"rendered":"<p>L\u2019appendino Tondino \u00e8 un\u2019idea innovativa, pensata appositamente per i bambini: colorato, semplice e pratico, ha un aspetto allegro e simpatico e pu\u00f2 essere posizionato ovunque. Dotato di un esclusivo design arrotondato, Tondino \u00e8 sicuro perch\u00e9 privo di spigoli. \u00c8 inoltre realizzato in gomma anallergica e nel pieno rispetto della normativa europea REACH, cos\u00ec da garantire [&#8230;]\n","protected":false},"featured_media":7274,"comment_status":"closed","ping_status":"closed","template":"","meta":{"_acf_changed":false},"product_brand":[],"product_cat":[84,443,371],"product_tag":[3425,3487,3429,3430,3491,3431,3492,3432,3493,3433,3434,3435,3534,3535,3494,3496,3536,3537,3538,3539,3436,3437,3498],"class_list":{"0":"post-10749","1":"product","2":"type-product","3":"status-publish","4":"has-post-thumbnail","6":"product_cat-appendi_abiti-e-borse","7":"product_cat-pack","8":"product_cat-appendi_abiti_bambini_tondino","9":"product_tag-appendi-abiti","10":"product_tag-appendi-abiti-blu","11":"product_tag-appendiabiti","12":"product_tag-appendiabiti-amazon","13":"product_tag-appendiabiti-bambini","14":"product_tag-appendiabiti-bambini-amazon","15":"product_tag-appendiabiti-bambini-prezzo","16":"product_tag-appendiabiti-bambino","17":"product_tag-appendiabiti-blu","18":"product_tag-appendiabiti-colorato","19":"product_tag-appendiabiti-prezzo","20":"product_tag-appendino-abiti","21":"product_tag-appendino-abiti-bambini-blu","22":"product_tag-appendino-abiti-bambino","23":"product_tag-appendino-blu","24":"product_tag-appendino-cameretta-bambini","25":"product_tag-appendino-cameretta-bambini-blu","26":"product_tag-appendino-polideas","27":"product_tag-appendino-scuole","28":"product_tag-appendino-sicuro-scuola","29":"product_tag-attaccapanni","30":"product_tag-attaccapanni-bambini","31":"product_tag-attaccapanni-colorato","33":"first","34":"instock","35":"taxable","36":"shipping-taxable","37":"purchasable","38":"product-type-simple"},"acf":[],"_links":{"self":[{"href":"http:\/\/www.polideas.it\/es\/wp-json\/wp\/v2\/product\/10749","targetHints":{"allow":["GET"]}}],"collection":[{"href":"http:\/\/www.polideas.it\/es\/wp-json\/wp\/v2\/product"}],"about":[{"href":"http:\/\/www.polideas.it\/es\/wp-json\/wp\/v2\/types\/product"}],"replies":[{"embeddable":true,"href":"http:\/\/www.polideas.it\/es\/wp-json\/wp\/v2\/comments?post=10749"}],"wp:featuredmedia":[{"embeddable":true,"href":"http:\/\/www.polideas.it\/es\/wp-json\/wp\/v2\/media\/7274"}],"wp:attachment":[{"href":"http:\/\/www.polideas.it\/es\/wp-json\/wp\/v2\/media?parent=10749"}],"wp:term":[{"taxonomy":"product_brand","embeddable":true,"href":"http:\/\/www.polideas.it\/es\/wp-json\/wp\/v2\/product_brand?post=10749"},{"taxonomy":"product_cat","embeddable":true,"href":"http:\/\/www.polideas.it\/es\/wp-json\/wp\/v2\/product_cat?post=10749"},{"taxonomy":"product_tag","embeddable":true,"href":"http:\/\/www.polideas.it\/es\/wp-json\/wp\/v2\/product_tag?post=10749"}],"curies":[{"name":"wp","href":"https:\/\/api.w.org\/{rel}","templated":true}]}}